{"id":95728,"date":"2024-01-03T15:38:53","date_gmt":"2024-06-13T14:32:29","guid":{"rendered":"https:\/\/poppers-online.ch\/produkt\/hankeys-toys-dildos-dragons-gode-anal\/"},"modified":"2024-06-13T16:32:29","modified_gmt":"2024-06-13T14:32:29","slug":"hankeys-toys-dildos-dragons-gode-anal","status":"publish","type":"product","link":"https:\/\/poppers-online.ch\/fr\/produit\/hankeys-toys-dildos-dragons-gode-anal\/","title":{"rendered":"Hankey&rsquo;s Toys DILDOS &amp; DRAGONS Gode anal"},"content":{"rendered":"","protected":false},"excerpt":{"rendered":"<p><span style=\"font-weight: 400;\">Le godemich\u00e9 DILDOS &amp; DRAGONS de Hankey&rsquo;s Toys vous emm\u00e8ne dans une aventure plus excitante que n&rsquo;importe quel ma\u00eetre du donjon. Ce serpent \u00e0 \u00e9cailles fouille les donjons les plus sombres et les grottes les plus profondes \u00e0 la recherche d&rsquo;une nouvelle maison pour son \u00e9norme proie. Aurez-vous le courage de vaincre son pouvoir et de revendiquer son tr\u00e9sor ? Ce jouet a un trou au bas de la base, ce qui le rend compatible avec Vac-U-Lock. Il peut \u00eatre utilis\u00e9 avec des machines \u00e0 baiser et avec d&rsquo;autres embouts Vac-U-Lock et strap-on. Texture : \u00e9cailleuse\/scaly.<\/span><\/p>\n<p>Hankey&rsquo;s Toys produit des godemich\u00e9s tr\u00e8s r\u00e9alistes aux dimensions disproportionn\u00e9es pour le plaisir sans limite des amateurs et des experts. De nombreux mod\u00e8les sont l&rsquo;image d&rsquo;un acteur porno tr\u00e8s bien \u00e9quip\u00e9 dans des dimensions extraordinaires. Tous les jouets Hankey&rsquo;s sont fabriqu\u00e9s \u00e0 la main \u00e0 partir de silicone de haute qualit\u00e9 durci au platine. Les godemich\u00e9s de la marque culte Hankey&rsquo;s Toys sont \u00e0 la fois massifs, lourds et incroyablement grands. Pour nous, les plus grands godemich\u00e9s anaux du monde jusqu&rsquo;\u00e0 pr\u00e9sent !<\/p>\n<p><b>DILDOS &amp; DRAGONS &#8211; SMALL\/MEDIUM<br \/>\n<\/b><span style=\"font-weight: 400;\">Circonf\u00e9rence \u00e0 la t\u00eate : 15.0cm<br \/>\n<\/span><span style=\"font-weight: 400;\">Circonf\u00e9rence au milieu : 17.7cm<br \/>\n<\/span><span style=\"font-weight: 400;\">Circonf\u00e9rence \u00e0 la base : 19.0cm<br \/>\n<\/span><span style=\"font-weight: 400;\">Longueur totale : 26.0cm<br \/>\n<\/span><span style=\"font-weight: 400;\">Longueur ins\u00e9rable : 19.7cm<br \/>\n<\/span><span style=\"font-weight: 400;\">Taille de l&rsquo;anneau Strap-On : 7.6cm<\/span><\/p>\n<p><b>DILDOS &amp; DRAGONS &#8211; LARGE<br \/>\n<\/b><span style=\"font-weight: 400;\">circonf\u00e9rence \u00e0 la t\u00eate : 18.0cm<br \/>\n<\/span><span style=\"font-weight: 400;\">Circonf\u00e9rence au milieu : 21.3cm<br \/>\n<\/span><span style=\"font-weight: 400;\">Circonf\u00e9rence \u00e0 la base : 21.6cm<br \/>\n<\/span><span style=\"font-weight: 400;\">Longueur totale : 30.0cm<br \/>\n<\/span><span style=\"font-weight: 400;\">Longueur ins\u00e9rable : 23.1cm<br \/>\n<\/span><span style=\"font-weight: 400;\">Taille de l&rsquo;anneau Strap-On : &#8211;<\/span><\/p>\n<p><b>DILDOS &amp; DRAGONS &#8211; XL<br \/>\n<\/b><span style=\"font-weight: 400;\">Circonf\u00e9rence \u00e0 la t\u00eate : 21.0cm<br \/>\n<\/span><span style=\"font-weight: 400;\">Circonf\u00e9rence au milieu : 24.7cm<br \/>\n<\/span><span style=\"font-weight: 400;\">Circonf\u00e9rence \u00e0 la base : 25.4cm<br \/>\n<\/span><span style=\"font-weight: 400;\">Longueur totale : 35.0cm<br \/>\n<\/span><span style=\"font-weight: 400;\">Longueur ins\u00e9rable : 26.6cm<br \/>\n<\/span><span style=\"font-weight: 400;\">Taille de l&rsquo;anneau Strap-On : &#8211;<\/span><\/p>\n<p><b>DILDOS &amp; DRAGONS &#8211; XXXL<br \/>\n<\/b><span style=\"font-weight: 400;\">Circonf\u00e9rence \u00e0 la t\u00eate : 23.8cm<br \/>\n<\/span><span style=\"font-weight: 400;\">Circonf\u00e9rence au milieu : 28.1cm<br \/>\n<\/span><span style=\"font-weight: 400;\">Circonf\u00e9rence \u00e0 la base : 29.8cm<br \/>\n<\/span><span style=\"font-weight: 400;\">Longueur totale : 39.0cm<br \/>\n<\/span><span style=\"font-weight: 400;\">Longueur ins\u00e9rable : 30.4cm<br \/>\n<\/span><span style=\"font-weight: 400;\">Taille de l&rsquo;anneau Strap-On : &#8211;<\/span><\/p>\n","protected":false},"featured_media":82714,"comment_status":"closed","ping_status":"closed","template":"","meta":{"_acf_changed":false,"iawp_total_views":17,"_glsr_average":0,"_glsr_ranking":0,"_glsr_reviews":0},"product_brand":[],"product_cat":[2085,171],"product_tag":[1917,1564],"class_list":{"0":"post-95728","1":"product","2":"type-product","3":"status-publish","4":"has-post-thumbnail","6":"product_cat-anal-play","7":"product_cat-sex-toys","8":"product_tag-hankeys-toys-dildos-dragons-anal-dildo-fr","9":"product_tag-honkeys-toys-boss-hogg-gode-anal-l-xl","11":"first","12":"instock","13":"sale","14":"taxable","15":"shipping-taxable","16":"purchasable","17":"product-type-variable","18":"has-default-attributes"},"acf":[],"_links":{"self":[{"href":"https:\/\/poppers-online.ch\/fr\/wp-json\/wp\/v2\/product\/95728","targetHints":{"allow":["GET"]}}],"collection":[{"href":"https:\/\/poppers-online.ch\/fr\/wp-json\/wp\/v2\/product"}],"about":[{"href":"https:\/\/poppers-online.ch\/fr\/wp-json\/wp\/v2\/types\/product"}],"replies":[{"embeddable":true,"href":"https:\/\/poppers-online.ch\/fr\/wp-json\/wp\/v2\/comments?post=95728"}],"wp:featuredmedia":[{"embeddable":true,"href":"https:\/\/poppers-online.ch\/fr\/wp-json\/wp\/v2\/media\/82714"}],"wp:attachment":[{"href":"https:\/\/poppers-online.ch\/fr\/wp-json\/wp\/v2\/media?parent=95728"}],"wp:term":[{"taxonomy":"product_brand","embeddable":true,"href":"https:\/\/poppers-online.ch\/fr\/wp-json\/wp\/v2\/product_brand?post=95728"},{"taxonomy":"product_cat","embeddable":true,"href":"https:\/\/poppers-online.ch\/fr\/wp-json\/wp\/v2\/product_cat?post=95728"},{"taxonomy":"product_tag","embeddable":true,"href":"https:\/\/poppers-online.ch\/fr\/wp-json\/wp\/v2\/product_tag?post=95728"}],"curies":[{"name":"wp","href":"https:\/\/api.w.org\/{rel}","templated":true}]}}