{"id":95247,"date":"2024-06-07T12:07:38","date_gmt":"2024-06-07T10:07:38","guid":{"rendered":"https:\/\/poppers-online.ch\/produkt\/zurich-berlin-pride-poppers-combo\/"},"modified":"2026-04-02T20:47:27","modified_gmt":"2026-04-02T18:47:27","slug":"zurich-berlin-pride-poppers-combo","status":"publish","type":"product","link":"https:\/\/poppers-online.ch\/fr\/produit\/zurich-berlin-pride-poppers-combo\/","title":{"rendered":"Zurich Berlin Pride Poppers Combo"},"content":{"rendered":"","protected":false},"excerpt":{"rendered":"<p>Le combo Zurich Pride Poppers comprend : 1x Z\u00fcrich Poppers 24ml, 1x Drecksau Extra Strong 30ml, 1x Berlin XXX Hardcore Super Strength 30ml. <g id=\"gid_0\">Z\u00fcrich Poppers 24ml<\/g> contient l\u2019ancien vrai nitrite de pentyle. Apr\u00e8s Amsterdam Poppers et Berlin Poppers, voici enfin Zurich Poppers. Zurich n\u2019est pas seulement synonyme de Zwingli, de Pestalozzi, du Sechsel\u00e4uten et du Knabenschiessen. Zurich est la m\u00e9tropole gay de Suisse et est consid\u00e9r\u00e9e comme la ville la plus gay-friendly du pays. C\u2019est pourquoi nous avons d\u00e9di\u00e9 le Z\u00fcrich Poppers d\u2019<g id=\"gid_1\">intensit\u00e9 6<\/g> \u00e0 cette ville que nous aimons par-dessus tout. Zurich, continue \u00e0 \u00eatre aussi ouverte avec nous tous.<\/p>\n<p>Le <strong>Poppers Extra Fort Drecksau 30ml<\/strong> r\u00e9veillera la truie qui sommeille en toi. Avec notre poppers de cochon extra fort, tu peux faire des choses coquines quand il s\u2019agit de sexe, de sexe anal, de sexe oral et de positions sexuelles inhabituelles. Il contient du nitrite d\u2019alkyle, appel\u00e9 nitrite d\u2019hexyle, consid\u00e9r\u00e9 comme le moins nocif pour la sant\u00e9. Le poppers Drecksau, d\u2019intensit\u00e9 6, fait partie des vari\u00e9t\u00e9s les plus fortes du march\u00e9 et est disponible dans un flacon de 30 ml avec un bouchon facile \u00e0 ouvrir. Repousse tes limites et lib\u00e8re-toi sans retenue avec le Poppers Extra Fort Drecksau.    <\/p>\n<p>Avec les XXX dans son nom, le <strong>BERLIN XXX Hardcore Poppers 30ml<\/strong> dit d\u00e9j\u00e0 tout. XXX est synonyme de sexe et de porno. Berlin est la capitale europ\u00e9enne du sexe et de l\u2019exub\u00e9rance dans les soir\u00e9es sexuelles, les bo\u00eetes de nuit et m\u00eame en plein air. Le poppers BERLIN XXX Hardcore 30ml contient du nitrite d\u2019alkyle class\u00e9 comme le moins nocif pour la sant\u00e9, appel\u00e9 nitrite d\u2019hexyle. Il fait partie des vari\u00e9t\u00e9s les plus fortes du march\u00e9 avec une intensit\u00e9 de 5 et est disponible en flacon de 30 ml avec un bouchon facile \u00e0 ouvrir. Profite des vibrations insolites et des recoins les plus secrets de Berlin, la capitale du sexe, avec le puissant BERLIN XXX Hardcore Poppers 30ml.     <\/p>\n","protected":false},"featured_media":95245,"comment_status":"open","ping_status":"closed","template":"","meta":{"_acf_changed":false,"iawp_total_views":92,"_glsr_average":0,"_glsr_ranking":0,"_glsr_reviews":0},"product_brand":[],"product_cat":[1046,76,77],"product_tag":[],"class_list":{"0":"post-95247","1":"product","2":"type-product","3":"status-publish","4":"has-post-thumbnail","6":"product_cat-poppers","7":"product_cat-paquets-economiques","8":"product_cat-grands-flacons","9":"pa_flaschenform-rond-petit","10":"pa_gewindegroesse-small","11":"pa_inhalt-combo","12":"pa_inhalt-30ml","13":"pa_inhalt-24ml","14":"pa_inhaltsstoffe-nitrite-de-pentyle","15":"pa_inhaltsstoffe-nitrite-dhexyle","16":"pa_marke-edition-oxy","17":"pa_marke-royal-hexagon-fr","18":"pa_staerke-91","20":"first","21":"instock","22":"sale","23":"taxable","24":"shipping-taxable","25":"purchasable","26":"product-type-simple"},"acf":[],"_links":{"self":[{"href":"https:\/\/poppers-online.ch\/fr\/wp-json\/wp\/v2\/product\/95247","targetHints":{"allow":["GET"]}}],"collection":[{"href":"https:\/\/poppers-online.ch\/fr\/wp-json\/wp\/v2\/product"}],"about":[{"href":"https:\/\/poppers-online.ch\/fr\/wp-json\/wp\/v2\/types\/product"}],"replies":[{"embeddable":true,"href":"https:\/\/poppers-online.ch\/fr\/wp-json\/wp\/v2\/comments?post=95247"}],"wp:featuredmedia":[{"embeddable":true,"href":"https:\/\/poppers-online.ch\/fr\/wp-json\/wp\/v2\/media\/95245"}],"wp:attachment":[{"href":"https:\/\/poppers-online.ch\/fr\/wp-json\/wp\/v2\/media?parent=95247"}],"wp:term":[{"taxonomy":"product_brand","embeddable":true,"href":"https:\/\/poppers-online.ch\/fr\/wp-json\/wp\/v2\/product_brand?post=95247"},{"taxonomy":"product_cat","embeddable":true,"href":"https:\/\/poppers-online.ch\/fr\/wp-json\/wp\/v2\/product_cat?post=95247"},{"taxonomy":"product_tag","embeddable":true,"href":"https:\/\/poppers-online.ch\/fr\/wp-json\/wp\/v2\/product_tag?post=95247"}],"curies":[{"name":"wp","href":"https:\/\/api.w.org\/{rel}","templated":true}]}}