{"id":94520,"date":"2024-05-27T13:35:47","date_gmt":"2024-05-27T11:35:47","guid":{"rendered":"https:\/\/poppers-online.ch\/produkt\/xtrm-biest-glow-in-the-dark-xxl-poppers-snffr-avec-boite-en-aluminium\/"},"modified":"2024-10-24T18:52:16","modified_gmt":"2024-10-24T16:52:16","slug":"xtrm-biest-glow-in-the-dark-xxl-poppers-snffr-avec-boite-en-aluminium","status":"publish","type":"product","link":"https:\/\/poppers-online.ch\/fr\/produit\/xtrm-biest-glow-in-the-dark-xxl-poppers-snffr-avec-boite-en-aluminium\/","title":{"rendered":"XTRM BIEST Glow in the Dark XXL POPPERS SNFFR avec bo\u00eete en aluminium"},"content":{"rendered":"","protected":false},"excerpt":{"rendered":"<p>Le <strong>XTRM BIEST Glow in the Dark XXL POPPERS SNFFR avec bo\u00eete en aluminium<\/strong> \u00e9tablit de nouvelles normes. Le BIEST est \u00e9quip\u00e9 d&rsquo;une ouverture XXL et d&rsquo;un canal triphas\u00e9 pour un effet explosif. Avec le XTRM BIEST, m\u00eame les plus durs d&rsquo;entre nous craquent. Dans l&rsquo;obscurit\u00e9, la b\u00eate s&rsquo;illumine d&rsquo;un <strong>effet vert fluo \u00ab\u00a0glow in the dark\u00a0\u00bb.<\/strong> Vous pouvez accrocher votre B\u00eate XTRM autour du cou avec une cha\u00eene ou un cordon en cuir pour \u00eatre toujours pr\u00eat. La B\u00eate XTRM est livr\u00e9e avec une bo\u00eete en aluminium dans laquelle vous pouvez conserver votre poppers de mani\u00e8re permanente.  Pour cela, nous te fournissons un couvercle de fermeture s\u00fbr. La canette en aluminium reste debout o\u00f9 vous la posez gr\u00e2ce au bouchon fourni. Conseil : utilisez votre b\u00eate avec trois <a href=\"https:\/\/poppers-online.ch\/produkt\/watte-sticks-gross-20-stueck\/\">b\u00e2tons de coton<\/a> tremp\u00e9s dans des poppers.  Vous pouvez \u00e9galement les commander chez nous.<\/p>\n","protected":false},"featured_media":94501,"comment_status":"open","ping_status":"closed","template":"","meta":{"_acf_changed":false,"iawp_total_views":11,"_glsr_average":0,"_glsr_ranking":0,"_glsr_reviews":0},"product_brand":[],"product_cat":[149,1297,1303,1305],"product_tag":[],"class_list":{"0":"post-94520","1":"product","2":"type-product","3":"status-publish","4":"has-post-thumbnail","6":"product_cat-accessoires-poppers","7":"product_cat-deopts-de-rangement","8":"product_cat-booster-caps","9":"product_cat-holders","11":"first","12":"instock","13":"taxable","14":"shipping-taxable","15":"purchasable","16":"product-type-simple"},"acf":[],"_links":{"self":[{"href":"https:\/\/poppers-online.ch\/fr\/wp-json\/wp\/v2\/product\/94520","targetHints":{"allow":["GET"]}}],"collection":[{"href":"https:\/\/poppers-online.ch\/fr\/wp-json\/wp\/v2\/product"}],"about":[{"href":"https:\/\/poppers-online.ch\/fr\/wp-json\/wp\/v2\/types\/product"}],"replies":[{"embeddable":true,"href":"https:\/\/poppers-online.ch\/fr\/wp-json\/wp\/v2\/comments?post=94520"}],"wp:featuredmedia":[{"embeddable":true,"href":"https:\/\/poppers-online.ch\/fr\/wp-json\/wp\/v2\/media\/94501"}],"wp:attachment":[{"href":"https:\/\/poppers-online.ch\/fr\/wp-json\/wp\/v2\/media?parent=94520"}],"wp:term":[{"taxonomy":"product_brand","embeddable":true,"href":"https:\/\/poppers-online.ch\/fr\/wp-json\/wp\/v2\/product_brand?post=94520"},{"taxonomy":"product_cat","embeddable":true,"href":"https:\/\/poppers-online.ch\/fr\/wp-json\/wp\/v2\/product_cat?post=94520"},{"taxonomy":"product_tag","embeddable":true,"href":"https:\/\/poppers-online.ch\/fr\/wp-json\/wp\/v2\/product_tag?post=94520"}],"curies":[{"name":"wp","href":"https:\/\/api.w.org\/{rel}","templated":true}]}}