{"id":94517,"date":"2024-05-27T12:55:34","date_gmt":"2024-05-27T11:42:59","guid":{"rendered":"https:\/\/poppers-online.ch\/produkt\/poppers-booster-cap-xtrm-double-small-leak-proof-glow-in-the-dark\/"},"modified":"2025-10-15T15:42:55","modified_gmt":"2025-10-15T13:42:55","slug":"poppers-booster-cap-xtrm-double-small-leak-proof-glow-in-the-dark","status":"publish","type":"product","link":"https:\/\/poppers-online.ch\/fr\/produit\/poppers-booster-cap-xtrm-double-small-leak-proof-glow-in-the-dark\/","title":{"rendered":"Poppers Booster Cap XTRM Double Small LEAK PROOF Glow in the Dark"},"content":{"rendered":"","protected":false},"excerpt":{"rendered":"<p><strong>Poppers Booster Cap XTRM Double Small LEAK PROOF Glow in the Dark.<\/strong>  Si le sniff de poppers est imm\u00e9diatement suivi d&rsquo;une agitation, il peut arriver que la bouteille de poppers soit renvers\u00e9e et qu&rsquo;elle se soit vid\u00e9e. L&rsquo;\u00e9quipe XTRM a d\u00e9velopp\u00e9 \u00e0 cet effet une ing\u00e9nieuse casquette Poppers Booster XTRM Double Small Blue LEAK PROOF anti-fuite et facile d&rsquo;utilisation avec bouton-pression. Tu visses le sniffer anti-fuite sur le flacon comme d&rsquo;habitude. Ce n&rsquo;est que lorsque tu appuies sur le bouton-poussoir situ\u00e9 sur le c\u00f4t\u00e9 du couvercle que le poppers s&rsquo;\u00e9coule de le flacon par le canal de kick. Lorsque tu rel\u00e2ches le bouton-poussoir, le sniffer est \u00e0 nouveau \u00e9tanche \u00e0 100% et le poppers reste dans la bouteille, m\u00eame si celle-ci se renverse parce qu&rsquo;il fait chaud en ce moment. Dans l&rsquo;obscurit\u00e9, la b\u00eate brille d&rsquo;un <strong>effet vert fluo \u00ab\u00a0glow in the dark\u00a0\u00bb.<\/strong><\/p>\n<p>Ce nouveau syst\u00e8me de fermeture avec bouton-poussoir est de grande qualit\u00e9, ce n&rsquo;est pas un produit de masse et il est fabriqu\u00e9 en Autriche avec beaucoup d&rsquo;engagement. Le Poppers Booster Cap XTRM Double Small Blue LEAK PROOF s&rsquo;adapte \u00e0 <strong>toutes les bouteilles de 10ml et 30ml de Lockerroom ainsi qu&rsquo;\u00e0 toutes les bouteilles de Shelbora, Royal Hexagon et Oxymoron.<\/strong> Profitez d&rsquo;un coup de fouet et d&rsquo;un confort suppl\u00e9mentaires lorsque vous tirez des poppers. Plus jamais de bouteilles de Poppers renvers\u00e9es, gr\u00e2ce \u00e0 la capsule anti-fuite Poppers Booster LEAK PROOF.<\/p>\n<p><strong>Conseil d&rsquo;utilisation :<\/strong> pour d\u00e9visser, tenez le LEAK PROOF par le bas, vissez avec pr\u00e9caution et ne serrez pas trop le filetage.<\/p>\n","protected":false},"featured_media":101634,"comment_status":"open","ping_status":"closed","template":"","meta":{"_acf_changed":false,"iawp_total_views":11,"_glsr_average":0,"_glsr_ranking":0,"_glsr_reviews":0},"product_brand":[],"product_cat":[149,1303],"product_tag":[],"class_list":{"0":"post-94517","1":"product","2":"type-product","3":"status-publish","4":"has-post-thumbnail","6":"product_cat-accessoires-poppers","7":"product_cat-booster-caps","8":"pa_booster-cap-gewindegroesse-pour-taille-de-filetage-small","10":"first","11":"instock","12":"taxable","13":"shipping-taxable","14":"purchasable","15":"product-type-simple"},"acf":[],"_links":{"self":[{"href":"https:\/\/poppers-online.ch\/fr\/wp-json\/wp\/v2\/product\/94517","targetHints":{"allow":["GET"]}}],"collection":[{"href":"https:\/\/poppers-online.ch\/fr\/wp-json\/wp\/v2\/product"}],"about":[{"href":"https:\/\/poppers-online.ch\/fr\/wp-json\/wp\/v2\/types\/product"}],"replies":[{"embeddable":true,"href":"https:\/\/poppers-online.ch\/fr\/wp-json\/wp\/v2\/comments?post=94517"}],"wp:featuredmedia":[{"embeddable":true,"href":"https:\/\/poppers-online.ch\/fr\/wp-json\/wp\/v2\/media\/101634"}],"wp:attachment":[{"href":"https:\/\/poppers-online.ch\/fr\/wp-json\/wp\/v2\/media?parent=94517"}],"wp:term":[{"taxonomy":"product_brand","embeddable":true,"href":"https:\/\/poppers-online.ch\/fr\/wp-json\/wp\/v2\/product_brand?post=94517"},{"taxonomy":"product_cat","embeddable":true,"href":"https:\/\/poppers-online.ch\/fr\/wp-json\/wp\/v2\/product_cat?post=94517"},{"taxonomy":"product_tag","embeddable":true,"href":"https:\/\/poppers-online.ch\/fr\/wp-json\/wp\/v2\/product_tag?post=94517"}],"curies":[{"name":"wp","href":"https:\/\/api.w.org\/{rel}","templated":true}]}}