{"id":93863,"date":"2024-05-18T14:12:50","date_gmt":"2024-05-18T12:22:09","guid":{"rendered":"https:\/\/poppers-online.ch\/produkt\/berlin-xxx-hardcore-poppers-30ml\/"},"modified":"2026-04-03T00:47:56","modified_gmt":"2026-04-02T22:47:56","slug":"berlin-xxx-hardcore-poppers-30ml","status":"publish","type":"product","link":"https:\/\/poppers-online.ch\/fr\/produit\/berlin-xxx-hardcore-poppers-30ml\/","title":{"rendered":"BERLIN XXX Hardcore Poppers 30ml"},"content":{"rendered":"","protected":false},"excerpt":{"rendered":"<p>Avec les XXX dans son nom, le <strong>BERLIN XXX Hardcore Poppers 30ml<\/strong> dit d\u00e9j\u00e0 tout. XXX est synonyme de sexe et de porno. Berlin est la capitale europ\u00e9enne du sexe et de l&rsquo;exub\u00e9rance dans les soir\u00e9es sexuelles, les bo\u00eetes de nuit et m\u00eame en plein air. Le poppers BERLIN XXX Hardcore 30ml contient du nitrite d&rsquo;alkyle class\u00e9 comme le moins nocif pour la sant\u00e9, appel\u00e9 nitrite d&rsquo;hexyle. Il fait partie des vari\u00e9t\u00e9s les plus fortes du march\u00e9 avec une force de 5 et est disponible en flacon de 30 ml avec un bouchon facile \u00e0 ouvrir. Profitez des vibrations insolites et des recoins les plus secrets de Berlin, la capitale du sexe, avec le puissant BERLIN XXX Hardcore Poppers 30ml.<\/p>\n","protected":false},"featured_media":93854,"comment_status":"open","ping_status":"closed","template":"","meta":{"_acf_changed":false,"iawp_total_views":22,"_glsr_average":0,"_glsr_ranking":0,"_glsr_reviews":0},"product_brand":[],"product_cat":[1046,77],"product_tag":[],"class_list":{"0":"post-93863","1":"product","2":"type-product","3":"status-publish","4":"has-post-thumbnail","6":"product_cat-poppers","7":"product_cat-grands-flacons","8":"pa_flaschenform-rond-grand","9":"pa_gewindegroesse-small","10":"pa_inhalt-30ml","11":"pa_inhaltsstoffe-nitrite-dhexyle","12":"pa_marke-royal-hexagon-fr","13":"pa_staerke-90","15":"first","16":"instock","17":"taxable","18":"shipping-taxable","19":"purchasable","20":"product-type-simple"},"acf":[],"_links":{"self":[{"href":"https:\/\/poppers-online.ch\/fr\/wp-json\/wp\/v2\/product\/93863","targetHints":{"allow":["GET"]}}],"collection":[{"href":"https:\/\/poppers-online.ch\/fr\/wp-json\/wp\/v2\/product"}],"about":[{"href":"https:\/\/poppers-online.ch\/fr\/wp-json\/wp\/v2\/types\/product"}],"replies":[{"embeddable":true,"href":"https:\/\/poppers-online.ch\/fr\/wp-json\/wp\/v2\/comments?post=93863"}],"wp:featuredmedia":[{"embeddable":true,"href":"https:\/\/poppers-online.ch\/fr\/wp-json\/wp\/v2\/media\/93854"}],"wp:attachment":[{"href":"https:\/\/poppers-online.ch\/fr\/wp-json\/wp\/v2\/media?parent=93863"}],"wp:term":[{"taxonomy":"product_brand","embeddable":true,"href":"https:\/\/poppers-online.ch\/fr\/wp-json\/wp\/v2\/product_brand?post=93863"},{"taxonomy":"product_cat","embeddable":true,"href":"https:\/\/poppers-online.ch\/fr\/wp-json\/wp\/v2\/product_cat?post=93863"},{"taxonomy":"product_tag","embeddable":true,"href":"https:\/\/poppers-online.ch\/fr\/wp-json\/wp\/v2\/product_tag?post=93863"}],"curies":[{"name":"wp","href":"https:\/\/api.w.org\/{rel}","templated":true}]}}