{"id":93860,"date":"2024-05-18T13:12:42","date_gmt":"2024-05-18T12:22:05","guid":{"rendered":"https:\/\/poppers-online.ch\/produkt\/vampire-spit-extra-strong-poppers-30ml\/"},"modified":"2025-11-16T23:01:31","modified_gmt":"2025-11-16T22:01:31","slug":"vampire-spit-extra-strong-poppers-30ml","status":"publish","type":"product","link":"https:\/\/poppers-online.ch\/fr\/produit\/vampire-spit-extra-strong-poppers-30ml\/","title":{"rendered":"Vampire Spit Extra Strong Poppers 30ml"},"content":{"rendered":"","protected":false},"excerpt":{"rendered":"<p>Le <strong>VAMPIRE SPIT Extra Strong Poppers 30ml<\/strong> fait de vous le vampire brutal de la nuit. Avec notre poppers VAMPIRE SPIT extra strong, vous deviendrez une cr\u00e9ature nocturne suceuse et endurante.<\/p>\n<p>Il contient du nitrite d&rsquo;alkyle, appel\u00e9 nitrite d&rsquo;hexyle, qui est consid\u00e9r\u00e9 comme le moins nocif pour la sant\u00e9. Le poppers VAMPIRE SPIT, de force 6, fait partie des vari\u00e9t\u00e9s les plus fortes du march\u00e9 et est disponible en flacon de 30 ml avec un bouchon facile \u00e0 ouvrir. Repoussez vos limites de plaisir et sentez les pouvoirs surnaturels du vampire en vous.<\/p>\n","protected":false},"featured_media":93840,"comment_status":"open","ping_status":"closed","template":"","meta":{"_acf_changed":false,"iawp_total_views":5,"_glsr_average":0,"_glsr_ranking":0,"_glsr_reviews":0},"product_brand":[],"product_cat":[1046,77],"product_tag":[],"class_list":{"0":"post-93860","1":"product","2":"type-product","3":"status-publish","4":"has-post-thumbnail","6":"product_cat-poppers","7":"product_cat-grands-flacons","8":"pa_flaschenform-rond-grand","9":"pa_gewindegroesse-small","10":"pa_inhalt-30ml","11":"pa_inhaltsstoffe-nitrite-dhexyle","12":"pa_marke-royal-hexagon-fr","13":"pa_staerke-91","15":"first","16":"instock","17":"taxable","18":"shipping-taxable","19":"purchasable","20":"product-type-simple"},"acf":[],"_links":{"self":[{"href":"https:\/\/poppers-online.ch\/fr\/wp-json\/wp\/v2\/product\/93860","targetHints":{"allow":["GET"]}}],"collection":[{"href":"https:\/\/poppers-online.ch\/fr\/wp-json\/wp\/v2\/product"}],"about":[{"href":"https:\/\/poppers-online.ch\/fr\/wp-json\/wp\/v2\/types\/product"}],"replies":[{"embeddable":true,"href":"https:\/\/poppers-online.ch\/fr\/wp-json\/wp\/v2\/comments?post=93860"}],"wp:featuredmedia":[{"embeddable":true,"href":"https:\/\/poppers-online.ch\/fr\/wp-json\/wp\/v2\/media\/93840"}],"wp:attachment":[{"href":"https:\/\/poppers-online.ch\/fr\/wp-json\/wp\/v2\/media?parent=93860"}],"wp:term":[{"taxonomy":"product_brand","embeddable":true,"href":"https:\/\/poppers-online.ch\/fr\/wp-json\/wp\/v2\/product_brand?post=93860"},{"taxonomy":"product_cat","embeddable":true,"href":"https:\/\/poppers-online.ch\/fr\/wp-json\/wp\/v2\/product_cat?post=93860"},{"taxonomy":"product_tag","embeddable":true,"href":"https:\/\/poppers-online.ch\/fr\/wp-json\/wp\/v2\/product_tag?post=93860"}],"curies":[{"name":"wp","href":"https:\/\/api.w.org\/{rel}","templated":true}]}}