{"id":93780,"date":"2024-05-16T13:59:05","date_gmt":"2024-05-16T15:32:42","guid":{"rendered":"https:\/\/poppers-online.ch\/produkt\/colt-xxxl-bouchon-de-pompe-avec-pantalon-detachable\/"},"modified":"2024-05-16T17:32:42","modified_gmt":"2024-05-16T15:32:42","slug":"colt-xxxl-bouchon-de-pompe-avec-pantalon-detachable","status":"publish","type":"product","link":"https:\/\/poppers-online.ch\/fr\/produit\/colt-xxxl-bouchon-de-pompe-avec-pantalon-detachable\/","title":{"rendered":"COLT XXXL Bouchon de pompe avec pantalon d\u00e9tachable"},"content":{"rendered":"","protected":false},"excerpt":{"rendered":"<p>Les pionniers du plaisir masculin ont encore r\u00e9ussi avec le <strong>COLT XXXL Pumper Plug with Detachable Hose<\/strong>. Cette sonde unique offre un plaisir surdimensionn\u00e9 avec un corps gonflable, une balle facile \u00e0 presser et qui reste gonfl\u00e9e m\u00eame lorsque le tuyau est retir\u00e9 ! Pour gonfler votre extase, il vous suffit de fixer le tuyau et de pomper la balle facile \u00e0 presser. Une fois que vous avez atteint la taille souhait\u00e9e, la sonde conserve sa taille m\u00eame lorsque le tube est retir\u00e9, et le bouton de lib\u00e9ration rapide de l&rsquo;air permet un d\u00e9gonflage et un retrait en douceur. Pour profiter pleinement du monde excitant du plaisir anal, cette sonde rebondie est gonfl\u00e9e uniform\u00e9ment pour fournir une stimulation de la taille d&rsquo;un homme. La sonde en silicone flexible a la quantit\u00e9 parfaite de flexibilit\u00e9 pour se plier et se d\u00e9placer naturellement avec votre corps. La puissante base \u00e0 ventouse est parfaite pour le plaisir cr\u00e9atif, la sonde peut \u00eatre utilis\u00e9e avec ou sans vaisselle ou \u00eatre mont\u00e9e sur une surface plane pour passer un moment diablement agr\u00e9able. La sonde flexible, le tube et la balle sont en silicone sans soudure avec des valves de sortie en plastique ABS. Avant d&rsquo;\u00eatre gonfl\u00e9, le bouchon en silicone a une taille totale de 6,25&Prime; x 1,75&Prime; (13,25 cm x 3,75 cm).<\/p>\n<p>&nbsp;<\/p>\n<div class=\"info-block--item\">\n<div>Longueur totale : 16 cm<\/div>\n<\/div>\n<div class=\"info-block--item\">\n<div>Diam\u00e8tre : 4,5 cm<\/div>\n<\/div>\n<div class=\"info-block--item\">\n<div>Mat\u00e9riau : Silicone (connecteur, tube, ampoule), ABS (valves de d\u00e9clenchement)<\/div>\n<\/div>\n","protected":false},"featured_media":93683,"comment_status":"closed","ping_status":"closed","template":"","meta":{"_acf_changed":false,"iawp_total_views":26,"_glsr_average":0,"_glsr_ranking":0,"_glsr_reviews":0},"product_brand":[],"product_cat":[2085,171],"product_tag":[],"class_list":{"0":"post-93780","1":"product","2":"type-product","3":"status-publish","4":"has-post-thumbnail","6":"product_cat-anal-play","7":"product_cat-sex-toys","9":"first","10":"instock","11":"taxable","12":"shipping-taxable","13":"purchasable","14":"product-type-simple"},"acf":[],"_links":{"self":[{"href":"https:\/\/poppers-online.ch\/fr\/wp-json\/wp\/v2\/product\/93780","targetHints":{"allow":["GET"]}}],"collection":[{"href":"https:\/\/poppers-online.ch\/fr\/wp-json\/wp\/v2\/product"}],"about":[{"href":"https:\/\/poppers-online.ch\/fr\/wp-json\/wp\/v2\/types\/product"}],"replies":[{"embeddable":true,"href":"https:\/\/poppers-online.ch\/fr\/wp-json\/wp\/v2\/comments?post=93780"}],"wp:featuredmedia":[{"embeddable":true,"href":"https:\/\/poppers-online.ch\/fr\/wp-json\/wp\/v2\/media\/93683"}],"wp:attachment":[{"href":"https:\/\/poppers-online.ch\/fr\/wp-json\/wp\/v2\/media?parent=93780"}],"wp:term":[{"taxonomy":"product_brand","embeddable":true,"href":"https:\/\/poppers-online.ch\/fr\/wp-json\/wp\/v2\/product_brand?post=93780"},{"taxonomy":"product_cat","embeddable":true,"href":"https:\/\/poppers-online.ch\/fr\/wp-json\/wp\/v2\/product_cat?post=93780"},{"taxonomy":"product_tag","embeddable":true,"href":"https:\/\/poppers-online.ch\/fr\/wp-json\/wp\/v2\/product_tag?post=93780"}],"curies":[{"name":"wp","href":"https:\/\/api.w.org\/{rel}","templated":true}]}}