{"id":93774,"date":"2024-05-16T13:37:34","date_gmt":"2024-05-16T11:37:34","guid":{"rendered":"https:\/\/poppers-online.ch\/produkt\/colt-turbo-bullet-rechargeable\/"},"modified":"2024-10-25T14:09:14","modified_gmt":"2024-10-25T12:09:14","slug":"colt-turbo-bullet-rechargeable","status":"publish","type":"product","link":"https:\/\/poppers-online.ch\/fr\/produit\/colt-turbo-bullet-rechargeable\/","title":{"rendered":"COLT Turbo Bullet rechargeable"},"content":{"rendered":"","protected":false},"excerpt":{"rendered":"<p>Les professionnels du plaisir de la puissance de Colt ont mis \u00e0 jour des designs classiques avec des performances passionnantes pour cr\u00e9er le <strong>COLT Rechargeable Turbo Bullet de<\/strong> Colt. La boule \u00e0 10 fonctions offre des actions circulaires intenses qui vous feront revenir encore et encore. La boule vrombissante est parfaite pour taquiner toutes les zones \u00e9rog\u00e8nes avec des sensations profondes et circulaires. Rechargez la boule premium en 1,5 heure avec le c\u00e2ble de charge USB fourni pour profiter de 55 minutes de stimulation rapide ou de 80 minutes de vibrations lentes. Alors que les boutons simples contr\u00f4lent l&rsquo;intensit\u00e9, la puce m\u00e9moire high-tech int\u00e9gr\u00e9e se souvient de la fa\u00e7on dont vous pr\u00e9f\u00e9rez faire les choses, en d\u00e9marrant avec la derni\u00e8re fonction utilis\u00e9e. Profitez de cette boule tournoyante dans l&rsquo;eau ou en dehors.<\/p>\n<p>&nbsp;<\/p>\n<p><strong>Information suppl\u00e9mentaire :<\/strong><\/p>\n<ul>\n<li>10 fonctions d&rsquo;action circulaire intense<\/li>\n<li>Une puce m\u00e9moire de pointe d\u00e9marre avec la derni\u00e8re fonction utilis\u00e9e<\/li>\n<li>Fonction de verrouillage de s\u00e9curit\u00e9 &#8211; Maintenez enfonc\u00e9 pendant 3 secondes pour activer ou d\u00e9sactiver la fonction<\/li>\n<li>Rechargeable par USB &#8211; c\u00e2ble de recharge inclus<\/li>\n<li>Charge compl\u00e8te en 1,5 heure<\/li>\n<li>Fonctionnement pendant 55 minutes \u00e0 haute vitesse et 80 minutes \u00e0 basse vitesse<\/li>\n<\/ul>\n<p>&nbsp;<\/p>\n<p><strong>Dimensions du produit<\/strong>: 7.5 x 3.25 cm<br \/>\nVibrant : Oui <strong>Modes de vibration<\/strong>: 10<br \/>\nR\u00e9sistance \u00e0 l&rsquo;eau : \u00c9tanche<br \/>\nMat\u00e9riau : ABS Plastic \/ Metallic Plating<br \/>\nRechargeable : Oui<br \/>\nDur\u00e9e d&rsquo;utilisation en minutes : 80<br \/>\nTemps de charge en minutes : 90<br \/>\nChauffage : Non<\/p>\n","protected":false},"featured_media":93656,"comment_status":"closed","ping_status":"closed","template":"","meta":{"_acf_changed":false,"iawp_total_views":7,"_glsr_average":0,"_glsr_ranking":0,"_glsr_reviews":0},"product_brand":[],"product_cat":[2085,171],"product_tag":[],"class_list":{"0":"post-93774","1":"product","2":"type-product","3":"status-publish","4":"has-post-thumbnail","6":"product_cat-anal-play","7":"product_cat-sex-toys","9":"first","10":"instock","11":"taxable","12":"shipping-taxable","13":"purchasable","14":"product-type-simple"},"acf":[],"_links":{"self":[{"href":"https:\/\/poppers-online.ch\/fr\/wp-json\/wp\/v2\/product\/93774","targetHints":{"allow":["GET"]}}],"collection":[{"href":"https:\/\/poppers-online.ch\/fr\/wp-json\/wp\/v2\/product"}],"about":[{"href":"https:\/\/poppers-online.ch\/fr\/wp-json\/wp\/v2\/types\/product"}],"replies":[{"embeddable":true,"href":"https:\/\/poppers-online.ch\/fr\/wp-json\/wp\/v2\/comments?post=93774"}],"wp:featuredmedia":[{"embeddable":true,"href":"https:\/\/poppers-online.ch\/fr\/wp-json\/wp\/v2\/media\/93656"}],"wp:attachment":[{"href":"https:\/\/poppers-online.ch\/fr\/wp-json\/wp\/v2\/media?parent=93774"}],"wp:term":[{"taxonomy":"product_brand","embeddable":true,"href":"https:\/\/poppers-online.ch\/fr\/wp-json\/wp\/v2\/product_brand?post=93774"},{"taxonomy":"product_cat","embeddable":true,"href":"https:\/\/poppers-online.ch\/fr\/wp-json\/wp\/v2\/product_cat?post=93774"},{"taxonomy":"product_tag","embeddable":true,"href":"https:\/\/poppers-online.ch\/fr\/wp-json\/wp\/v2\/product_tag?post=93774"}],"curies":[{"name":"wp","href":"https:\/\/api.w.org\/{rel}","templated":true}]}}