{"id":93769,"date":"2024-05-16T14:38:43","date_gmt":"2024-05-16T15:32:33","guid":{"rendered":"https:\/\/poppers-online.ch\/produkt\/pompe-a-penis-bathmate-hydromax-8-bleue\/"},"modified":"2024-10-21T16:46:04","modified_gmt":"2024-10-21T14:46:04","slug":"pompe-a-penis-bathmate-hydromax-8-bleue","status":"publish","type":"product","link":"https:\/\/poppers-online.ch\/fr\/produit\/pompe-a-penis-bathmate-hydromax-8-bleue\/","title":{"rendered":"Pompe \u00e0 p\u00e9nis Bathmate HYDROMAX 8 bleue"},"content":{"rendered":"","protected":false},"excerpt":{"rendered":"<p>La <strong>pompe \u00e0 p\u00e9nis Bathmate HYDROMAX 8 Bleu<\/strong> de Bathmate est le produit d&rsquo;hydro-vide le plus efficace au monde sur le march\u00e9. En utilisant de l&rsquo;eau au lieu de l&rsquo;air, la pompe Hydromax brevet\u00e9e fournit une pression uniforme autour de votre p\u00e9nis, ce qui permet une expansion r\u00e9guli\u00e8re des tissus. Cette conception r\u00e9volutionnaire augmente la taille et la circonf\u00e9rence de votre p\u00e9nis avec des r\u00e9sultats \u00e0 long terme. Elle am\u00e9liore \u00e9galement le flux sanguin dans votre p\u00e9nis, ce qui entra\u00eene des \u00e9rections plus dures, m\u00eame lorsque la pompe n&rsquo;est pas utilis\u00e9e.<\/p>\n<h2>La pompe \u00e0 p\u00e9nis HYDROMAX 8 est-elle adapt\u00e9e \u00e0 mon cas ?<\/h2>\n<p>Lorsque vous achetez une pompe \u00e0 p\u00e9nis, vous devez vous assurer que la taille de votre p\u00e9nis correspond \u00e0 celle de la pompe. Pour obtenir un effet optimal gr\u00e2ce au vide, vous devez choisir la bonne taille de pompe. Mesurez donc bien avant d&rsquo;acheter en ligne. Pour la pompe \u00e0 p\u00e9nis HYDROMAX 8, votre p\u00e9nis en \u00e9rection doit mesurer entre 15 et 20 cm de long et s&rsquo;y adapter confortablement. Si vous choisissez un mod\u00e8le trop grand de la pompe \u00e0 p\u00e9nis \u00e0 base d&rsquo;eau de Bathmate, celle-ci g\u00e9n\u00e9rera moins de pression n\u00e9gative. Votre p\u00e9nis se d\u00e9veloppera plus lentement, voire pas du tout. Soyez donc honn\u00eate avec vous-m\u00eame lorsque vous prenez vos mesures ! Pour les pompes \u00e0 p\u00e9nis Bathmate, vous pouvez vous r\u00e9f\u00e9rer au chiffre indiqu\u00e9 dans le nom du produit. Celui-ci indique la longueur maximale du p\u00e9nis en pouces. Pour l&rsquo;HYDROMAX 8, il s&rsquo;agit de 8 pouces (environ 20 cm). Si votre verge mesure entre 12 et 18 cm, soit 7 pouces (environ 18 cm) au maximum, vous devriez choisir l&rsquo;Hydromax7. Si la nature vous a fait de riches cadeaux, alors le mod\u00e8le 9 pour jusqu&rsquo;\u00e0 9 pouces (environ 23 cm) est le bon choix.<\/p>\n<h2>Comment fonctionne exactement la pompe \u00e0 p\u00e9nis BATHMATE ?<\/h2>\n<p>Lors d&rsquo;une \u00e9rection, le sang afflue dans les corps caverneux de votre p\u00e9nis. Cela le rend plus rigide et plus long. Selon que vous avez un p\u00e9nis de sang ou de chair, la croissance en longueur et en circonf\u00e9rence est diff\u00e9rente. Plus le sang peut circuler dans les vaisseaux sanguins, ou plus les vaisseaux sanguins peuvent \u00eatre dilat\u00e9s, plus votre meilleur morceau gagne en longueur et en circonf\u00e9rence.<\/p>\n<h3>Quels sont les avantages de la pompe \u00e0 p\u00e9nis BATHMATE par rapport aux mod\u00e8les traditionnels ?<\/h3>\n<p>BATHMATE est une pompe \u00e0 p\u00e9nis \u00e0 base d&rsquo;eau qui utilise de l&rsquo;eau (d&rsquo;o\u00f9 le terme \u00ab\u00a0hydro\u00a0\u00bb dans le nom du produit) plut\u00f4t que de l&rsquo;air. L&rsquo;eau assure une pression uniforme autour du p\u00e9nis et provoque ainsi une dilatation r\u00e9guli\u00e8re des tissus. La valve de verrouillage Super Flow emp\u00eache l&rsquo;eau de sortir de la valve et maintient une pression optimale.<\/p>\n<h2>Comment utiliser efficacement la pompe \u00e0 p\u00e9nis BATHMATE HYDROMAX 8 ?<\/h2>\n<p>Cette pompe \u00e0 p\u00e9nis est con\u00e7ue pour \u00eatre utilis\u00e9e sous la douche ou dans le bain. Pour une exp\u00e9rience optimale, allongez-vous dans la baignoire. Vous n&rsquo;aurez pas \u00e0 vous soucier des fuites d&rsquo;eau. Il n&rsquo;est pas agr\u00e9able de s&rsquo;asseoir ou de marcher avec le BATHMATE rempli. De plus, le cylindre rempli d&rsquo;eau peut atteindre un certain poids. Remplissez la pompe \u00e0 p\u00e9nis d&rsquo;eau. Introduisez votre membre flasque, en semi-\u00e9rection ou en \u00e9rection. L&rsquo;\u00e9tat id\u00e9al d\u00e9pend de votre pr\u00e9f\u00e9rence personnelle. Commencez ensuite \u00e0 pomper l&rsquo;eau \u00e0 l&rsquo;aide de la poire de pompage compressible jusqu&rsquo;\u00e0 ce que l&rsquo;eau ne sorte plus de la valve. La pression ou le vide ne doit pas \u00eatre trop \u00e9lev\u00e9. Il est tentant, surtout pour les d\u00e9butants, d&rsquo;obtenir un agrandissement maximal du p\u00e9nis en exer\u00e7ant une pression importante. En tant que d\u00e9butant, vous ne devez pas exag\u00e9rer. La d\u00e9pression optimale est atteinte lorsque le cylindre \u00e0 vide de votre pompe \u00e0 p\u00e9nis s&rsquo;est fix\u00e9 \u00e0 la racine du p\u00e9nis et que le tube ne tombe pas.<\/p>\n<h2>\u00c0 quoi dois-je faire attention avec les pompes \u00e0 p\u00e9nis ?<\/h2>\n<p>En tant que d\u00e9butant, n&rsquo;utilisez pas la pompe \u00e0 p\u00e9nis plus de 15 minutes. Vous pouvez \u00e9galement interrompre votre entra\u00eenement du p\u00e9nis, retirer la pompe et la remettre en place. L&rsquo;id\u00e9al est de l&rsquo;utiliser tous les deux jours. Vous obtiendrez ainsi un agrandissement durable de votre p\u00e9nis. Arr\u00eatez de pomper le p\u00e9nis avec Bathmate si vous ressentez une douleur ou une g\u00eane. Les diab\u00e9tiques, les \u00e9pileptiques, les personnes atteintes de scl\u00e9rose en plaques et les personnes souffrant de probl\u00e8mes cardiaques doivent imp\u00e9rativement consulter un m\u00e9decin avant toute utilisation.<\/p>\n<h2>Quelles sont les am\u00e9liorations que je peux obtenir avec la pompe \u00e0 p\u00e9nis BATHMATE ?<\/h2>\n<p>Vous pouvez obtenir ces am\u00e9liorations en pratiquant un entra\u00eenement r\u00e9gulier du p\u00e9nis :<\/p>\n<ul>\n<li>Agrandissement du p\u00e9nis : on peut s&rsquo;attendre \u00e0 un gain de longueur d&rsquo;environ 15% en \u00e9rection. L&rsquo;augmentation ne concerne pas seulement la longueur. Vous pouvez obtenir une plus grande circonf\u00e9rence du p\u00e9nis et une meilleure performance sexuelle. L&rsquo;augmentation de la circonf\u00e9rence peut aller jusqu&rsquo;\u00e0 2 cm.<\/li>\n<li>Des \u00e9rections impressionnantes : L&rsquo;utilisation de la pompe \u00e0 p\u00e9nis augmente la taille des vaisseaux sanguins du corps caverneux. Plus de sang afflue dans votre meilleur morceau, ce qui vous permet de profiter d&rsquo;\u00e9rections plus dures.<\/li>\n<li>La pompe \u00e0 p\u00e9nis permet \u00e9galement de corriger une l\u00e9g\u00e8re courbure du p\u00e9nis.<\/li>\n<li>Augmentation de la libido : les utilisateurs exp\u00e9riment\u00e9s rapportent une augmentation de la libido et une am\u00e9lioration de la qualit\u00e9 de vie.<\/li>\n<\/ul>\n<h2>Qu&rsquo;arrive-t-il \u00e0 mon p\u00e9nis si je n&rsquo;utilise plus la pompe ?<\/h2>\n<p>Un entra\u00eenement r\u00e9gulier avec BATHMATE donne \u00e0 votre meilleur morceau plus de longueur et de volume. Si vous arr\u00eatez de vous entra\u00eener, c&rsquo;est un peu comme si vous faisiez de la musculation dans une salle de sport. Vous perdrez probablement les gains que vous avez faits. Mais pas de panique, vous ne reviendrez pas en dessous de votre niveau initial.<\/p>\n<h2>Comment nettoyer et conserver les pompes \u00e0 p\u00e9nis ?<\/h2>\n<p>Apr\u00e8s utilisation, la pompe \u00e0 p\u00e9nis doit \u00eatre nettoy\u00e9e \u00e0 l&rsquo;eau ti\u00e8de et avec un d\u00e9tergent doux. \u00c9vitez les produits de nettoyage agressifs, qui attaquent le mat\u00e9riau. La pompe \u00e0 p\u00e9nis ne doit pas non plus \u00eatre plac\u00e9e dans le lave-vaisselle. L&rsquo;id\u00e9al est d&rsquo;utiliser une brosse cylindrique avec \u00e9ponge ou une brosse avec une \u00e9ponge cylindrique. Les brosses pour bouteilles \u00e0 poils durs rayent la surface en plastique. Laissez la pompe BATHMATE bien s\u00e9cher apr\u00e8s le nettoyage. Utilisez pour cela un chiffon propre. Rangez-la ensuite, si possible, dans son emballage d&rsquo;origine ou dans un sac en tissu. N&rsquo;exposez pas le produit \u00e0 la lumi\u00e8re directe du soleil. Les rayons UV fragilisent le plastique et peuvent provoquer des fissures.<\/p>\n<h2>Ce que vous devez savoir sur les produits BATHMATE<\/h2>\n<p>John Oakes, ing\u00e9nieur en m\u00e9canique, a commenc\u00e9 \u00e0 d\u00e9velopper des pompes p\u00e9niennes en 2004. Il s&rsquo;est rapidement rendu compte que les pompes \u00e0 vide \u00e0 base d&rsquo;air n&rsquo;\u00e9taient pas la solution optimale. Il s&rsquo;est donc tourn\u00e9 vers les pompes hydrauliques \u00e0 base d&rsquo;eau, qui donnaient de meilleurs r\u00e9sultats. En 2006, le l\u00e9gendaire mod\u00e8le Hercules de BATHMATE a \u00e9t\u00e9 lanc\u00e9 sur le march\u00e9. Depuis lors, les pompes \u00e0 p\u00e9nis BATHMATE ont \u00e9t\u00e9 constamment d\u00e9velopp\u00e9es et am\u00e9lior\u00e9es. La nouvelle pompe p\u00e9nienne HYDROMAX 8, brevet\u00e9e, succ\u00e8de au mod\u00e8le Hercules et convainc par sa technologie unique d&rsquo;hydropompage. Les pompes BATHMATE sont des produits de qualit\u00e9 et sont fabriqu\u00e9es au Royaume-Uni. Des accessoires et des pi\u00e8ces de rechange sont disponibles. Vous pourrez ainsi profiter longtemps de votre pompe \u00e0 p\u00e9nis.<\/p>\n<h2>Informations suppl\u00e9mentaires sur la pompe p\u00e9nienne Bathmate<\/h2>\n<div>\n<ul>\n<li>Am\u00e9liorations \u00e9prouv\u00e9es et durables de la vigueur sexuelle.<\/li>\n<li>De meilleures \u00e9rections et une meilleure endurance sexuelle.<\/li>\n<li>S&rsquo;adapte aux tailles 6 &#8211; 8 pouces (15 &#8211; 20 cm).<\/li>\n<li>Certifi\u00e9 sans danger pour la peau.<\/li>\n<li>Utiliser dans le bain ou la douche.<\/li>\n<li>Vanne d&rsquo;arr\u00eat Superflow.<\/li>\n<li>Fabriqu\u00e9 en Grande-Bretagne<\/li>\n<\/ul>\n<\/div>\n","protected":false},"featured_media":93703,"comment_status":"closed","ping_status":"closed","template":"","meta":{"_acf_changed":false,"iawp_total_views":14,"_glsr_average":0,"_glsr_ranking":0,"_glsr_reviews":0},"product_brand":[],"product_cat":[2097,171],"product_tag":[],"class_list":{"0":"post-93769","1":"product","2":"type-product","3":"status-publish","4":"has-post-thumbnail","6":"product_cat-agrandir-penis","7":"product_cat-sex-toys","9":"first","10":"instock","11":"taxable","12":"shipping-taxable","13":"purchasable","14":"product-type-simple"},"acf":[],"_links":{"self":[{"href":"https:\/\/poppers-online.ch\/fr\/wp-json\/wp\/v2\/product\/93769","targetHints":{"allow":["GET"]}}],"collection":[{"href":"https:\/\/poppers-online.ch\/fr\/wp-json\/wp\/v2\/product"}],"about":[{"href":"https:\/\/poppers-online.ch\/fr\/wp-json\/wp\/v2\/types\/product"}],"replies":[{"embeddable":true,"href":"https:\/\/poppers-online.ch\/fr\/wp-json\/wp\/v2\/comments?post=93769"}],"wp:featuredmedia":[{"embeddable":true,"href":"https:\/\/poppers-online.ch\/fr\/wp-json\/wp\/v2\/media\/93703"}],"wp:attachment":[{"href":"https:\/\/poppers-online.ch\/fr\/wp-json\/wp\/v2\/media?parent=93769"}],"wp:term":[{"taxonomy":"product_brand","embeddable":true,"href":"https:\/\/poppers-online.ch\/fr\/wp-json\/wp\/v2\/product_brand?post=93769"},{"taxonomy":"product_cat","embeddable":true,"href":"https:\/\/poppers-online.ch\/fr\/wp-json\/wp\/v2\/product_cat?post=93769"},{"taxonomy":"product_tag","embeddable":true,"href":"https:\/\/poppers-online.ch\/fr\/wp-json\/wp\/v2\/product_tag?post=93769"}],"curies":[{"name":"wp","href":"https:\/\/api.w.org\/{rel}","templated":true}]}}