{"id":93619,"date":"2024-05-16T12:03:41","date_gmt":"2024-05-16T10:03:41","guid":{"rendered":"https:\/\/poppers-online.ch\/produkt\/poppers-extra-forts-drecksau-30ml\/"},"modified":"2026-04-10T09:24:28","modified_gmt":"2026-04-10T07:24:28","slug":"poppers-extra-forts-drecksau-30ml","status":"publish","type":"product","link":"https:\/\/poppers-online.ch\/fr\/produit\/poppers-extra-forts-drecksau-30ml\/","title":{"rendered":"Poppers Extra Fort Drecksau 30ml"},"content":{"rendered":"","protected":false},"excerpt":{"rendered":"<p>Le <strong>Poppers Extra Fort Drecksau 30ml<\/strong> r\u00e9veillera la truie qui sommeille en vous. Avec notre poppers de cochon extra fort, vous pouvez faire des choses coquines quand il s&rsquo;agit de sexe, de sexe anal, de sexe oral et de positions sexuelles inhabituelles. Il contient du nitrite d&rsquo;alkyle, appel\u00e9 nitrite d&rsquo;hexyle, qui est consid\u00e9r\u00e9 comme le moins nocif pour la sant\u00e9. Le poppers Drecksau, de force 6, fait partie des vari\u00e9t\u00e9s les plus fortes du march\u00e9 et est disponible dans un flacon de 30 ml avec un bouchon facile \u00e0 ouvrir. Repoussez vos limites et lib\u00e9rez-vous sans retenue avec le Poppers Extra Fort Drecksau.<\/p>\n","protected":false},"featured_media":93616,"comment_status":"open","ping_status":"closed","template":"","meta":{"_acf_changed":false,"iawp_total_views":96,"_glsr_average":0,"_glsr_ranking":0,"_glsr_reviews":0},"product_brand":[],"product_cat":[1046,77],"product_tag":[],"class_list":{"0":"post-93619","1":"product","2":"type-product","3":"status-publish","4":"has-post-thumbnail","6":"product_cat-poppers","7":"product_cat-grands-flacons","8":"pa_flaschenform-rond-grand","9":"pa_gewindegroesse-small","10":"pa_inhalt-30ml","11":"pa_inhaltsstoffe-nitrite-dhexyle","12":"pa_marke-royal-hexagon-fr","13":"pa_staerke-91","15":"first","16":"instock","17":"taxable","18":"shipping-taxable","19":"purchasable","20":"product-type-simple"},"acf":[],"_links":{"self":[{"href":"https:\/\/poppers-online.ch\/fr\/wp-json\/wp\/v2\/product\/93619","targetHints":{"allow":["GET"]}}],"collection":[{"href":"https:\/\/poppers-online.ch\/fr\/wp-json\/wp\/v2\/product"}],"about":[{"href":"https:\/\/poppers-online.ch\/fr\/wp-json\/wp\/v2\/types\/product"}],"replies":[{"embeddable":true,"href":"https:\/\/poppers-online.ch\/fr\/wp-json\/wp\/v2\/comments?post=93619"}],"wp:featuredmedia":[{"embeddable":true,"href":"https:\/\/poppers-online.ch\/fr\/wp-json\/wp\/v2\/media\/93616"}],"wp:attachment":[{"href":"https:\/\/poppers-online.ch\/fr\/wp-json\/wp\/v2\/media?parent=93619"}],"wp:term":[{"taxonomy":"product_brand","embeddable":true,"href":"https:\/\/poppers-online.ch\/fr\/wp-json\/wp\/v2\/product_brand?post=93619"},{"taxonomy":"product_cat","embeddable":true,"href":"https:\/\/poppers-online.ch\/fr\/wp-json\/wp\/v2\/product_cat?post=93619"},{"taxonomy":"product_tag","embeddable":true,"href":"https:\/\/poppers-online.ch\/fr\/wp-json\/wp\/v2\/product_tag?post=93619"}],"curies":[{"name":"wp","href":"https:\/\/api.w.org\/{rel}","templated":true}]}}