{"id":93579,"date":"2024-05-15T13:06:43","date_gmt":"2024-05-15T19:38:44","guid":{"rendered":"https:\/\/poppers-online.ch\/produkt\/s8-lubrifiant-anal-a-base-deau-50ml\/"},"modified":"2024-05-15T21:38:44","modified_gmt":"2024-05-15T19:38:44","slug":"s8-lubrifiant-anal-a-base-deau-50ml","status":"publish","type":"product","link":"https:\/\/poppers-online.ch\/fr\/produit\/s8-lubrifiant-anal-a-base-deau-50ml\/","title":{"rendered":"S8 Lubrifiant anal \u00e0 base d&rsquo;eau 50ml"},"content":{"rendered":"","protected":false},"excerpt":{"rendered":"<p>Le nouveau lubrifiant <strong>S8 Waterbased Anal Lube 50ml<\/strong> offre une lubrification longue dur\u00e9e, parfaite pour les aventures sensuelles \u00e0 huis clos ! La formule de haute qualit\u00e9 est con\u00e7ue pour assurer le contact le plus doux avec la peau, tout en \u00e9tant douce pour la peau et les muqueuses intimes. Ce lubrifiant de haute qualit\u00e9 est sans gluten, sans sulfate, sans parab\u00e8ne, sans phtalate et ne contient pas de conservateurs durs ou de couleurs suppl\u00e9mentaires. Le lubrifiant S8 Waterbase Anal Original est \u00e9galement conforme \u00e0 toutes les r\u00e9glementations actuelles de l&rsquo;UE sur les produits d&rsquo;hygi\u00e8ne intime et offre une alternative fiable, \u00e0 un prix comp\u00e9titif et transparente aux autres produits non homologu\u00e9s disponibles sur le march\u00e9.<\/p>\n<p>&nbsp;<\/p>\n<p><strong>Contenu<\/strong>: 50ml<\/p>\n<p><strong>Ingr\u00e9dients<\/strong>: EAU, GLYC\u00c9RINE, HYDROXY\u00c9THYLCELLULOSE, PH\u00c9NOXY\u00c9THANOL, \u00c9THYLHEXYLGLYC\u00c9RINE<\/p>\n","protected":false},"featured_media":93453,"comment_status":"closed","ping_status":"closed","template":"","meta":{"_acf_changed":false,"iawp_total_views":4,"_glsr_average":0,"_glsr_ranking":0,"_glsr_reviews":0},"product_brand":[],"product_cat":[2067,166],"product_tag":[],"class_list":{"0":"post-93579","1":"product","2":"type-product","3":"status-publish","4":"has-post-thumbnail","6":"product_cat-lubrifiant","7":"product_cat-droguerie","9":"first","10":"instock","11":"taxable","12":"shipping-taxable","13":"purchasable","14":"product-type-simple"},"acf":[],"_links":{"self":[{"href":"https:\/\/poppers-online.ch\/fr\/wp-json\/wp\/v2\/product\/93579","targetHints":{"allow":["GET"]}}],"collection":[{"href":"https:\/\/poppers-online.ch\/fr\/wp-json\/wp\/v2\/product"}],"about":[{"href":"https:\/\/poppers-online.ch\/fr\/wp-json\/wp\/v2\/types\/product"}],"replies":[{"embeddable":true,"href":"https:\/\/poppers-online.ch\/fr\/wp-json\/wp\/v2\/comments?post=93579"}],"wp:featuredmedia":[{"embeddable":true,"href":"https:\/\/poppers-online.ch\/fr\/wp-json\/wp\/v2\/media\/93453"}],"wp:attachment":[{"href":"https:\/\/poppers-online.ch\/fr\/wp-json\/wp\/v2\/media?parent=93579"}],"wp:term":[{"taxonomy":"product_brand","embeddable":true,"href":"https:\/\/poppers-online.ch\/fr\/wp-json\/wp\/v2\/product_brand?post=93579"},{"taxonomy":"product_cat","embeddable":true,"href":"https:\/\/poppers-online.ch\/fr\/wp-json\/wp\/v2\/product_cat?post=93579"},{"taxonomy":"product_tag","embeddable":true,"href":"https:\/\/poppers-online.ch\/fr\/wp-json\/wp\/v2\/product_tag?post=93579"}],"curies":[{"name":"wp","href":"https:\/\/api.w.org\/{rel}","templated":true}]}}