{"id":93575,"date":"2024-05-15T18:54:23","date_gmt":"2024-05-15T19:38:43","guid":{"rendered":"https:\/\/poppers-online.ch\/produkt\/s8-4-in-1-dessert-lube-125ml-fraise-ananas\/"},"modified":"2024-10-25T14:35:24","modified_gmt":"2024-10-25T12:35:24","slug":"s8-4-in-1-dessert-lube-125ml-fraise-ananas","status":"publish","type":"product","link":"https:\/\/poppers-online.ch\/fr\/produit\/s8-4-in-1-dessert-lube-125ml-fraise-ananas\/","title":{"rendered":"S8 4-in-1 Dessert Lube 125ml Fraise Ananas"},"content":{"rendered":"","protected":false},"excerpt":{"rendered":"<p>Le <strong>S8 4-in-1 Dessert Lube 125ml Fraise Ananas<\/strong> de S8 est le choix parfait pour des pr\u00e9liminaires sensuels et coquins. La formule de haute qualit\u00e9 est compos\u00e9e d&rsquo;ingr\u00e9dients respectueux du corps. Cela signifie qu&rsquo;il est \u00e9galement embrassable et comestible ! Le gel lubrifiant S8 4-en-1 Dessert peut \u00eatre appr\u00e9ci\u00e9 de multiples fa\u00e7ons : comme lubrifiant, huile de massage, d\u00e9licieuse friandise ou huile chauffante. La formule a des propri\u00e9t\u00e9s chauffantes, ce qui signifie que lorsqu&rsquo;elle est appliqu\u00e9e sur les zones \u00e9rog\u00e8nes, elle vous r\u00e9chauffe doucement avec une excitation br\u00fblante ! Amusez-vous bien !<\/p>\n<p>&nbsp;<\/p>\n<p><strong>Contenu<\/strong>: 125ml (variantes : fraise, ananas)<\/p>\n<p><strong>Ingr\u00e9dients fraise:<\/strong>GLYCERIN, WATER, PROPYLENEGLYCOL, AROMA, SODIUM SACCHARIN<\/p>\n<p><strong>Ingr\u00e9dients ananas : <\/strong>GLYCERIN, WATER, PROPYLENEGLYCOL, AROMA, SODIUM SACCHARIN<\/p>\n","protected":false},"featured_media":93540,"comment_status":"open","ping_status":"closed","template":"","meta":{"_acf_changed":false,"iawp_total_views":11,"_glsr_average":0,"_glsr_ranking":0,"_glsr_reviews":0},"product_brand":[],"product_cat":[2067,2082,166],"product_tag":[],"class_list":{"0":"post-93575","1":"product","2":"type-product","3":"status-publish","4":"has-post-thumbnail","6":"product_cat-lubrifiant","7":"product_cat-massage","8":"product_cat-droguerie","10":"first","11":"instock","12":"taxable","13":"shipping-taxable","14":"purchasable","15":"product-type-variable","16":"has-default-attributes"},"acf":[],"_links":{"self":[{"href":"https:\/\/poppers-online.ch\/fr\/wp-json\/wp\/v2\/product\/93575","targetHints":{"allow":["GET"]}}],"collection":[{"href":"https:\/\/poppers-online.ch\/fr\/wp-json\/wp\/v2\/product"}],"about":[{"href":"https:\/\/poppers-online.ch\/fr\/wp-json\/wp\/v2\/types\/product"}],"replies":[{"embeddable":true,"href":"https:\/\/poppers-online.ch\/fr\/wp-json\/wp\/v2\/comments?post=93575"}],"wp:featuredmedia":[{"embeddable":true,"href":"https:\/\/poppers-online.ch\/fr\/wp-json\/wp\/v2\/media\/93540"}],"wp:attachment":[{"href":"https:\/\/poppers-online.ch\/fr\/wp-json\/wp\/v2\/media?parent=93575"}],"wp:term":[{"taxonomy":"product_brand","embeddable":true,"href":"https:\/\/poppers-online.ch\/fr\/wp-json\/wp\/v2\/product_brand?post=93575"},{"taxonomy":"product_cat","embeddable":true,"href":"https:\/\/poppers-online.ch\/fr\/wp-json\/wp\/v2\/product_cat?post=93575"},{"taxonomy":"product_tag","embeddable":true,"href":"https:\/\/poppers-online.ch\/fr\/wp-json\/wp\/v2\/product_tag?post=93575"}],"curies":[{"name":"wp","href":"https:\/\/api.w.org\/{rel}","templated":true}]}}