{"id":93568,"date":"2024-05-15T13:44:53","date_gmt":"2024-05-15T19:38:42","guid":{"rendered":"https:\/\/poppers-online.ch\/produkt\/s8-waterbased-flavored-lube-50ml-fraise-cerise-chocolat\/"},"modified":"2024-10-25T16:33:29","modified_gmt":"2024-10-25T14:33:29","slug":"s8-waterbased-flavored-lube-50ml-fraise-cerise-chocolat","status":"publish","type":"product","link":"https:\/\/poppers-online.ch\/fr\/produit\/s8-waterbased-flavored-lube-50ml-fraise-cerise-chocolat\/","title":{"rendered":"S8 Waterbased Flavored Lube 50ml &#8211; Fraise Cerise Chocolat"},"content":{"rendered":"","protected":false},"excerpt":{"rendered":"<p>Le lubrifiant aromatis\u00e9 \u00e0 base d&rsquo;eau de qualit\u00e9 sup\u00e9rieure <strong>S8 Waterbased Flavored Lube 50ml &#8211; Fraise Cerise Chocolat<\/strong> est un choix d\u00e9licieux pour les consommateurs qui recherchent une glisse sensationnelle et un go\u00fbt gourmand, et qui souhaitent offrir une stimulation sensuelle \u00e0 leurs zones \u00e9rog\u00e8nes et \u00e0 leurs papilles gustatives. Cette formule souple et longue dur\u00e9e de S8 est enti\u00e8rement exempte de parab\u00e8nes, de phtalates, de gluten et de sulfates et ne contient pas de colorants suppl\u00e9mentaires ni de conservateurs durs pour un attrait \u00ab\u00a0naturel\u00a0\u00bb irr\u00e9sistible. Le lubrifiant aromatis\u00e9 \u00e0 base d&rsquo;eau S8 est \u00e9galement conforme \u00e0 toutes les r\u00e9glementations actuelles de l&rsquo;UE sur les produits d&rsquo;hygi\u00e8ne intime et offre une alternative fiable, \u00e0 un prix comp\u00e9titif et transparente aux autres produits non autoris\u00e9s sur le march\u00e9.<\/p>\n<p>&nbsp;<\/p>\n<p><strong>Contenu<\/strong>: 50ml (fraise, cerise ou chocolat)<\/p>\n<p><strong>Ingr\u00e9dients Fraise : <\/strong>GLYCERINE, AQUA , HYDROXYPROPYL GUAR, PANTHENOL, SODIUM SACHARIN, CITRIC ACID, AROMA (FLAVOR)<\/p>\n<p><strong>Ingr\u00e9dients Cerise :<\/strong> GLYCERINE, AQUA , HYDROXYPROPYL GUAR, PROPYLENE GLYCOL, PANTHENOL, SODIUM SACHARIN, CITRIC ACID, AROMA (FLAVOR) CI14720 BENZYL ALCOHOL, CITRAL, EUGENOL, GERANIOL, ISOEUGENOL, CITROELLOL, LIMONENE\/D-LIMONENE, LINALOOL<\/p>\n<p><strong>Ingr\u00e9dients du chocolat :<\/strong> GLYCERIN, AQUA, HYDROXYPROPYL GUAR, PROPYLENE GLYCOL, PANTHENOL, SODIUM SACHARIN, CITRIC ACID, AROMA (FLAVOR)<\/p>\n","protected":false},"featured_media":93469,"comment_status":"closed","ping_status":"closed","template":"","meta":{"_acf_changed":false,"iawp_total_views":9,"_glsr_average":0,"_glsr_ranking":0,"_glsr_reviews":0},"product_brand":[],"product_cat":[2067,166],"product_tag":[],"class_list":{"0":"post-93568","1":"product","2":"type-product","3":"status-publish","4":"has-post-thumbnail","6":"product_cat-lubrifiant","7":"product_cat-droguerie","9":"first","10":"instock","11":"sale","12":"taxable","13":"shipping-taxable","14":"purchasable","15":"product-type-variable","16":"has-default-attributes"},"acf":[],"_links":{"self":[{"href":"https:\/\/poppers-online.ch\/fr\/wp-json\/wp\/v2\/product\/93568","targetHints":{"allow":["GET"]}}],"collection":[{"href":"https:\/\/poppers-online.ch\/fr\/wp-json\/wp\/v2\/product"}],"about":[{"href":"https:\/\/poppers-online.ch\/fr\/wp-json\/wp\/v2\/types\/product"}],"replies":[{"embeddable":true,"href":"https:\/\/poppers-online.ch\/fr\/wp-json\/wp\/v2\/comments?post=93568"}],"wp:featuredmedia":[{"embeddable":true,"href":"https:\/\/poppers-online.ch\/fr\/wp-json\/wp\/v2\/media\/93469"}],"wp:attachment":[{"href":"https:\/\/poppers-online.ch\/fr\/wp-json\/wp\/v2\/media?parent=93568"}],"wp:term":[{"taxonomy":"product_brand","embeddable":true,"href":"https:\/\/poppers-online.ch\/fr\/wp-json\/wp\/v2\/product_brand?post=93568"},{"taxonomy":"product_cat","embeddable":true,"href":"https:\/\/poppers-online.ch\/fr\/wp-json\/wp\/v2\/product_cat?post=93568"},{"taxonomy":"product_tag","embeddable":true,"href":"https:\/\/poppers-online.ch\/fr\/wp-json\/wp\/v2\/product_tag?post=93568"}],"curies":[{"name":"wp","href":"https:\/\/api.w.org\/{rel}","templated":true}]}}