{"id":93559,"date":"2024-05-15T18:26:40","date_gmt":"2024-05-15T16:26:40","guid":{"rendered":"https:\/\/poppers-online.ch\/produkt\/s8-massage-oil-box-3x-50ml\/"},"modified":"2024-10-25T14:36:02","modified_gmt":"2024-10-25T12:36:02","slug":"s8-massage-oil-box-3x-50ml","status":"publish","type":"product","link":"https:\/\/poppers-online.ch\/fr\/produit\/s8-massage-oil-box-3x-50ml\/","title":{"rendered":"S8 Massage Oil Box 3x 50ml"},"content":{"rendered":"","protected":false},"excerpt":{"rendered":"<p>Ces huiles de massage riches de <strong>S8 Massage Oil Box 3x 50ml<\/strong> sont un m\u00e9lange unique de 3 huiles puissantes : <strong>l&rsquo;huile de jojoba<\/strong>, qui apaise et renforce la peau, <strong>l&rsquo;huile d&rsquo;amande douce<\/strong>, qui hydrate et nourrit, et <strong>l&rsquo;huile de s\u00e9same<\/strong>, qui est tr\u00e8s nourrissante et lubrifiante. Cette huile S8 est enrichie en vitamines et min\u00e9raux essentiels. Apr\u00e8s un bon massage, votre peau est lisse et soyeuse et vous vous sentez d\u00e9tendu. Ce kit contient 3 parfums diff\u00e9rents : Omani Lime &amp; Spicy Ginger, Green Tea &amp; Lilac Blossom et French Plum &amp; Egyptian Cotton.<\/p>\n<p>&nbsp;<\/p>\n<p><strong>Contenu :<\/strong> 3x 50ml<\/p>\n<p><strong>Ingr\u00e9dients VITALIZE :<\/strong> SESAMUM INDICUM SEED OIL, PRUNUS AMYGDALUS DULCIS OIL, SIMMONDSIA CHINENSIS SEED OIL, PARFUME Oil, CITRAL, LIMONENE, LINALOOL, , GERANIOL , HEXYL CINNAMAL , CITRONELLOL, EUGENOL, FARNESOL.<\/p>\n<p><strong>Ingr\u00e9dients RELAX :<\/strong> SESAMUM INDICUM SEED OIL, PRUNUS AMYGDALUS DULCIS OIL, SIMMONDSIA CHINENSIS SEED OIL, PARFUME OIL, AMYL CINNAMAL, BUTYLPHENYL METHYLPROPIONAL (LILIAL), CINNAMYL ALCOHOL, CITRONELLOL,EUGENOL, METHY 2-OCTYNOATE, ISOEUGENOL, EUGENOL, HYDROXYCITRONELLAL.<\/p>\n<p><strong>Ingr\u00e9dients : REFRESH<\/strong>: SESAMUM INDICUM SEED OIL, PRUNUS AMYGDALUS DULCIS OIL, SIMMONDSIA CHINENSIS SEED OIL, PARFUME OI, LINALOOL, LIMONENE, EUGENOL, COUMARIN, CITRAL, BENZYL SALICYLATE, BENZYL BENZOATE, ALPHA-ISOMETHYL IONONE.<\/p>\n","protected":false},"featured_media":93509,"comment_status":"closed","ping_status":"closed","template":"","meta":{"_acf_changed":false,"iawp_total_views":4,"_glsr_average":0,"_glsr_ranking":0,"_glsr_reviews":0},"product_brand":[],"product_cat":[2082,166],"product_tag":[],"class_list":{"0":"post-93559","1":"product","2":"type-product","3":"status-publish","4":"has-post-thumbnail","6":"product_cat-massage","7":"product_cat-droguerie","9":"first","10":"instock","11":"taxable","12":"shipping-taxable","13":"purchasable","14":"product-type-simple"},"acf":[],"_links":{"self":[{"href":"https:\/\/poppers-online.ch\/fr\/wp-json\/wp\/v2\/product\/93559","targetHints":{"allow":["GET"]}}],"collection":[{"href":"https:\/\/poppers-online.ch\/fr\/wp-json\/wp\/v2\/product"}],"about":[{"href":"https:\/\/poppers-online.ch\/fr\/wp-json\/wp\/v2\/types\/product"}],"replies":[{"embeddable":true,"href":"https:\/\/poppers-online.ch\/fr\/wp-json\/wp\/v2\/comments?post=93559"}],"wp:featuredmedia":[{"embeddable":true,"href":"https:\/\/poppers-online.ch\/fr\/wp-json\/wp\/v2\/media\/93509"}],"wp:attachment":[{"href":"https:\/\/poppers-online.ch\/fr\/wp-json\/wp\/v2\/media?parent=93559"}],"wp:term":[{"taxonomy":"product_brand","embeddable":true,"href":"https:\/\/poppers-online.ch\/fr\/wp-json\/wp\/v2\/product_brand?post=93559"},{"taxonomy":"product_cat","embeddable":true,"href":"https:\/\/poppers-online.ch\/fr\/wp-json\/wp\/v2\/product_cat?post=93559"},{"taxonomy":"product_tag","embeddable":true,"href":"https:\/\/poppers-online.ch\/fr\/wp-json\/wp\/v2\/product_tag?post=93559"}],"curies":[{"name":"wp","href":"https:\/\/api.w.org\/{rel}","templated":true}]}}