{"id":93246,"date":"2024-05-11T13:45:09","date_gmt":"2024-05-11T11:45:09","guid":{"rendered":"https:\/\/poppers-online.ch\/produkt\/discreet-poppers-combo-berlin-ultra-strong-10ml-et-poppers-keeper-small\/"},"modified":"2025-08-18T09:52:34","modified_gmt":"2025-08-18T07:52:34","slug":"discreet-poppers-combo-berlin-ultra-strong-10ml-et-poppers-keeper-small","status":"publish","type":"product","link":"https:\/\/poppers-online.ch\/fr\/produit\/discreet-poppers-combo-berlin-ultra-strong-10ml-et-poppers-keeper-small\/","title":{"rendered":"Discreet Poppers Combo Berlin Ultra Strong 10ml et Poppers Keeper Small"},"content":{"rendered":"","protected":false},"excerpt":{"rendered":"<p><strong>Discreet Poppers Combo Berlin Ultra Strong 10ml et Poppers Keeper Small<\/strong> se compose de deux produits :<\/p>\n<p>Le <strong>poppers Ultra Strong 10ml de Berlin<\/strong> est bas\u00e9 sur le pentyl nitrite original traditionnel. Ce poppers ultra puissant t\u2019apporte les possibilit\u00e9s chaudes et exub\u00e9rantes de la capitale gay, y compris le Berghain Berlin et Kitkat, et te permet, ainsi qu\u2019\u00e0 tes amis, de vivre tr\u00e8s intens\u00e9ment les vibrations de Berlin, m\u00eame chez toi. Depuis, le Berlin Ultra Strong Poppers est devenu un best-seller en Suisse.  <\/p>\n<p>&nbsp;<\/p>\n<p>Le <strong>Poppers Keeper Small pour Poppers 10ml<\/strong> est un r\u00e9cipient robuste pour les flacons de Poppers 10ml et te sert d\u2019\u00e9tui de protection pour tous tes flacons de Poppers 10ml. En plus, le Poppers Keeper t\u2019offre une discr\u00e9tion maximale quand tu te d\u00e9places \u2013 par exemple, quand tu transportes ton poppers dans ton sac \u00e0 dos ou de sport. Le Poppers Keeper a r\u00e9sist\u00e9 sans probl\u00e8me \u00e0 plusieurs tests de chute et de chaleur \u2013 parfait pour le transport de poppers pendant les mois d\u2019\u00e9t\u00e9. Et \u00e0 la maison, il t\u2019assure un rangement s\u00fbr et ultra discret.   \u00c0 la maison, le Poppers Keeper assure un rangement s\u00fbr et tr\u00e8s discret.<\/p>\n<p><strong>Caract\u00e9ristiques<\/strong>:<\/p>\n<ul>\n<li>Mat\u00e9riau : PLA \u00e9cologique (plastique biod\u00e9gradable)<\/li>\n<li>Dimensions : 45 mm de diam\u00e8tre, 61 mm de hauteur (taille parfaite pour les flacons de 10 ml)<\/li>\n<li>Couleur : Noir<\/li>\n<li>Compatibilit\u00e9 : pour les flacons de poppers en verre de 10 ml (par exemple de Lockerroom ou Oxymoron)<\/li>\n<li>Protection : contre les chutes, les fuites et les \u00e9manations<\/li>\n<\/ul>\n","protected":false},"featured_media":131315,"comment_status":"open","ping_status":"closed","template":"","meta":{"_acf_changed":false,"iawp_total_views":13,"_glsr_average":0,"_glsr_ranking":0,"_glsr_reviews":0},"product_brand":[],"product_cat":[1046,76,78,149,1297],"product_tag":[],"class_list":{"0":"post-93246","1":"product","2":"type-product","3":"status-publish","4":"has-post-thumbnail","6":"product_cat-poppers","7":"product_cat-paquets-economiques","8":"product_cat-petits-flacons","9":"product_cat-accessoires-poppers","10":"product_cat-deopts-de-rangement","11":"pa_inhalt-combo","12":"pa_inhalt-10ml","13":"pa_inhaltsstoffe-nitrite-de-pentyle","14":"pa_marke-edition-oxy","15":"pa_staerke-91","17":"first","18":"instock","19":"sale","20":"taxable","21":"shipping-taxable","22":"purchasable","23":"product-type-simple"},"acf":[],"_links":{"self":[{"href":"https:\/\/poppers-online.ch\/fr\/wp-json\/wp\/v2\/product\/93246","targetHints":{"allow":["GET"]}}],"collection":[{"href":"https:\/\/poppers-online.ch\/fr\/wp-json\/wp\/v2\/product"}],"about":[{"href":"https:\/\/poppers-online.ch\/fr\/wp-json\/wp\/v2\/types\/product"}],"replies":[{"embeddable":true,"href":"https:\/\/poppers-online.ch\/fr\/wp-json\/wp\/v2\/comments?post=93246"}],"wp:featuredmedia":[{"embeddable":true,"href":"https:\/\/poppers-online.ch\/fr\/wp-json\/wp\/v2\/media\/131315"}],"wp:attachment":[{"href":"https:\/\/poppers-online.ch\/fr\/wp-json\/wp\/v2\/media?parent=93246"}],"wp:term":[{"taxonomy":"product_brand","embeddable":true,"href":"https:\/\/poppers-online.ch\/fr\/wp-json\/wp\/v2\/product_brand?post=93246"},{"taxonomy":"product_cat","embeddable":true,"href":"https:\/\/poppers-online.ch\/fr\/wp-json\/wp\/v2\/product_cat?post=93246"},{"taxonomy":"product_tag","embeddable":true,"href":"https:\/\/poppers-online.ch\/fr\/wp-json\/wp\/v2\/product_tag?post=93246"}],"curies":[{"name":"wp","href":"https:\/\/api.w.org\/{rel}","templated":true}]}}