{"id":92964,"date":"2024-05-05T16:54:09","date_gmt":"2024-05-05T19:49:50","guid":{"rendered":"https:\/\/poppers-online.ch\/produkt\/s8-extreme-hybr-extreme-fist-lube-500ml\/"},"modified":"2024-05-05T21:49:50","modified_gmt":"2024-05-05T19:49:50","slug":"s8-extreme-hybr-extreme-fist-lube-500ml","status":"publish","type":"product","link":"https:\/\/poppers-online.ch\/fr\/produit\/s8-extreme-hybr-extreme-fist-lube-500ml\/","title":{"rendered":"S8 Extreme Hybr Extreme Fist Lube 500ml"},"content":{"rendered":"","protected":false},"excerpt":{"rendered":"<p><strong>S8 Extreme Hybr Extreme Fist Lube 500ml<\/strong> a \u00e9t\u00e9 soigneusement con\u00e7u pour fournir une relaxation, un retard et une d\u00e9sensibilisation gr\u00e2ce \u00e0 l&rsquo;inclusion de LAURETH-9. Cet ingr\u00e9dient unique assure une p\u00e9n\u00e9tration sans douleur pour que vous puissiez profiter pleinement de vos moments intimes. Ce gel lubrifiant hybride est compatible avec les pr\u00e9servatifs et offre une exp\u00e9rience s\u00fbre et prot\u00e9g\u00e9e. Sa texture soyeuse permet de glisser en douceur, sans coller ni \u00eatre collant, pour que vous puissiez vous immerger totalement dans le plaisir. Gr\u00e2ce \u00e0 sa formule ultra longue dur\u00e9e, S8 Extreme Fist suit le rythme de votre passion et de vos envies et vous \u00e9vite de devoir renouveler fr\u00e9quemment l&rsquo;application. Il est non toxique, sans go\u00fbt ni parfum et permet une exp\u00e9rience authentique et sensationnelle. <strong>S8 Extreme Fist<\/strong> est exempt d&rsquo;huile et de graisse, ce qui minimise la salet\u00e9 et les r\u00e9sidus. Pour l&rsquo;utiliser, il suffit d&rsquo;appliquer S8 Extreme Fist sur la zone souhait\u00e9e et de profiter de sensations et d&rsquo;un plaisir accrus. Si une irritation se produit, cessez imm\u00e9diatement l&rsquo;utilisation et consultez un m\u00e9decin.<\/p>\n<p>&nbsp;<\/p>\n<p><strong>Contenu<\/strong>: 500ml<\/p>\n<p><strong>Ingr\u00e9dients<\/strong>: AQUA, GLYCERIN, PROPYLENE GLYCOL, LAURETH-9, CYCLOMETHICONE, SODIUM ACRYLATE \/ ACRYLOYLDIMETHYL TAURATE, DIMETHICONOL, ISOHEXADECANE, POLSYSORBATE 80, HYDROXYETHYLCELLULOSE, PHENOXYETHANOL, ETHYLHEXYLGLYCERIN<\/p>\n","protected":false},"featured_media":92899,"comment_status":"closed","ping_status":"closed","template":"","meta":{"_acf_changed":false,"iawp_total_views":31,"_glsr_average":0,"_glsr_ranking":0,"_glsr_reviews":0},"product_brand":[],"product_cat":[2067,166],"product_tag":[],"class_list":{"0":"post-92964","1":"product","2":"type-product","3":"status-publish","4":"has-post-thumbnail","6":"product_cat-lubrifiant","7":"product_cat-droguerie","9":"first","10":"instock","11":"taxable","12":"shipping-taxable","13":"purchasable","14":"product-type-simple"},"acf":[],"_links":{"self":[{"href":"https:\/\/poppers-online.ch\/fr\/wp-json\/wp\/v2\/product\/92964","targetHints":{"allow":["GET"]}}],"collection":[{"href":"https:\/\/poppers-online.ch\/fr\/wp-json\/wp\/v2\/product"}],"about":[{"href":"https:\/\/poppers-online.ch\/fr\/wp-json\/wp\/v2\/types\/product"}],"replies":[{"embeddable":true,"href":"https:\/\/poppers-online.ch\/fr\/wp-json\/wp\/v2\/comments?post=92964"}],"wp:featuredmedia":[{"embeddable":true,"href":"https:\/\/poppers-online.ch\/fr\/wp-json\/wp\/v2\/media\/92899"}],"wp:attachment":[{"href":"https:\/\/poppers-online.ch\/fr\/wp-json\/wp\/v2\/media?parent=92964"}],"wp:term":[{"taxonomy":"product_brand","embeddable":true,"href":"https:\/\/poppers-online.ch\/fr\/wp-json\/wp\/v2\/product_brand?post=92964"},{"taxonomy":"product_cat","embeddable":true,"href":"https:\/\/poppers-online.ch\/fr\/wp-json\/wp\/v2\/product_cat?post=92964"},{"taxonomy":"product_tag","embeddable":true,"href":"https:\/\/poppers-online.ch\/fr\/wp-json\/wp\/v2\/product_tag?post=92964"}],"curies":[{"name":"wp","href":"https:\/\/api.w.org\/{rel}","templated":true}]}}