{"id":92945,"date":"2024-05-05T14:53:08","date_gmt":"2024-05-05T19:49:46","guid":{"rendered":"https:\/\/poppers-online.ch\/produkt\/gel-pour-le-penis-s8-delay-30ml\/"},"modified":"2024-05-05T21:49:46","modified_gmt":"2024-05-05T19:49:46","slug":"gel-pour-le-penis-s8-delay-30ml","status":"publish","type":"product","link":"https:\/\/poppers-online.ch\/fr\/produit\/gel-pour-le-penis-s8-delay-30ml\/","title":{"rendered":"Gel pour le p\u00e9nis S8 Delay 30ml"},"content":{"rendered":"","protected":false},"excerpt":{"rendered":"<p>Prolongez vos \u00e9bats amoureux avec le <strong>gel p\u00e9nien S8 Delay 30ml<\/strong> de haute qualit\u00e9 ! Cette formule premium contient des ingr\u00e9dients test\u00e9s dermatologiquement qui aident \u00e0 retarder l&rsquo;apog\u00e9e sans perdre les sensations, ce qui permet des sessions de jeux intimes plus longues. Le gel S8 Delay est sans gluten, sans sulfate, sans parab\u00e8ne, sans phtalate et ne contient pas de conservateurs durs, ce qui en fait un choix \u00ab\u00a0naturel\u00a0\u00bb et digne de confiance dans le domaine du bien-\u00eatre intime.<\/p>\n<p><strong>Ingr\u00e9dients :<\/strong> AQUA(EAU, GLYCERIN, PENTYLENE GLYCOL, LAURETH-9, CARBOMER, SODIUM HYDROXIDE, MENTHA SPICATA CRISPA HERB OIL<br \/>\n<strong>Contenu :<\/strong> 30ml<\/p>\n","protected":false},"featured_media":92857,"comment_status":"closed","ping_status":"closed","template":"","meta":{"_acf_changed":false,"iawp_total_views":11,"_glsr_average":0,"_glsr_ranking":0,"_glsr_reviews":0},"product_brand":[],"product_cat":[2079,166],"product_tag":[],"class_list":{"0":"post-92945","1":"product","2":"type-product","3":"status-publish","4":"has-post-thumbnail","6":"product_cat-retardant-ejaculation","7":"product_cat-droguerie","9":"first","10":"instock","11":"taxable","12":"shipping-taxable","13":"purchasable","14":"product-type-simple"},"acf":[],"_links":{"self":[{"href":"https:\/\/poppers-online.ch\/fr\/wp-json\/wp\/v2\/product\/92945","targetHints":{"allow":["GET"]}}],"collection":[{"href":"https:\/\/poppers-online.ch\/fr\/wp-json\/wp\/v2\/product"}],"about":[{"href":"https:\/\/poppers-online.ch\/fr\/wp-json\/wp\/v2\/types\/product"}],"replies":[{"embeddable":true,"href":"https:\/\/poppers-online.ch\/fr\/wp-json\/wp\/v2\/comments?post=92945"}],"wp:featuredmedia":[{"embeddable":true,"href":"https:\/\/poppers-online.ch\/fr\/wp-json\/wp\/v2\/media\/92857"}],"wp:attachment":[{"href":"https:\/\/poppers-online.ch\/fr\/wp-json\/wp\/v2\/media?parent=92945"}],"wp:term":[{"taxonomy":"product_brand","embeddable":true,"href":"https:\/\/poppers-online.ch\/fr\/wp-json\/wp\/v2\/product_brand?post=92945"},{"taxonomy":"product_cat","embeddable":true,"href":"https:\/\/poppers-online.ch\/fr\/wp-json\/wp\/v2\/product_cat?post=92945"},{"taxonomy":"product_tag","embeddable":true,"href":"https:\/\/poppers-online.ch\/fr\/wp-json\/wp\/v2\/product_tag?post=92945"}],"curies":[{"name":"wp","href":"https:\/\/api.w.org\/{rel}","templated":true}]}}