{"id":92940,"date":"2024-05-05T17:21:07","date_gmt":"2024-05-05T19:49:45","guid":{"rendered":"https:\/\/poppers-online.ch\/produkt\/s8-extreme-silicon-extreme-glide-250ml\/"},"modified":"2024-05-05T21:49:45","modified_gmt":"2024-05-05T19:49:45","slug":"s8-extreme-silicon-extreme-glide-250ml","status":"publish","type":"product","link":"https:\/\/poppers-online.ch\/fr\/produit\/s8-extreme-silicon-extreme-glide-250ml\/","title":{"rendered":"S8 Extreme Silicon Extreme Glide 250ml"},"content":{"rendered":"","protected":false},"excerpt":{"rendered":"<p><strong>S8 Extreme Silicon Extreme Glide 250ml<\/strong> &#8211; le nec plus ultra des lubrifiants \u00e0 base de silicone, con\u00e7u pour am\u00e9liorer vos exp\u00e9riences intimes. Ce lubrifiant haut de gamme a \u00e9t\u00e9 soigneusement con\u00e7u pour permettre la relaxation, le retardement et la d\u00e9sensibilisation et pour garantir une p\u00e9n\u00e9tration sans douleur et un plaisir accru gr\u00e2ce \u00e0 l&rsquo;ingr\u00e9dient cl\u00e9 LAURETH-9. Dites simplement au revoir \u00e0 l&rsquo;inconfort et d\u00e9couvrez un nouveau monde de plaisir. <strong>S8 Extreme Glide<\/strong> est compatible avec les pr\u00e9servatifs, ce qui en fait un choix fiable pour une intimit\u00e9 prot\u00e9g\u00e9e. Sa formule longue dur\u00e9e procure un plaisir ininterrompu, \u00e9limine le besoin de renouveler fr\u00e9quemment l&rsquo;application et vous permet de vous immerger totalement dans l&rsquo;instant. Rassurez-vous, S8 Extreme Glide ne contient ni huile ni graisse, ce qui r\u00e9duit les \u00e9ventuelles salissures ou r\u00e9sidus. Pour une efficacit\u00e9 optimale, il suffit de secouer le flacon avant utilisation pour r\u00e9partir uniform\u00e9ment le lubrifiant.<\/p>\n<p>&nbsp;<\/p>\n<p><strong>Contenu<\/strong>: 250ml<\/p>\n<p><strong>Ingr\u00e9dients<\/strong>: DIMETHICONE, DIMETHICONOL, CYCLOMETHICONE, LAURETH-9<\/p>\n","protected":false},"featured_media":92911,"comment_status":"closed","ping_status":"closed","template":"","meta":{"_acf_changed":false,"iawp_total_views":5,"_glsr_average":0,"_glsr_ranking":0,"_glsr_reviews":0},"product_brand":[],"product_cat":[2067,166],"product_tag":[],"class_list":{"0":"post-92940","1":"product","2":"type-product","3":"status-publish","4":"has-post-thumbnail","6":"product_cat-lubrifiant","7":"product_cat-droguerie","9":"first","10":"instock","11":"sale","12":"taxable","13":"shipping-taxable","14":"purchasable","15":"product-type-simple"},"acf":[],"_links":{"self":[{"href":"https:\/\/poppers-online.ch\/fr\/wp-json\/wp\/v2\/product\/92940","targetHints":{"allow":["GET"]}}],"collection":[{"href":"https:\/\/poppers-online.ch\/fr\/wp-json\/wp\/v2\/product"}],"about":[{"href":"https:\/\/poppers-online.ch\/fr\/wp-json\/wp\/v2\/types\/product"}],"replies":[{"embeddable":true,"href":"https:\/\/poppers-online.ch\/fr\/wp-json\/wp\/v2\/comments?post=92940"}],"wp:featuredmedia":[{"embeddable":true,"href":"https:\/\/poppers-online.ch\/fr\/wp-json\/wp\/v2\/media\/92911"}],"wp:attachment":[{"href":"https:\/\/poppers-online.ch\/fr\/wp-json\/wp\/v2\/media?parent=92940"}],"wp:term":[{"taxonomy":"product_brand","embeddable":true,"href":"https:\/\/poppers-online.ch\/fr\/wp-json\/wp\/v2\/product_brand?post=92940"},{"taxonomy":"product_cat","embeddable":true,"href":"https:\/\/poppers-online.ch\/fr\/wp-json\/wp\/v2\/product_cat?post=92940"},{"taxonomy":"product_tag","embeddable":true,"href":"https:\/\/poppers-online.ch\/fr\/wp-json\/wp\/v2\/product_tag?post=92940"}],"curies":[{"name":"wp","href":"https:\/\/api.w.org\/{rel}","templated":true}]}}