{"id":92853,"date":"2024-05-05T14:19:24","date_gmt":"2024-05-05T12:28:20","guid":{"rendered":"https:\/\/poppers-online.ch\/produkt\/s8-organic-toycleaner-150ml\/"},"modified":"2024-05-05T14:28:20","modified_gmt":"2024-05-05T12:28:20","slug":"s8-organic-toycleaner-150ml","status":"publish","type":"product","link":"https:\/\/poppers-online.ch\/fr\/produit\/s8-organic-toycleaner-150ml\/","title":{"rendered":"S8 Organic Toycleaner 150ml"},"content":{"rendered":"","protected":false},"excerpt":{"rendered":"<p>Gardez vos jouets intimes d&rsquo;une propret\u00e9 impeccable avec le <strong>nettoyant pour jouets S8 Organic 150ml<\/strong> de haute qualit\u00e9. Cette formule premium permet \u00e0 vos innovations pr\u00e9f\u00e9r\u00e9es de rester \u00e9clatantes de propret\u00e9 et de fra\u00eecheur : Il suffit de vaporiser ce produit respectueux du corps avant et apr\u00e8s l&rsquo;utilisation. Les ingr\u00e9dients naturels font du Toycleaner S8 un choix fiable et transparent en mati\u00e8re d&rsquo;hygi\u00e8ne. Il garantit ainsi la durabilit\u00e9 de vos distributeurs de plaisirs pr\u00e9f\u00e9r\u00e9s et constitue un excellent compl\u00e9ment \u00e0 tout achat de jouets.<\/p>\n<p>&nbsp;<\/p>\n<p><strong>Ingr\u00e9dients :<\/strong> Aqua, Dodecylbenzenesulfonate, Methylpentandiol, Propylene Glycol, PEG-200, Perfume. Ne contient pas d&rsquo;alcool<\/p>\n<p>&nbsp;<\/p>\n","protected":false},"featured_media":92847,"comment_status":"closed","ping_status":"closed","template":"","meta":{"_acf_changed":false,"iawp_total_views":1,"_glsr_average":0,"_glsr_ranking":0,"_glsr_reviews":0},"product_brand":[],"product_cat":[2070,166],"product_tag":[],"class_list":{"0":"post-92853","1":"product","2":"type-product","3":"status-publish","4":"has-post-thumbnail","6":"product_cat-helpers","7":"product_cat-droguerie","9":"first","10":"instock","11":"taxable","12":"shipping-taxable","13":"purchasable","14":"product-type-simple"},"acf":[],"_links":{"self":[{"href":"https:\/\/poppers-online.ch\/fr\/wp-json\/wp\/v2\/product\/92853","targetHints":{"allow":["GET"]}}],"collection":[{"href":"https:\/\/poppers-online.ch\/fr\/wp-json\/wp\/v2\/product"}],"about":[{"href":"https:\/\/poppers-online.ch\/fr\/wp-json\/wp\/v2\/types\/product"}],"replies":[{"embeddable":true,"href":"https:\/\/poppers-online.ch\/fr\/wp-json\/wp\/v2\/comments?post=92853"}],"wp:featuredmedia":[{"embeddable":true,"href":"https:\/\/poppers-online.ch\/fr\/wp-json\/wp\/v2\/media\/92847"}],"wp:attachment":[{"href":"https:\/\/poppers-online.ch\/fr\/wp-json\/wp\/v2\/media?parent=92853"}],"wp:term":[{"taxonomy":"product_brand","embeddable":true,"href":"https:\/\/poppers-online.ch\/fr\/wp-json\/wp\/v2\/product_brand?post=92853"},{"taxonomy":"product_cat","embeddable":true,"href":"https:\/\/poppers-online.ch\/fr\/wp-json\/wp\/v2\/product_cat?post=92853"},{"taxonomy":"product_tag","embeddable":true,"href":"https:\/\/poppers-online.ch\/fr\/wp-json\/wp\/v2\/product_tag?post=92853"}],"curies":[{"name":"wp","href":"https:\/\/api.w.org\/{rel}","templated":true}]}}