{"id":92763,"date":"2024-05-03T13:30:28","date_gmt":"2024-05-03T11:56:35","guid":{"rendered":"https:\/\/poppers-online.ch\/produkt\/anal-fantasy-deluxe-vibro-balls\/"},"modified":"2024-05-03T13:56:35","modified_gmt":"2024-05-03T11:56:35","slug":"anal-fantasy-deluxe-vibro-balls","status":"publish","type":"product","link":"https:\/\/poppers-online.ch\/fr\/produit\/anal-fantasy-deluxe-vibro-balls\/","title":{"rendered":"Anal Fantasy Deluxe Vibro Balls"},"content":{"rendered":"","protected":false},"excerpt":{"rendered":"<p>Laissez tomber le tabou autour du sexe anal et d\u00e9couvrez un plaisir incroyable avec nos <strong>Anal Fantasy Deluxe Vibro Balls<\/strong>. Si vous n&rsquo;avez jamais essay\u00e9 les jeux anaux, ces Deluxe Vibro Balls sont parfaites pour explorer le monde \u00e9tonnant de la stimulation anale. Les Deluxe Vibro Balls ont un diam\u00e8tre de 3 cm et sont munies d&rsquo;une solide sangle de rappel, pour une manipulation s\u00fbre et facile. Les \u00e9l\u00e9gantes boules de poids vous procurent du plaisir de mani\u00e8re autonome et continuent de vibrer \u00e0 chaque mouvement de votre corps. M\u00eame le moindre fr\u00e9missement active des vibrations exquis\u00e9ment silencieuses qui ne n\u00e9cessitent jamais de piles ! Le nettoyage apr\u00e8s le plaisir est un jeu d&rsquo;enfant avec Refresh Toy Cleaner et de l&rsquo;eau chaude. Profitez des sensations excitantes de pression et de plaisir dans l&rsquo;anus en ins\u00e9rant une boule \u00e0 la fois, autant que vous vous sentez \u00e0 l&rsquo;aise auparavant, avant de tirer doucement sur la solide bande de rappel pour lib\u00e9rer chaque boule pour encore plus de stimulation. Essayez de tirer vos Deluxe Vibro Balls pendant l&rsquo;orgasme, pour le point culminant le plus explosif que vous ayez jamais imagin\u00e9 ! La cl\u00e9 du jeu anal est d&rsquo;y aller doucement ! Une tentative de p\u00e9n\u00e9tration anale avant d&rsquo;\u00eatre vraiment excit\u00e9 peut \u00eatre d\u00e9sagr\u00e9able, alors permettez-vous de vous d\u00e9tendre pour profiter de l&rsquo;exp\u00e9rience. Jouer avec les doigts est un excellent moyen de d\u00e9tendre l&rsquo;anus. L&rsquo;anus et le rectum n&rsquo;ont pas de syst\u00e8me de lubrification automatique comme le vagin, utilisez donc beaucoup de lubrifiant pour r\u00e9duire les frottements et augmenter le plaisir. Atteindre l&rsquo;orgasme par la stimulation anale est incroyablement excitant, gr\u00e2ce \u00e0 la forte concentration de terminaisons nerveuses dans cette zone, et notre collection Anal Fantasy comprend des jouets qui stimulent chacun de ces nerfs. Permettez-vous donc d&rsquo;entrer dans un nouveau monde de bonheur arri\u00e8re&#8230; les possibilit\u00e9s de plaisir sont infinies !<\/p>\n<p>&nbsp;<\/p>\n<p>Longueur totale : 44 cm &#8211; 17,44 pouces<\/p>\n<p>Diam\u00e8tre : 3 cm<\/p>\n<p>Longueur d&rsquo;insertion : 44 cm<\/p>\n<p>Mat\u00e9riau : ABS<\/p>\n","protected":false},"featured_media":92740,"comment_status":"open","ping_status":"closed","template":"","meta":{"_acf_changed":false,"iawp_total_views":9,"_glsr_average":0,"_glsr_ranking":0,"_glsr_reviews":0},"product_brand":[],"product_cat":[2085,171],"product_tag":[],"class_list":{"0":"post-92763","1":"product","2":"type-product","3":"status-publish","4":"has-post-thumbnail","6":"product_cat-anal-play","7":"product_cat-sex-toys","9":"first","10":"instock","11":"taxable","12":"shipping-taxable","13":"purchasable","14":"product-type-simple"},"acf":[],"_links":{"self":[{"href":"https:\/\/poppers-online.ch\/fr\/wp-json\/wp\/v2\/product\/92763","targetHints":{"allow":["GET"]}}],"collection":[{"href":"https:\/\/poppers-online.ch\/fr\/wp-json\/wp\/v2\/product"}],"about":[{"href":"https:\/\/poppers-online.ch\/fr\/wp-json\/wp\/v2\/types\/product"}],"replies":[{"embeddable":true,"href":"https:\/\/poppers-online.ch\/fr\/wp-json\/wp\/v2\/comments?post=92763"}],"wp:featuredmedia":[{"embeddable":true,"href":"https:\/\/poppers-online.ch\/fr\/wp-json\/wp\/v2\/media\/92740"}],"wp:attachment":[{"href":"https:\/\/poppers-online.ch\/fr\/wp-json\/wp\/v2\/media?parent=92763"}],"wp:term":[{"taxonomy":"product_brand","embeddable":true,"href":"https:\/\/poppers-online.ch\/fr\/wp-json\/wp\/v2\/product_brand?post=92763"},{"taxonomy":"product_cat","embeddable":true,"href":"https:\/\/poppers-online.ch\/fr\/wp-json\/wp\/v2\/product_cat?post=92763"},{"taxonomy":"product_tag","embeddable":true,"href":"https:\/\/poppers-online.ch\/fr\/wp-json\/wp\/v2\/product_tag?post=92763"}],"curies":[{"name":"wp","href":"https:\/\/api.w.org\/{rel}","templated":true}]}}