{"id":92759,"date":"2024-05-03T13:50:31","date_gmt":"2024-05-03T11:50:31","guid":{"rendered":"https:\/\/poppers-online.ch\/produkt\/bangers-c-rings-jock-anneau-en-silicone-souple-c-ring\/"},"modified":"2024-05-03T13:56:32","modified_gmt":"2024-05-03T11:56:32","slug":"bangers-c-rings-jock-anneau-en-silicone-souple-c-ring","status":"publish","type":"product","link":"https:\/\/poppers-online.ch\/fr\/produit\/bangers-c-rings-jock-anneau-en-silicone-souple-c-ring\/","title":{"rendered":"Bangers C-Rings Jock anneau en silicone souple C-Ring"},"content":{"rendered":"","protected":false},"excerpt":{"rendered":"<p><strong>Bangers C-Rings Soft Silicone Jock C-Ring<\/strong> de Hidden Desire est un double anneau p\u00e9nien de haute qualit\u00e9, parfait pour le jeu BDSM aventureux et l&rsquo;exploration intime sexy. Ce double anneau p\u00e9nien est en silicone premium doux et super extensible et offre un ajustement serr\u00e9 et s\u00fbr aux bons endroits. Marchez plus fort, plus longtemps avec ce design must-have et explorez vos d\u00e9sirs cach\u00e9s avec ce produit f\u00e9tiche r\u00e9sistant de premi\u00e8re qualit\u00e9.<\/p>\n<p>Diam\u00e8tre : 7 cm &#8211; 2,7 pouces<\/p>\n<p>Mat\u00e9riau : silicone<\/p>\n","protected":false},"featured_media":92754,"comment_status":"open","ping_status":"closed","template":"","meta":{"_acf_changed":false,"iawp_total_views":3,"_glsr_average":0,"_glsr_ranking":0,"_glsr_reviews":0},"product_brand":[],"product_cat":[2091,171],"product_tag":[],"class_list":{"0":"post-92759","1":"product","2":"type-product","3":"status-publish","4":"has-post-thumbnail","6":"product_cat-cock-play","7":"product_cat-sex-toys","9":"first","10":"instock","11":"taxable","12":"shipping-taxable","13":"purchasable","14":"product-type-simple"},"acf":[],"_links":{"self":[{"href":"https:\/\/poppers-online.ch\/fr\/wp-json\/wp\/v2\/product\/92759","targetHints":{"allow":["GET"]}}],"collection":[{"href":"https:\/\/poppers-online.ch\/fr\/wp-json\/wp\/v2\/product"}],"about":[{"href":"https:\/\/poppers-online.ch\/fr\/wp-json\/wp\/v2\/types\/product"}],"replies":[{"embeddable":true,"href":"https:\/\/poppers-online.ch\/fr\/wp-json\/wp\/v2\/comments?post=92759"}],"wp:featuredmedia":[{"embeddable":true,"href":"https:\/\/poppers-online.ch\/fr\/wp-json\/wp\/v2\/media\/92754"}],"wp:attachment":[{"href":"https:\/\/poppers-online.ch\/fr\/wp-json\/wp\/v2\/media?parent=92759"}],"wp:term":[{"taxonomy":"product_brand","embeddable":true,"href":"https:\/\/poppers-online.ch\/fr\/wp-json\/wp\/v2\/product_brand?post=92759"},{"taxonomy":"product_cat","embeddable":true,"href":"https:\/\/poppers-online.ch\/fr\/wp-json\/wp\/v2\/product_cat?post=92759"},{"taxonomy":"product_tag","embeddable":true,"href":"https:\/\/poppers-online.ch\/fr\/wp-json\/wp\/v2\/product_tag?post=92759"}],"curies":[{"name":"wp","href":"https:\/\/api.w.org\/{rel}","templated":true}]}}