{"id":92553,"date":"2024-05-02T14:21:44","date_gmt":"2024-05-02T15:28:17","guid":{"rendered":"https:\/\/poppers-online.ch\/produkt\/toyjoy-anal-play-smooth-anal-plug\/"},"modified":"2024-05-02T17:28:17","modified_gmt":"2024-05-02T15:28:17","slug":"toyjoy-anal-play-smooth-anal-plug","status":"publish","type":"product","link":"https:\/\/poppers-online.ch\/fr\/produit\/toyjoy-anal-play-smooth-anal-plug\/","title":{"rendered":"ToyJoy Anal Play Smooth Anal Plug"},"content":{"rendered":"","protected":false},"excerpt":{"rendered":"<p>Embarquez facilement pour votre voyage anal avec notre<strong> ToyJoy Anal Play Smooth Anal Plug<\/strong>. Fabriqu\u00e9 en silicone de haute qualit\u00e9, sa hauteur de 9,7 cm offre un ajustement parfait pour les d\u00e9butants. Le butoir anatomique garantit s\u00e9curit\u00e9 et confort pendant que vous repoussez vos limites et vivez de nouvelles exp\u00e9riences passionnantes.<\/p>\n","protected":false},"featured_media":92396,"comment_status":"open","ping_status":"closed","template":"","meta":{"_acf_changed":false,"iawp_total_views":13,"_glsr_average":0,"_glsr_ranking":0,"_glsr_reviews":0},"product_brand":[],"product_cat":[2085,171],"product_tag":[],"class_list":{"0":"post-92553","1":"product","2":"type-product","3":"status-publish","4":"has-post-thumbnail","6":"product_cat-anal-play","7":"product_cat-sex-toys","9":"first","10":"instock","11":"taxable","12":"shipping-taxable","13":"purchasable","14":"product-type-simple"},"acf":[],"_links":{"self":[{"href":"https:\/\/poppers-online.ch\/fr\/wp-json\/wp\/v2\/product\/92553","targetHints":{"allow":["GET"]}}],"collection":[{"href":"https:\/\/poppers-online.ch\/fr\/wp-json\/wp\/v2\/product"}],"about":[{"href":"https:\/\/poppers-online.ch\/fr\/wp-json\/wp\/v2\/types\/product"}],"replies":[{"embeddable":true,"href":"https:\/\/poppers-online.ch\/fr\/wp-json\/wp\/v2\/comments?post=92553"}],"wp:featuredmedia":[{"embeddable":true,"href":"https:\/\/poppers-online.ch\/fr\/wp-json\/wp\/v2\/media\/92396"}],"wp:attachment":[{"href":"https:\/\/poppers-online.ch\/fr\/wp-json\/wp\/v2\/media?parent=92553"}],"wp:term":[{"taxonomy":"product_brand","embeddable":true,"href":"https:\/\/poppers-online.ch\/fr\/wp-json\/wp\/v2\/product_brand?post=92553"},{"taxonomy":"product_cat","embeddable":true,"href":"https:\/\/poppers-online.ch\/fr\/wp-json\/wp\/v2\/product_cat?post=92553"},{"taxonomy":"product_tag","embeddable":true,"href":"https:\/\/poppers-online.ch\/fr\/wp-json\/wp\/v2\/product_tag?post=92553"}],"curies":[{"name":"wp","href":"https:\/\/api.w.org\/{rel}","templated":true}]}}