{"id":92543,"date":"2024-05-02T14:55:50","date_gmt":"2024-05-02T15:28:15","guid":{"rendered":"https:\/\/poppers-online.ch\/produkt\/toyjoy-anal-play-plug-anal-vibrant-moyen\/"},"modified":"2024-05-02T17:28:15","modified_gmt":"2024-05-02T15:28:15","slug":"toyjoy-anal-play-plug-anal-vibrant-moyen","status":"publish","type":"product","link":"https:\/\/poppers-online.ch\/fr\/produit\/toyjoy-anal-play-plug-anal-vibrant-moyen\/","title":{"rendered":"ToyJoy Anal Play Plug Anal Vibrant Moyen"},"content":{"rendered":"","protected":false},"excerpt":{"rendered":"<p>Plongez dans un plaisir sans limite avec notre <strong>ToyJoy Anal Play Vibrating Anal Plug Medium<\/strong>. Compatible avec les ceintures et les surfaces planes, ses vibrations \u00e0 plusieurs niveaux offrent un plaisir personnalisable. Fabriqu\u00e9 \u00e0 100% en silicone, sa surface lisse et velout\u00e9e et sa tige textur\u00e9e assurent un massage interne exquis. D&rsquo;une longueur de 11 cm, il est une pure g\u00e2terie pour la porte arri\u00e8re.<\/p>\n","protected":false},"featured_media":92417,"comment_status":"open","ping_status":"closed","template":"","meta":{"_acf_changed":false,"iawp_total_views":9,"_glsr_average":0,"_glsr_ranking":0,"_glsr_reviews":0},"product_brand":[],"product_cat":[2085,171],"product_tag":[],"class_list":{"0":"post-92543","1":"product","2":"type-product","3":"status-publish","4":"has-post-thumbnail","6":"product_cat-anal-play","7":"product_cat-sex-toys","9":"first","10":"instock","11":"taxable","12":"shipping-taxable","13":"purchasable","14":"product-type-simple"},"acf":[],"_links":{"self":[{"href":"https:\/\/poppers-online.ch\/fr\/wp-json\/wp\/v2\/product\/92543","targetHints":{"allow":["GET"]}}],"collection":[{"href":"https:\/\/poppers-online.ch\/fr\/wp-json\/wp\/v2\/product"}],"about":[{"href":"https:\/\/poppers-online.ch\/fr\/wp-json\/wp\/v2\/types\/product"}],"replies":[{"embeddable":true,"href":"https:\/\/poppers-online.ch\/fr\/wp-json\/wp\/v2\/comments?post=92543"}],"wp:featuredmedia":[{"embeddable":true,"href":"https:\/\/poppers-online.ch\/fr\/wp-json\/wp\/v2\/media\/92417"}],"wp:attachment":[{"href":"https:\/\/poppers-online.ch\/fr\/wp-json\/wp\/v2\/media?parent=92543"}],"wp:term":[{"taxonomy":"product_brand","embeddable":true,"href":"https:\/\/poppers-online.ch\/fr\/wp-json\/wp\/v2\/product_brand?post=92543"},{"taxonomy":"product_cat","embeddable":true,"href":"https:\/\/poppers-online.ch\/fr\/wp-json\/wp\/v2\/product_cat?post=92543"},{"taxonomy":"product_tag","embeddable":true,"href":"https:\/\/poppers-online.ch\/fr\/wp-json\/wp\/v2\/product_tag?post=92543"}],"curies":[{"name":"wp","href":"https:\/\/api.w.org\/{rel}","templated":true}]}}