{"id":92542,"date":"2024-05-02T16:58:58","date_gmt":"2024-05-02T14:58:58","guid":{"rendered":"https:\/\/poppers-online.ch\/produkt\/calexotics-boundless-2x-teardrop-plug\/"},"modified":"2024-05-02T17:28:15","modified_gmt":"2024-05-02T15:28:15","slug":"calexotics-boundless-2x-teardrop-plug","status":"publish","type":"product","link":"https:\/\/poppers-online.ch\/fr\/produit\/calexotics-boundless-2x-teardrop-plug\/","title":{"rendered":"CalExotics Boundless 2X Teardrop Plug"},"content":{"rendered":"","protected":false},"excerpt":{"rendered":"<p>Le plaisir devient infini avec l&rsquo;audacieux <strong>CalExotics Boundless 2X Teardrop Plug<\/strong>. Ce plug passionn\u00e9 a \u00e9t\u00e9 con\u00e7u pour un plaisir sans souci avec un petit design sph\u00e9rique, un corps flexible et une base facile \u00e0 saisir. Parfait pour les d\u00e9butants comme pour les experts en \u00e9rotisme, le design somptueux de la boule ajoute une nouvelle sensation excitante au jeu dans la cour. Pendant que vous vous perdez dans des sensations de flexion du genou, utilisez la base facile \u00e0 saisir pour une stimulation \u00e0 la vapeur, une insertion sans effort et un retrait en douceur. La sonde flexible est fabriqu\u00e9e dans un silicone respectueux du corps humain, avec un corps flexible et sans soudure. Le mat\u00e9riau respectueux du corps est inodore et sans phtalate pour garder vos parties les plus sensibles heureuses et en bonne sant\u00e9.<\/p>\n<p>&nbsp;<\/p>\n<div class=\"relative flex w-full min-w-0 flex-col agent-turn\">\n<div class=\"flex-col gap-1 md:gap-3\">\n<div class=\"flex flex-grow flex-col max-w-full\">\n<div class=\"min-h-[20px] text-message flex flex-col items-start gap-3 whitespace-pre-wrap break-words [.text-message+&amp;]:mt-5 text-token-text-tertiary overflow-x-auto\" dir=\"auto\" data-message-author-role=\"assistant\" data-message-id=\"18f80aa5-3002-448c-98bb-1df869b0f589\">\n<div class=\"result-streaming text-token-text-tertiary markdown prose w-full break-words dark:prose-invert light\">\n<p><strong>Information suppl\u00e9mentaire :<\/strong><\/p>\n<ul>\n<li>Petit design sph\u00e9rique<\/li>\n<li>Flexible, souple et durable avec une poign\u00e9e facile \u00e0 saisir<\/li>\n<li>Silicone premium lisse et sans soudure<\/li>\n<li>Respectueux du corps, inodore, sans phtalate<\/li>\n<\/ul>\n<div class=\"info-block--item\">\n<p>&nbsp;<\/p>\n<div><strong>Dimensions du produit<\/strong>: 6.25 x 2 cm<\/div>\n<\/div>\n<div class=\"info-block--item\">\n<div>Vibration : Non<\/div>\n<\/div>\n<div class=\"info-block--item\">\n<div>R\u00e9sistance \u00e0 l&rsquo;eau : \u00e9tanche<\/div>\n<\/div>\n<div class=\"info-block--item\">\n<div>Mat\u00e9riau : Silicone<\/div>\n<\/div>\n<div class=\"info-block--item\">\n<div>Rechargeable, en fait : Non<\/div>\n<\/div>\n<div class=\"info-block--item\">\n<div>Chauffage : Non<\/div>\n<\/div>\n<\/div>\n<\/div>\n<\/div>\n<\/div>\n<\/div>\n","protected":false},"featured_media":92527,"comment_status":"open","ping_status":"closed","template":"","meta":{"_acf_changed":false,"iawp_total_views":3,"_glsr_average":0,"_glsr_ranking":0,"_glsr_reviews":0},"product_brand":[],"product_cat":[2085,171],"product_tag":[],"class_list":{"0":"post-92542","1":"product","2":"type-product","3":"status-publish","4":"has-post-thumbnail","6":"product_cat-anal-play","7":"product_cat-sex-toys","9":"first","10":"outofstock","11":"taxable","12":"shipping-taxable","13":"purchasable","14":"product-type-simple"},"acf":[],"_links":{"self":[{"href":"https:\/\/poppers-online.ch\/fr\/wp-json\/wp\/v2\/product\/92542","targetHints":{"allow":["GET"]}}],"collection":[{"href":"https:\/\/poppers-online.ch\/fr\/wp-json\/wp\/v2\/product"}],"about":[{"href":"https:\/\/poppers-online.ch\/fr\/wp-json\/wp\/v2\/types\/product"}],"replies":[{"embeddable":true,"href":"https:\/\/poppers-online.ch\/fr\/wp-json\/wp\/v2\/comments?post=92542"}],"wp:featuredmedia":[{"embeddable":true,"href":"https:\/\/poppers-online.ch\/fr\/wp-json\/wp\/v2\/media\/92527"}],"wp:attachment":[{"href":"https:\/\/poppers-online.ch\/fr\/wp-json\/wp\/v2\/media?parent=92542"}],"wp:term":[{"taxonomy":"product_brand","embeddable":true,"href":"https:\/\/poppers-online.ch\/fr\/wp-json\/wp\/v2\/product_brand?post=92542"},{"taxonomy":"product_cat","embeddable":true,"href":"https:\/\/poppers-online.ch\/fr\/wp-json\/wp\/v2\/product_cat?post=92542"},{"taxonomy":"product_tag","embeddable":true,"href":"https:\/\/poppers-online.ch\/fr\/wp-json\/wp\/v2\/product_tag?post=92542"}],"curies":[{"name":"wp","href":"https:\/\/api.w.org\/{rel}","templated":true}]}}