{"id":92536,"date":"2024-05-02T16:14:22","date_gmt":"2024-05-02T14:14:22","guid":{"rendered":"https:\/\/poppers-online.ch\/produkt\/calexotics-tri-rings-3-cockrings\/"},"modified":"2024-05-02T17:28:13","modified_gmt":"2024-05-02T15:28:13","slug":"calexotics-tri-rings-3-cockrings","status":"publish","type":"product","link":"https:\/\/poppers-online.ch\/fr\/produit\/calexotics-tri-rings-3-cockrings\/","title":{"rendered":"CalExotics Tri-Rings 3 Cockrings"},"content":{"rendered":"","protected":false},"excerpt":{"rendered":"<p>Profitez d&rsquo;un triple plaisir \u00e9rotique et de la luxure avec les <strong>cockrings CalExotics Tri-Rings 3<\/strong>. Les amplificateurs d&rsquo;\u00e9rection discrets sont faciles \u00e0 utiliser et id\u00e9aux pour une am\u00e9lioration imm\u00e9diate des performances, chaque fois que vous avez envie de s\u00e9duction sensuelle et de satisfaction sans fin. Les anneaux sont disponibles en diff\u00e9rentes tailles pour permettre des extases orgasmiques maximis\u00e9es et prolong\u00e9es. Les amplificateurs polyvalents et r\u00e9utilisables se composent de trois tailles diff\u00e9rentes, con\u00e7ues pour s&rsquo;adapter confortablement au p\u00e9nis en \u00e9rection, afin de favoriser l&rsquo;endurance et de prolonger le plaisir. Les anneaux \u00e9l\u00e9gants sont en caoutchouc lisse et flexible et mesurent <strong>1,75&Prime;\/4 cm, 2&Prime;\/5 cm<\/strong> et g\u00e9n\u00e9reusement <strong>2,5&Prime;\/6 cm<\/strong>. Pour l&rsquo;utiliser, faites glisser la taille d&rsquo;anneau souhait\u00e9e sur le p\u00e9nis en \u00e9rection et poussez-la jusqu&rsquo;\u00e0 la base. L&rsquo;\u00e9lastique offre un soutien pour une intimit\u00e9 prolong\u00e9e et des \u00e9rections dures comme la pierre. Pour augmenter les picotements et les sensations agr\u00e9ables, il est recommand\u00e9 de toujours utiliser un lubrifiant de qualit\u00e9 avec ce jouet. Faciles \u00e0 utiliser, ces amplificateurs sont parfaits pour les premiers utilisateurs comme pour les plus exp\u00e9riment\u00e9s, et parfaits pour un jeu spontan\u00e9 et sans limites. Le trio d&rsquo;anneaux de renforcement de la gomme est id\u00e9al pour l&rsquo;exploration de la masturbation et pour des pr\u00e9liminaires \u00e9largis pour les couples. Utilisez les anneaux moyens, grands et extra grands pour am\u00e9liorer l&rsquo;endurance et la performance pour une exp\u00e9rience \u00e9poustouflante \u00e0 chaque fois. Nettoyez les anneaux en caoutchouc avant et apr\u00e8s chaque utilisation avec un nettoyant pour jouets ou lavez-les dans de l&rsquo;eau savonneuse douce.<\/p>\n","protected":false},"featured_media":92495,"comment_status":"open","ping_status":"closed","template":"","meta":{"_acf_changed":false,"iawp_total_views":6,"_glsr_average":0,"_glsr_ranking":0,"_glsr_reviews":0},"product_brand":[],"product_cat":[2091,171],"product_tag":[],"class_list":{"0":"post-92536","1":"product","2":"type-product","3":"status-publish","4":"has-post-thumbnail","6":"product_cat-cock-play","7":"product_cat-sex-toys","9":"first","10":"instock","11":"taxable","12":"shipping-taxable","13":"purchasable","14":"product-type-simple"},"acf":[],"_links":{"self":[{"href":"https:\/\/poppers-online.ch\/fr\/wp-json\/wp\/v2\/product\/92536","targetHints":{"allow":["GET"]}}],"collection":[{"href":"https:\/\/poppers-online.ch\/fr\/wp-json\/wp\/v2\/product"}],"about":[{"href":"https:\/\/poppers-online.ch\/fr\/wp-json\/wp\/v2\/types\/product"}],"replies":[{"embeddable":true,"href":"https:\/\/poppers-online.ch\/fr\/wp-json\/wp\/v2\/comments?post=92536"}],"wp:featuredmedia":[{"embeddable":true,"href":"https:\/\/poppers-online.ch\/fr\/wp-json\/wp\/v2\/media\/92495"}],"wp:attachment":[{"href":"https:\/\/poppers-online.ch\/fr\/wp-json\/wp\/v2\/media?parent=92536"}],"wp:term":[{"taxonomy":"product_brand","embeddable":true,"href":"https:\/\/poppers-online.ch\/fr\/wp-json\/wp\/v2\/product_brand?post=92536"},{"taxonomy":"product_cat","embeddable":true,"href":"https:\/\/poppers-online.ch\/fr\/wp-json\/wp\/v2\/product_cat?post=92536"},{"taxonomy":"product_tag","embeddable":true,"href":"https:\/\/poppers-online.ch\/fr\/wp-json\/wp\/v2\/product_tag?post=92536"}],"curies":[{"name":"wp","href":"https:\/\/api.w.org\/{rel}","templated":true}]}}