{"id":92363,"date":"2024-05-02T13:07:54","date_gmt":"2024-05-02T11:07:54","guid":{"rendered":"https:\/\/poppers-online.ch\/produkt\/super-sniffer-poppers-booster-cap-taille-m-noir\/"},"modified":"2024-05-17T21:19:29","modified_gmt":"2024-05-17T19:19:29","slug":"super-sniffer-poppers-booster-cap-taille-m-noir","status":"publish","type":"product","link":"https:\/\/poppers-online.ch\/fr\/produit\/super-sniffer-poppers-booster-cap-taille-m-noir\/","title":{"rendered":"Super Sniffer Poppers Booster Cap taille M noir"},"content":{"rendered":"","protected":false},"excerpt":{"rendered":"<p><span style=\"font-weight: 400\">Le <strong>Super Sniffer Poppers Booster Cap taille M noir <\/strong>&#8211; une innovation g\u00e9niale venue des \u00c9tats-Unis &#8211; r\u00e9sout un probl\u00e8me que nous connaissons tous gr\u00e2ce \u00e0 son m\u00e9canisme de bouton-pression \u00e9prouv\u00e9 : plus de br\u00fblures nasales lors de la consommation de poppers et plus jamais de renversement de poppers, par exemple au lit.  <\/span><span style=\"font-weight: 400\">Ce n&rsquo;est que lorsque vous appuyez sur le bouton que le poppers s&rsquo;\u00e9coule de la bouteille. Lorsque vous rel\u00e2chez le bouton, le Super Sniffer est \u00e9tanche, m\u00eame si la bouteille se renverse parce qu&rsquo;il y a de l&rsquo;agitation.<\/span><span style=\"font-weight: 400\"> <strong> La taille M du Super Sniffer<\/strong> s&rsquo;adapte \u00e0 <strong>tous les filetages des flacons des fabricants Oxymoron et Shelbora<\/strong>, ainsi qu&rsquo;aux flacons du <strong>fabricant Royal Hexagon et de Lockerroom<\/strong> (\u00e0 l&rsquo;exception des flacons Lockerrrom 25ml, la taille M ne convient pas). La version V2 am\u00e9lior\u00e9e du Super Sniffer est moul\u00e9e par injection, ce qui rend le Super Sniffer beaucoup plus durable. De plus, le filetage est en aluminium, ce qui \u00e9vite que le plastique ne s&rsquo;\u00e9caille. Le Super Sniffer V2 n&rsquo;est pas sensible \u00e0 la chaleur. Gr\u00e2ce \u00e0 la poign\u00e9e collier pratique, vous pouvez toujours avoir votre Super Sniffer sur vous. Essayez le Super Sniffer V2 et laissez-nous, ainsi qu&rsquo;\u00e0 tous les autres clients, un commentaire sur le produit en bas de cette page. Amusez-vous bien !<\/span><\/p>\n","protected":false},"featured_media":93731,"comment_status":"open","ping_status":"closed","template":"","meta":{"_acf_changed":false,"iawp_total_views":4,"_glsr_average":0,"_glsr_ranking":0,"_glsr_reviews":0},"product_brand":[],"product_cat":[149,1303],"product_tag":[],"class_list":{"0":"post-92363","1":"product","2":"type-product","3":"status-publish","4":"has-post-thumbnail","6":"product_cat-accessoires-poppers","7":"product_cat-booster-caps","8":"pa_booster-cap-gewindegroesse-pour-taille-de-filetage-small","10":"first","11":"outofstock","12":"taxable","13":"shipping-taxable","14":"purchasable","15":"product-type-simple"},"acf":[],"_links":{"self":[{"href":"https:\/\/poppers-online.ch\/fr\/wp-json\/wp\/v2\/product\/92363","targetHints":{"allow":["GET"]}}],"collection":[{"href":"https:\/\/poppers-online.ch\/fr\/wp-json\/wp\/v2\/product"}],"about":[{"href":"https:\/\/poppers-online.ch\/fr\/wp-json\/wp\/v2\/types\/product"}],"replies":[{"embeddable":true,"href":"https:\/\/poppers-online.ch\/fr\/wp-json\/wp\/v2\/comments?post=92363"}],"wp:featuredmedia":[{"embeddable":true,"href":"https:\/\/poppers-online.ch\/fr\/wp-json\/wp\/v2\/media\/93731"}],"wp:attachment":[{"href":"https:\/\/poppers-online.ch\/fr\/wp-json\/wp\/v2\/media?parent=92363"}],"wp:term":[{"taxonomy":"product_brand","embeddable":true,"href":"https:\/\/poppers-online.ch\/fr\/wp-json\/wp\/v2\/product_brand?post=92363"},{"taxonomy":"product_cat","embeddable":true,"href":"https:\/\/poppers-online.ch\/fr\/wp-json\/wp\/v2\/product_cat?post=92363"},{"taxonomy":"product_tag","embeddable":true,"href":"https:\/\/poppers-online.ch\/fr\/wp-json\/wp\/v2\/product_tag?post=92363"}],"curies":[{"name":"wp","href":"https:\/\/api.w.org\/{rel}","templated":true}]}}