{"id":92114,"date":"2024-04-28T21:49:07","date_gmt":"2024-04-28T20:07:42","guid":{"rendered":"https:\/\/poppers-online.ch\/produkt\/unigloves-select-black-300-gants-extra-longs-en-latex\/"},"modified":"2024-04-28T22:07:42","modified_gmt":"2024-04-28T20:07:42","slug":"unigloves-select-black-300-gants-extra-longs-en-latex","status":"publish","type":"product","link":"https:\/\/poppers-online.ch\/fr\/produit\/unigloves-select-black-300-gants-extra-longs-en-latex\/","title":{"rendered":"Unigloves SELECT BLACK 300 Gants extra longs en latex"},"content":{"rendered":"","protected":false},"excerpt":{"rendered":"<div><span style=\"font-weight: 400\">Les gants noirs Unigloves SELECT BLACK 300 extra longs en latex sont fabriqu\u00e9s \u00e0 partir de latex naturel de haute qualit\u00e9. Ils sont parfaits pour fister ou pour d&rsquo;autres jeux coquins. Lors du fisting, les gants en latex jetables vous prot\u00e8gent, vous et votre partenaire. Gr\u00e2ce aux Unigloves, votre fistule n&rsquo;a plus \u00e0 craindre vos ongles et peut ainsi mieux se d\u00e9tendre.  <\/span><\/div>\n<div>\n<p><strong>Caract\u00e9ristiques du gant d&rsquo;hygi\u00e8ne et de protection Unigloves :<\/strong><\/p>\n<ul>\n<li style=\"font-weight: 400\"><span style=\"font-weight: 400\">particuli\u00e8rement r\u00e9sistant, \u00e9tanche<\/span><\/li>\n<li style=\"font-weight: 400\"><span style=\"font-weight: 400\">Protection contre les virus, les champignons, les bact\u00e9ries et les maladies<\/span><\/li>\n<li style=\"font-weight: 400\"><span style=\"font-weight: 400\">particuli\u00e8rement extensible<\/span><\/li>\n<li style=\"font-weight: 400\"><span style=\"font-weight: 400\">tr\u00e8s doux pour la peau<\/span><\/li>\n<li style=\"font-weight: 400\"><span style=\"font-weight: 400\">bord roul\u00e9 stable facile \u00e0 mettre et \u00e0 enlever<\/span><\/li>\n<li style=\"font-weight: 400\"><span style=\"font-weight: 400\">non st\u00e9rile, non poudr\u00e9<\/span><\/li>\n<li style=\"font-weight: 400\"><span style=\"font-weight: 400\">100 pi\u00e8ces par bo\u00eete Bo\u00eete distributrice<\/span><\/li>\n<li style=\"font-weight: 400\"><span style=\"font-weight: 400\">Noir<\/span><\/li>\n<li style=\"font-weight: 400\"><span style=\"font-weight: 400\">Norme : EN 455, EN ISO 374-1:2016 <\/span><b>Type C<\/b><span style=\"font-weight: 400\">, EN ISO 374-5:2016 <\/span><b>VIRUS<\/b><\/li>\n<li style=\"font-weight: 400\"><span style=\"font-weight: 400\">Classe de protection : Cat. III,  <\/span><span style=\"font-weight: 400\">AQL 1.5<\/span><\/li>\n<li style=\"font-weight: 400\"><span style=\"font-weight: 400\">s&rsquo;adapte \u00e0 gauche et \u00e0 droite<\/span><\/li>\n<\/ul>\n<p>&nbsp;<\/p>\n<p><span style=\"font-weight: 400\">La particularit\u00e9 des gants Select Black 300 de Unigloves est leur longueur : ces gants noirs extra longs ont une tige allong\u00e9e. Vous pourrez ainsi plus facilement p\u00e9n\u00e9trer encore plus profond\u00e9ment dans l&rsquo;anus de votre fistule. La longueur du Select Black 300 est de 300 mm. Amusez-vous bien !<\/span><\/p>\n<\/div>\n","protected":false},"featured_media":92083,"comment_status":"open","ping_status":"closed","template":"","meta":{"_acf_changed":false,"iawp_total_views":5,"_glsr_average":0,"_glsr_ranking":0,"_glsr_reviews":0},"product_brand":[],"product_cat":[2070,166],"product_tag":[],"class_list":{"0":"post-92114","1":"product","2":"type-product","3":"status-publish","4":"has-post-thumbnail","6":"product_cat-helpers","7":"product_cat-droguerie","9":"first","10":"instock","11":"taxable","12":"shipping-taxable","13":"purchasable","14":"product-type-variable","15":"has-default-attributes"},"acf":[],"_links":{"self":[{"href":"https:\/\/poppers-online.ch\/fr\/wp-json\/wp\/v2\/product\/92114","targetHints":{"allow":["GET"]}}],"collection":[{"href":"https:\/\/poppers-online.ch\/fr\/wp-json\/wp\/v2\/product"}],"about":[{"href":"https:\/\/poppers-online.ch\/fr\/wp-json\/wp\/v2\/types\/product"}],"replies":[{"embeddable":true,"href":"https:\/\/poppers-online.ch\/fr\/wp-json\/wp\/v2\/comments?post=92114"}],"wp:featuredmedia":[{"embeddable":true,"href":"https:\/\/poppers-online.ch\/fr\/wp-json\/wp\/v2\/media\/92083"}],"wp:attachment":[{"href":"https:\/\/poppers-online.ch\/fr\/wp-json\/wp\/v2\/media?parent=92114"}],"wp:term":[{"taxonomy":"product_brand","embeddable":true,"href":"https:\/\/poppers-online.ch\/fr\/wp-json\/wp\/v2\/product_brand?post=92114"},{"taxonomy":"product_cat","embeddable":true,"href":"https:\/\/poppers-online.ch\/fr\/wp-json\/wp\/v2\/product_cat?post=92114"},{"taxonomy":"product_tag","embeddable":true,"href":"https:\/\/poppers-online.ch\/fr\/wp-json\/wp\/v2\/product_tag?post=92114"}],"curies":[{"name":"wp","href":"https:\/\/api.w.org\/{rel}","templated":true}]}}