{"id":91918,"date":"2024-04-26T10:26:28","date_gmt":"2024-04-26T08:26:28","guid":{"rendered":"https:\/\/poppers-online.ch\/produkt\/poppers-keeper-small-pour-10ml-de-poppers\/"},"modified":"2026-01-13T18:12:24","modified_gmt":"2026-01-13T17:12:24","slug":"poppers-keeper-small-pour-10ml-de-poppers","status":"publish","type":"product","link":"https:\/\/poppers-online.ch\/fr\/produit\/poppers-keeper-small-pour-10ml-de-poppers\/","title":{"rendered":"Poppers Keeper Small pour 10ml de poppers"},"content":{"rendered":"","protected":false},"excerpt":{"rendered":"<p><span style=\"font-weight: 400;\"><strong>Le Poppers Keeper Small pour Poppers 10ml<\/strong> est un r\u00e9cipient robuste pour les flacons de Poppers 10ml et sert d&rsquo;\u00e9tui de protection pour tous les flacons de Poppers 10ml. De plus, le Poppers Keeper offre plus de discr\u00e9tion lors de tes d\u00e9placements, par exemple lorsque tu transportes ton Poppers dans ton sac \u00e0 dos ou dans ton sac de sport. Le Poppers Keeper a r\u00e9sist\u00e9 avec succ\u00e8s \u00e0 divers tests de casse et de chaleur, il est donc \u00e9galement id\u00e9al pour le transport des Poppers pendant les mois d&rsquo;\u00e9t\u00e9.   \u00c0 la maison, le Poppers Keeper assure un rangement s\u00fbr et tr\u00e8s discret. <\/span><\/p>\n<p><span style=\"font-weight: 400;\">Caract\u00e9ristiques :<\/span><\/p>\n<ul>\n<li style=\"font-weight: 400;\"><span style=\"font-weight: 400;\">Mat\u00e9riau : PLA \u00e9cologique (plastique biod\u00e9gradable)<\/span><\/li>\n<li style=\"font-weight: 400;\"><span style=\"font-weight: 400;\">Masse: 45 mm Durchmesser, 61 mm H\u00f6he (perfekte Gr\u00f6sse f\u00fcr 10ml Flaschen)<\/span><\/li>\n<li style=\"font-weight: 400;\"><span style=\"font-weight: 400;\">Couleur : Noir<\/span><\/li>\n<li style=\"font-weight: 400;\"><span style=\"font-weight: 400;\">Compatibilit\u00e9 : pour les flacons de poppers en verre de 10 ml (par exemple de Lockerroom ou Oxymoron)<\/span><\/li>\n<li style=\"font-weight: 400;\"><span style=\"font-weight: 400;\">Protection : contre les chutes, les fuites et les \u00e9manations<\/span><\/li>\n<\/ul>\n<p>Dans cette vid\u00e9o, nous te montrons comment transporter tes Poppers de mani\u00e8re absolument inodore et discr\u00e8te gr\u00e2ce au Keeper :<\/p>\n","protected":false},"featured_media":130749,"comment_status":"open","ping_status":"closed","template":"","meta":{"_acf_changed":false,"iawp_total_views":12,"_glsr_average":0,"_glsr_ranking":0,"_glsr_reviews":0},"product_brand":[],"product_cat":[149,1297],"product_tag":[],"class_list":{"0":"post-91918","1":"product","2":"type-product","3":"status-publish","4":"has-post-thumbnail","6":"product_cat-accessoires-poppers","7":"product_cat-deopts-de-rangement","9":"first","10":"instock","11":"taxable","12":"shipping-taxable","13":"purchasable","14":"product-type-simple"},"acf":[],"_links":{"self":[{"href":"https:\/\/poppers-online.ch\/fr\/wp-json\/wp\/v2\/product\/91918","targetHints":{"allow":["GET"]}}],"collection":[{"href":"https:\/\/poppers-online.ch\/fr\/wp-json\/wp\/v2\/product"}],"about":[{"href":"https:\/\/poppers-online.ch\/fr\/wp-json\/wp\/v2\/types\/product"}],"replies":[{"embeddable":true,"href":"https:\/\/poppers-online.ch\/fr\/wp-json\/wp\/v2\/comments?post=91918"}],"wp:featuredmedia":[{"embeddable":true,"href":"https:\/\/poppers-online.ch\/fr\/wp-json\/wp\/v2\/media\/130749"}],"wp:attachment":[{"href":"https:\/\/poppers-online.ch\/fr\/wp-json\/wp\/v2\/media?parent=91918"}],"wp:term":[{"taxonomy":"product_brand","embeddable":true,"href":"https:\/\/poppers-online.ch\/fr\/wp-json\/wp\/v2\/product_brand?post=91918"},{"taxonomy":"product_cat","embeddable":true,"href":"https:\/\/poppers-online.ch\/fr\/wp-json\/wp\/v2\/product_cat?post=91918"},{"taxonomy":"product_tag","embeddable":true,"href":"https:\/\/poppers-online.ch\/fr\/wp-json\/wp\/v2\/product_tag?post=91918"}],"curies":[{"name":"wp","href":"https:\/\/api.w.org\/{rel}","templated":true}]}}