{"id":91851,"date":"2024-04-25T14:08:01","date_gmt":"2024-04-25T12:08:01","guid":{"rendered":"https:\/\/poppers-online.ch\/produkt\/dirty-pig-poppers-24ml-incl-livre-de-poche-hit-hold-release-vol-2-edition-anglaise\/"},"modified":"2025-08-18T09:47:51","modified_gmt":"2025-08-18T07:47:51","slug":"dirty-pig-poppers-24ml-incl-livre-de-poche-hit-hold-release-vol-2-edition-anglaise","status":"publish","type":"product","link":"https:\/\/poppers-online.ch\/fr\/produit\/dirty-pig-poppers-24ml-incl-livre-de-poche-hit-hold-release-vol-2-edition-anglaise\/","title":{"rendered":"Dirty PIG Poppers 24ml incl. Livre de poche Hit Hold Release Vol. 2 &#8211; \u00c9dition anglaise"},"content":{"rendered":"","protected":false},"excerpt":{"rendered":"<p><strong>Dirty PIG Poppers 24ml <\/strong>est sur le march\u00e9 depuis 2023 et contient l\u2019ancien vrai pentyl nitrite. Ce poppers ne doit en aucun cas manquer \u00e0 ta prochaine session coquine. La <strong>intensit\u00e9 5 de <\/strong>cette flacon te permet de profiter pleinement de tes aventures sexuelles cochonne. Dirty PIG Poppers te transforme en une vraie truie au lit. Ce poppers est aussi dispo en flacon de 10 ml.    <\/p>\n<p>Dans ce pack, tu re\u00e7ois le premier livre <strong>porno <\/strong>d&rsquo;histoires de sexe. Le site  <strong>Livre de poche Hit Hold Release Vol. 2 &#8211; \u00c9dition anglaise <\/strong> est destin\u00e9 \u00e0 tous ceux qui aiment les poppers et le sexe entre hommes ! Tim Willems y d\u00e9crit ses exp\u00e9riences sexuelles les plus chaudes pour la premi\u00e8re partie, qui feront durcir ta queue et t\u2019inciteront \u00e0 prendre du poppers. Dans la deuxi\u00e8me partie du livre \u00e9rotique gay, les popperbators du monde entier ont pu envoyer leurs histoires \u2013 elles te servent aussi de mod\u00e8le pour te branler ! Le moment fort, c\u2019est l\u2019entra\u00eenement au poppers, que tu connais peut-\u00eatre d\u00e9j\u00e0 gr\u00e2ce \u00e0 diff\u00e9rentes vid\u00e9os. Ici aussi, tu suis les instructions <g id=\"gid_0\">HIT &#8211; HOLD &#8211; RELEASE<\/g> et tu as devant les yeux le porno le plus chaud : celui que ton imagination et les images de Tim cr\u00e9ent ensemble dans ta t\u00eate.    <\/p>\n","protected":false},"featured_media":91841,"comment_status":"open","ping_status":"closed","template":"","meta":{"_acf_changed":false,"iawp_total_views":0,"_glsr_average":0,"_glsr_ranking":0,"_glsr_reviews":0},"product_brand":[],"product_cat":[1046,76,77,149],"product_tag":[],"class_list":{"0":"post-91851","1":"product","2":"type-product","3":"status-publish","4":"has-post-thumbnail","6":"product_cat-poppers","7":"product_cat-paquets-economiques","8":"product_cat-grands-flacons","9":"product_cat-accessoires-poppers","10":"pa_inhalt-combo","11":"pa_inhalt-24ml","12":"pa_inhaltsstoffe-nitrite-de-pentyle","13":"pa_marke-edition-oxy","14":"pa_staerke-90","16":"first","17":"instock","18":"sale","19":"taxable","20":"shipping-taxable","21":"purchasable","22":"product-type-simple"},"acf":[],"_links":{"self":[{"href":"https:\/\/poppers-online.ch\/fr\/wp-json\/wp\/v2\/product\/91851","targetHints":{"allow":["GET"]}}],"collection":[{"href":"https:\/\/poppers-online.ch\/fr\/wp-json\/wp\/v2\/product"}],"about":[{"href":"https:\/\/poppers-online.ch\/fr\/wp-json\/wp\/v2\/types\/product"}],"replies":[{"embeddable":true,"href":"https:\/\/poppers-online.ch\/fr\/wp-json\/wp\/v2\/comments?post=91851"}],"wp:featuredmedia":[{"embeddable":true,"href":"https:\/\/poppers-online.ch\/fr\/wp-json\/wp\/v2\/media\/91841"}],"wp:attachment":[{"href":"https:\/\/poppers-online.ch\/fr\/wp-json\/wp\/v2\/media?parent=91851"}],"wp:term":[{"taxonomy":"product_brand","embeddable":true,"href":"https:\/\/poppers-online.ch\/fr\/wp-json\/wp\/v2\/product_brand?post=91851"},{"taxonomy":"product_cat","embeddable":true,"href":"https:\/\/poppers-online.ch\/fr\/wp-json\/wp\/v2\/product_cat?post=91851"},{"taxonomy":"product_tag","embeddable":true,"href":"https:\/\/poppers-online.ch\/fr\/wp-json\/wp\/v2\/product_tag?post=91851"}],"curies":[{"name":"wp","href":"https:\/\/api.w.org\/{rel}","templated":true}]}}