{"id":91848,"date":"2024-04-25T13:52:18","date_gmt":"2024-04-25T11:52:18","guid":{"rendered":"https:\/\/poppers-online.ch\/produkt\/dirty-pig-poppers-24ml-incl-livre-de-poche-hit-hold-release-vol-2-edition-francaise\/"},"modified":"2025-08-18T09:45:49","modified_gmt":"2025-08-18T07:45:49","slug":"dirty-pig-poppers-24ml-incl-livre-de-poche-hit-hold-release-vol-2-edition-francaise","status":"publish","type":"product","link":"https:\/\/poppers-online.ch\/fr\/produit\/dirty-pig-poppers-24ml-incl-livre-de-poche-hit-hold-release-vol-2-edition-francaise\/","title":{"rendered":"Dirty PIG Poppers 24ml incl. Livre de poche Hit Hold Release Vol. 2 &#8211; \u00c9dition fran\u00e7aise"},"content":{"rendered":"","protected":false},"excerpt":{"rendered":"<p><strong>Dirty PIG Poppers 24ml<\/strong> est sur le march\u00e9 depuis 2023 et contient l\u2019ancien vrai pentyl nitrite. Ce poppers ne doit en aucun cas manquer \u00e0 ta prochaine session coquine. La <g id=\"gid_1\">intensit\u00e9 5 de<\/g> cette flacon te permet de profiter pleinement de tes aventures sexuelles cochonnes. Dirty PIG Poppers fera de toi une vraie truie au lit. Dirty PIG Poppers est aussi dispo en flacon de 10 ml.    <\/p>\n<p>Dans ce pack, tu re\u00e7ois le premier livre <strong>porno<\/strong> d\u2019histoires de sexe.  <strong>Livre de poche Hit Hold Release Vol. 2 \u2013 \u00c9dition fran\u00e7aise <\/strong> est destin\u00e9 \u00e0 tous ceux qui aiment les Poppers et le sexe entre hommes ! Tim Willems a \u00e9crit en d\u00e9tail ses exp\u00e9riences sexuelles les plus excitantes pour la premi\u00e8re partie, qui te feront durcir la queue et te donneront envie de tirer sur le popper. Pour la deuxi\u00e8me partie du livre \u00e9rotique gay, les popperbators du monde entier ont pu soumettre leurs histoires, qui te servent \u00e9galement de mod\u00e8le de branlette ! Le point fort est l\u2019entra\u00eenement aux Poppers, que tu as peut-\u00eatre d\u00e9j\u00e0 vu dans diff\u00e9rentes vid\u00e9os. Ici aussi, tu suis les instructions <strong>HIT \u2013 HOLD \u2013 RELEASE<\/strong> et tu as devant les yeux le porno le plus chaud : celui que ton imagination et les images que Tim te met dans la t\u00eate cr\u00e9ent ensemble.    <\/p>\n","protected":false},"featured_media":91836,"comment_status":"open","ping_status":"closed","template":"","meta":{"_acf_changed":false,"iawp_total_views":6,"_glsr_average":0,"_glsr_ranking":0,"_glsr_reviews":0},"product_brand":[],"product_cat":[1046,76,77,149],"product_tag":[],"class_list":{"0":"post-91848","1":"product","2":"type-product","3":"status-publish","4":"has-post-thumbnail","6":"product_cat-poppers","7":"product_cat-paquets-economiques","8":"product_cat-grands-flacons","9":"product_cat-accessoires-poppers","10":"pa_inhalt-combo","11":"pa_inhalt-24ml","12":"pa_marke-edition-oxy","13":"pa_staerke-90","15":"first","16":"instock","17":"sale","18":"taxable","19":"shipping-taxable","20":"purchasable","21":"product-type-simple"},"acf":[],"_links":{"self":[{"href":"https:\/\/poppers-online.ch\/fr\/wp-json\/wp\/v2\/product\/91848","targetHints":{"allow":["GET"]}}],"collection":[{"href":"https:\/\/poppers-online.ch\/fr\/wp-json\/wp\/v2\/product"}],"about":[{"href":"https:\/\/poppers-online.ch\/fr\/wp-json\/wp\/v2\/types\/product"}],"replies":[{"embeddable":true,"href":"https:\/\/poppers-online.ch\/fr\/wp-json\/wp\/v2\/comments?post=91848"}],"wp:featuredmedia":[{"embeddable":true,"href":"https:\/\/poppers-online.ch\/fr\/wp-json\/wp\/v2\/media\/91836"}],"wp:attachment":[{"href":"https:\/\/poppers-online.ch\/fr\/wp-json\/wp\/v2\/media?parent=91848"}],"wp:term":[{"taxonomy":"product_brand","embeddable":true,"href":"https:\/\/poppers-online.ch\/fr\/wp-json\/wp\/v2\/product_brand?post=91848"},{"taxonomy":"product_cat","embeddable":true,"href":"https:\/\/poppers-online.ch\/fr\/wp-json\/wp\/v2\/product_cat?post=91848"},{"taxonomy":"product_tag","embeddable":true,"href":"https:\/\/poppers-online.ch\/fr\/wp-json\/wp\/v2\/product_tag?post=91848"}],"curies":[{"name":"wp","href":"https:\/\/api.w.org\/{rel}","templated":true}]}}