{"id":91829,"date":"2024-04-25T12:54:59","date_gmt":"2024-04-25T11:13:40","guid":{"rendered":"https:\/\/poppers-online.ch\/produkt\/hit-hold-release-livre-de-poche-a-gay-adult-poppers-quickie-edition-francaise-vol-2\/"},"modified":"2024-10-15T23:15:40","modified_gmt":"2024-10-15T21:15:40","slug":"hit-hold-release-livre-de-poche-a-gay-adult-poppers-quickie-edition-francaise-vol-2","status":"publish","type":"product","link":"https:\/\/poppers-online.ch\/fr\/produit\/hit-hold-release-livre-de-poche-a-gay-adult-poppers-quickie-edition-francaise-vol-2\/","title":{"rendered":"Hit Hold Release &#8211; Livre de poche &#8211; A Gay Adult Poppers Quickie &#8211; \u00c9dition Allemand Vol.2"},"content":{"rendered":"","protected":false},"excerpt":{"rendered":"<p><strong>Hit Hold Release &#8211; Livre de poche &#8211; A Gay Adult Poppers Quickie &#8211; \u00c9dition Allemand Vol.2<\/strong><\/p>\n<p><span style=\"font-weight: 400;\">L<strong>&lsquo;\u00e9dition 2<\/strong> du premier livre porno gay au monde, \u00ab\u00a0Hit Hold Release\u00a0\u00bb, est arriv\u00e9e !<\/span><\/p>\n<p><span style=\"font-weight: 400;\"><strong>Tim Willems<\/strong> a entendu les appels de ses fans \u00e0 se r\u00e9approvisionner et a publi\u00e9 un livret pour le quickie Poppers de temps en temps.<\/span><\/p>\n<p><span style=\"font-weight: 400;\">Courtes, excitantes et dures, ces histoires gays sont de nouvelles exp\u00e9riences de Tim et de ses potes poppers de diff\u00e9rentes nationalit\u00e9s.<\/span><\/p>\n<p><span style=\"font-weight: 400;\">Hart est \u00e9galement &#8211; comme dans le premier livre &#8211; le point fort de cette \u00e9dition : l&rsquo;entra\u00eenement au poppers. Tim vous emm\u00e8ne \u00e0 nouveau en voyage, vous allez tirer, tenir et expirer des poppers selon ses instructions. Le porno le plus chaud se d\u00e9roule dans votre esprit : le porno que votre imagination et les images que Tim vous met dans la t\u00eate cr\u00e9ent ensemble. Vous pouvez vous abandonner enti\u00e8rement \u00e0 sa guidance lorsqu&rsquo;il vous dit les mots magiques.<\/span><\/p>\n<p><span style=\"font-weight: 400;\">Vous allez en profiter ! Maintenant, prenez votre poppers et allez-y !<\/span><span style=\"font-weight: 400;\"><br \/>\n<\/span><strong><br \/>\nHIT !<br \/>\nHOLD !<br \/>\nRELEASE !<\/strong><\/p>\n","protected":false},"featured_media":91812,"comment_status":"open","ping_status":"closed","template":"","meta":{"_acf_changed":false,"iawp_total_views":3,"_glsr_average":0,"_glsr_ranking":0,"_glsr_reviews":0},"product_brand":[],"product_cat":[149],"product_tag":[],"class_list":{"0":"post-91829","1":"product","2":"type-product","3":"status-publish","4":"has-post-thumbnail","6":"product_cat-accessoires-poppers","8":"first","9":"instock","10":"taxable","11":"shipping-taxable","12":"purchasable","13":"product-type-simple"},"acf":[],"_links":{"self":[{"href":"https:\/\/poppers-online.ch\/fr\/wp-json\/wp\/v2\/product\/91829","targetHints":{"allow":["GET"]}}],"collection":[{"href":"https:\/\/poppers-online.ch\/fr\/wp-json\/wp\/v2\/product"}],"about":[{"href":"https:\/\/poppers-online.ch\/fr\/wp-json\/wp\/v2\/types\/product"}],"replies":[{"embeddable":true,"href":"https:\/\/poppers-online.ch\/fr\/wp-json\/wp\/v2\/comments?post=91829"}],"wp:featuredmedia":[{"embeddable":true,"href":"https:\/\/poppers-online.ch\/fr\/wp-json\/wp\/v2\/media\/91812"}],"wp:attachment":[{"href":"https:\/\/poppers-online.ch\/fr\/wp-json\/wp\/v2\/media?parent=91829"}],"wp:term":[{"taxonomy":"product_brand","embeddable":true,"href":"https:\/\/poppers-online.ch\/fr\/wp-json\/wp\/v2\/product_brand?post=91829"},{"taxonomy":"product_cat","embeddable":true,"href":"https:\/\/poppers-online.ch\/fr\/wp-json\/wp\/v2\/product_cat?post=91829"},{"taxonomy":"product_tag","embeddable":true,"href":"https:\/\/poppers-online.ch\/fr\/wp-json\/wp\/v2\/product_tag?post=91829"}],"curies":[{"name":"wp","href":"https:\/\/api.w.org\/{rel}","templated":true}]}}