{"id":91722,"date":"2024-04-24T14:41:05","date_gmt":"2024-04-24T13:04:01","guid":{"rendered":"https:\/\/poppers-online.ch\/produkt\/sniff-it-combo-iron-fist-poppers-black-label-24ml-avec-poppers-booster-cap-xtrm-double-small-black-leak-proof\/"},"modified":"2026-04-09T15:58:17","modified_gmt":"2026-04-09T13:58:17","slug":"sniff-it-combo-iron-fist-poppers-black-label-24ml-avec-poppers-booster-cap-xtrm-double-small-black-leak-proof","status":"publish","type":"product","link":"https:\/\/poppers-online.ch\/fr\/produit\/sniff-it-combo-iron-fist-poppers-black-label-24ml-avec-poppers-booster-cap-xtrm-double-small-black-leak-proof\/","title":{"rendered":"Sniff it Combo ! Iron Fist Poppers Black Label 24ml avec Poppers Booster Cap XTRM Double Small Black LEAK PROOF"},"content":{"rendered":"","protected":false},"excerpt":{"rendered":"<p><strong>Sniff it<\/strong> Combo \u00e0 un prix HAMMER-Package ! Sniff it Combo ! <strong>Iron Fist Poppers Black Label 24ml avec Poppers Booster Cap XTRM Double Small Black LEAK PROOF<\/strong> pour un poppers kick encore plus intense. Effet renforc\u00e9 garanti. Mega <strong>Sniff it<\/strong> Combo \u00e0 un prix attractif est l&rsquo;offre ultime pour ton coup de pouce suppl\u00e9mentaire en poppers ! Iron Fist Poppers Black Label 24ml est fabriqu\u00e9 \u00e0 base de nitrite de pentyle.<\/p>\n<p>&nbsp;<\/p>\n<p><span style=\"font-weight: 400;\">Nous l&rsquo;attendions depuis longtemps, nous et nos amis de Fist : Le <\/span><b>Iron Fist Poppers Black Label 24ml<\/b> <span style=\"font-weight: 400;\">est l\u00e0, dans une formule pentyle puissante et, de plus, dans une bouteille en aluminium indestructible. Ce poppers puissant est destin\u00e9 \u00e0 tous les experts intr\u00e9pides et aux amateurs de jeux FF et de sessions difficiles. Une fois ouvert, Iron Fist Black Label fait de vous un animal sans retenue qui tressaille apr\u00e8s les grosses bites, les poings et les jouets. Le format de poche pratique dans une bouteille en aluminium l\u00e9g\u00e8re et indestructible se glisse dans une poche de pantalon et vous s\u00e9duira \u00e9galement. <\/span><\/p>\n<p>&nbsp;<\/p>\n<p>Si les choses se g\u00e2tent imm\u00e9diatement apr\u00e8s avoir sniff\u00e9 des poppers, il arrive que le flacon de poppers Swiss Premium Juice de 10 ml soit ensuite renvers\u00e9 et qu&rsquo;il ait fui. L&rsquo;\u00e9quipe XTRM a d\u00e9velopp\u00e9 \u00e0 cet effet une ing\u00e9nieuse casquette Poppers Booster \u00e0 bouton-pression, anti-fuite et facile \u00e0 utiliser. Tu visses le sniffer anti-fuite comme d&rsquo;habitude sur le flacon Swiss Premium Juice 10 ml. Ce n&rsquo;est que lorsque tu appuies sur le bouton-poussoir situ\u00e9 sur le c\u00f4t\u00e9 du couvercle que le poppers s&rsquo;\u00e9coule de le flacon par le canal de kick. Lorsque tu rel\u00e2ches le bouton-poussoir, le sniffer est \u00e0 nouveau <strong>\u00e9tanche \u00e0 100%<\/strong> et le poppers reste dans la bouteille, m\u00eame si celle-ci se renverse parce qu&rsquo;il fait chaud en ce moment. Ce nouveau syst\u00e8me de fermeture avec bouton-poussoir est de grande qualit\u00e9, ce n&rsquo;est pas un produit de masse et il est fabriqu\u00e9 en Autriche avec beaucoup d&rsquo;engagement. Le <a href=\"https:\/\/poppers-online.ch\/produkt\/poppers-booster-cap-xtrm-double-small-black-leak-proof\/\"><strong>Double Small Black LEAK PROOF Booster Cap<\/strong><\/a>s&rsquo;adapte \u00e0 tous les flacons de <strong>10ml et 30ml<\/strong> de Lockerroom ainsi qu&rsquo;\u00e0 tous les flacons de Shelbora et Oxymoron. D\u00e9couvre le frisson et le confort suppl\u00e9mentaires en tirant des poppers. Plus jamais de bouteilles de Poppers renvers\u00e9es, gr\u00e2ce \u00e0 la capsule anti-fuite Poppers Booster LEAK PROOF.<\/p>\n","protected":false},"featured_media":93763,"comment_status":"open","ping_status":"closed","template":"","meta":{"_acf_changed":false,"iawp_total_views":68,"_glsr_average":0,"_glsr_ranking":0,"_glsr_reviews":0},"product_brand":[],"product_cat":[1046,76,77,149,1303],"product_tag":[],"class_list":{"0":"post-91722","1":"product","2":"type-product","3":"status-publish","4":"has-post-thumbnail","6":"product_cat-poppers","7":"product_cat-paquets-economiques","8":"product_cat-grands-flacons","9":"product_cat-accessoires-poppers","10":"product_cat-booster-caps","11":"pa_booster-cap-gewindegroesse-pour-taille-de-filetage-small","12":"pa_gewindegroesse-small","13":"pa_inhalt-combo","14":"pa_inhalt-24ml","15":"pa_inhaltsstoffe-nitrite-dalcool-isoamylique","16":"pa_marke-fist-poppers","17":"pa_staerke-91","19":"first","20":"instock","21":"sale","22":"taxable","23":"shipping-taxable","24":"purchasable","25":"product-type-simple"},"acf":[],"_links":{"self":[{"href":"https:\/\/poppers-online.ch\/fr\/wp-json\/wp\/v2\/product\/91722","targetHints":{"allow":["GET"]}}],"collection":[{"href":"https:\/\/poppers-online.ch\/fr\/wp-json\/wp\/v2\/product"}],"about":[{"href":"https:\/\/poppers-online.ch\/fr\/wp-json\/wp\/v2\/types\/product"}],"replies":[{"embeddable":true,"href":"https:\/\/poppers-online.ch\/fr\/wp-json\/wp\/v2\/comments?post=91722"}],"wp:featuredmedia":[{"embeddable":true,"href":"https:\/\/poppers-online.ch\/fr\/wp-json\/wp\/v2\/media\/93763"}],"wp:attachment":[{"href":"https:\/\/poppers-online.ch\/fr\/wp-json\/wp\/v2\/media?parent=91722"}],"wp:term":[{"taxonomy":"product_brand","embeddable":true,"href":"https:\/\/poppers-online.ch\/fr\/wp-json\/wp\/v2\/product_brand?post=91722"},{"taxonomy":"product_cat","embeddable":true,"href":"https:\/\/poppers-online.ch\/fr\/wp-json\/wp\/v2\/product_cat?post=91722"},{"taxonomy":"product_tag","embeddable":true,"href":"https:\/\/poppers-online.ch\/fr\/wp-json\/wp\/v2\/product_tag?post=91722"}],"curies":[{"name":"wp","href":"https:\/\/api.w.org\/{rel}","templated":true}]}}