{"id":91719,"date":"2024-04-24T14:21:09","date_gmt":"2024-04-24T12:21:09","guid":{"rendered":"https:\/\/poppers-online.ch\/produkt\/iron-fist-poppers-black-label-24ml\/"},"modified":"2026-02-13T02:05:50","modified_gmt":"2026-02-13T01:05:50","slug":"iron-fist-poppers-black-label-24ml","status":"publish","type":"product","link":"https:\/\/poppers-online.ch\/fr\/produit\/iron-fist-poppers-black-label-24ml\/","title":{"rendered":"Iron Fist Poppers Black Label 24ml"},"content":{"rendered":"","protected":false},"excerpt":{"rendered":"<p><span style=\"font-weight: 400;\">Nous l&rsquo;attendions depuis longtemps, nous et nos amis de Fist : Le <\/span><b>Iron Fist Poppers Black Label 24ml <\/b> <span style=\"font-weight: 400;\">est l\u00e0, dans une formule pentyle puissante et, de plus, dans une bouteille en aluminium indestructible. Ce poppers puissant est destin\u00e9 \u00e0 tous les experts intr\u00e9pides et aux amateurs de jeux FF et de sessions difficiles. Une fois ouvert, Iron Fist Black Label fait de vous un animal sans retenue qui tressaille apr\u00e8s les grosses bites, les poings et les jouets. Le format de poche pratique dans une bouteille en aluminium l\u00e9g\u00e8re et indestructible se glisse dans une poche de pantalon et vous s\u00e9duira \u00e9galement. <\/span><\/p>\n","protected":false},"featured_media":93755,"comment_status":"open","ping_status":"closed","template":"","meta":{"_acf_changed":false,"iawp_total_views":145,"_glsr_average":0,"_glsr_ranking":0,"_glsr_reviews":0},"product_brand":[],"product_cat":[1046,77],"product_tag":[],"class_list":{"0":"post-91719","1":"product","2":"type-product","3":"status-publish","4":"has-post-thumbnail","6":"product_cat-poppers","7":"product_cat-grands-flacons","8":"pa_gewindegroesse-small","9":"pa_inhalt-24ml","10":"pa_inhaltsstoffe-nitrite-dalcool-isoamylique","11":"pa_marke-fist-poppers","12":"pa_staerke-91","14":"first","15":"instock","16":"taxable","17":"shipping-taxable","18":"purchasable","19":"product-type-simple"},"acf":[],"_links":{"self":[{"href":"https:\/\/poppers-online.ch\/fr\/wp-json\/wp\/v2\/product\/91719","targetHints":{"allow":["GET"]}}],"collection":[{"href":"https:\/\/poppers-online.ch\/fr\/wp-json\/wp\/v2\/product"}],"about":[{"href":"https:\/\/poppers-online.ch\/fr\/wp-json\/wp\/v2\/types\/product"}],"replies":[{"embeddable":true,"href":"https:\/\/poppers-online.ch\/fr\/wp-json\/wp\/v2\/comments?post=91719"}],"wp:featuredmedia":[{"embeddable":true,"href":"https:\/\/poppers-online.ch\/fr\/wp-json\/wp\/v2\/media\/93755"}],"wp:attachment":[{"href":"https:\/\/poppers-online.ch\/fr\/wp-json\/wp\/v2\/media?parent=91719"}],"wp:term":[{"taxonomy":"product_brand","embeddable":true,"href":"https:\/\/poppers-online.ch\/fr\/wp-json\/wp\/v2\/product_brand?post=91719"},{"taxonomy":"product_cat","embeddable":true,"href":"https:\/\/poppers-online.ch\/fr\/wp-json\/wp\/v2\/product_cat?post=91719"},{"taxonomy":"product_tag","embeddable":true,"href":"https:\/\/poppers-online.ch\/fr\/wp-json\/wp\/v2\/product_tag?post=91719"}],"curies":[{"name":"wp","href":"https:\/\/api.w.org\/{rel}","templated":true}]}}