{"id":91681,"date":"2024-04-24T13:08:48","date_gmt":"2024-04-24T11:27:17","guid":{"rendered":"https:\/\/poppers-online.ch\/produkt\/douche-anale-kinky-monster-triple-rainure-20cm\/"},"modified":"2025-01-22T18:12:00","modified_gmt":"2025-01-22T17:12:00","slug":"douche-anale-kinky-monster-triple-rainure-20cm","status":"publish","type":"product","link":"https:\/\/poppers-online.ch\/fr\/produit\/douche-anale-kinky-monster-triple-rainure-20cm\/","title":{"rendered":"Douche anale Kinky Monster triple rainure 20cm"},"content":{"rendered":"","protected":false},"excerpt":{"rendered":"<p>L&rsquo;irrigation anale fait partie de la pr\u00e9paration au sexe anal prolong\u00e9. Si tu te sens propre de l&rsquo;int\u00e9rieur, tu peux encore mieux te d\u00e9tendre et tu n&rsquo;as pas \u00e0 craindre les mauvaises surprises. Ce petit embout de douche pratique s&rsquo;adapte \u00e0 tous les flexibles de douche \u00bd pouce habituels. Il est pr\u00e9f\u00e9rable d&rsquo;ins\u00e9rer la pomme de douche lorsque l&rsquo;eau est en train de couler. Tu peux aussi utiliser un peu de lubrifiant \u00e0 cet effet. Vous devez garder l&rsquo;eau dans le rectum pendant environ 20 secondes, avec 3 r\u00e9p\u00e9titions.<\/p>\n<p>La <strong>douche anale Kinky Monster triple rainure 20cm<\/strong> est l\u00e9g\u00e8rement plus \u00e9paisse avec un diam\u00e8tre de 20-25mm et est dot\u00e9e de 3 rainures profondes. Ceux-ci assurent un nettoyage intestinal particuli\u00e8rement profond et relaxant. L&rsquo;anus vient se reposer alternativement sur les rainures et est agr\u00e9ablement stimul\u00e9. Cette douche anale Kinky Monster \u00e0 triple rainure de 20 cm est robuste, durable et particuli\u00e8rement hygi\u00e9nique \u00e0 nettoyer. La surface est bien lisse et favorise une insertion sans douleur.<\/p>\n<p><strong>Longueur totale :<\/strong> 20cm<br \/>\n<strong>Longueur d&rsquo;insertion :<\/strong> 19cm<br \/>\n<strong>Diam\u00e8tre :<\/strong> 20-25 mm<br \/>\n<strong>Poids :<\/strong> 130g<\/p>\n","protected":false},"featured_media":91667,"comment_status":"open","ping_status":"closed","template":"","meta":{"_acf_changed":false,"iawp_total_views":7,"_glsr_average":0,"_glsr_ranking":0,"_glsr_reviews":0},"product_brand":[],"product_cat":[2064,166],"product_tag":[],"class_list":{"0":"post-91681","1":"product","2":"type-product","3":"status-publish","4":"has-post-thumbnail","6":"product_cat-douche-anale","7":"product_cat-droguerie","9":"first","10":"instock","11":"taxable","12":"shipping-taxable","13":"purchasable","14":"product-type-simple"},"acf":[],"_links":{"self":[{"href":"https:\/\/poppers-online.ch\/fr\/wp-json\/wp\/v2\/product\/91681","targetHints":{"allow":["GET"]}}],"collection":[{"href":"https:\/\/poppers-online.ch\/fr\/wp-json\/wp\/v2\/product"}],"about":[{"href":"https:\/\/poppers-online.ch\/fr\/wp-json\/wp\/v2\/types\/product"}],"replies":[{"embeddable":true,"href":"https:\/\/poppers-online.ch\/fr\/wp-json\/wp\/v2\/comments?post=91681"}],"wp:featuredmedia":[{"embeddable":true,"href":"https:\/\/poppers-online.ch\/fr\/wp-json\/wp\/v2\/media\/91667"}],"wp:attachment":[{"href":"https:\/\/poppers-online.ch\/fr\/wp-json\/wp\/v2\/media?parent=91681"}],"wp:term":[{"taxonomy":"product_brand","embeddable":true,"href":"https:\/\/poppers-online.ch\/fr\/wp-json\/wp\/v2\/product_brand?post=91681"},{"taxonomy":"product_cat","embeddable":true,"href":"https:\/\/poppers-online.ch\/fr\/wp-json\/wp\/v2\/product_cat?post=91681"},{"taxonomy":"product_tag","embeddable":true,"href":"https:\/\/poppers-online.ch\/fr\/wp-json\/wp\/v2\/product_tag?post=91681"}],"curies":[{"name":"wp","href":"https:\/\/api.w.org\/{rel}","templated":true}]}}