{"id":91648,"date":"2024-04-24T12:02:35","date_gmt":"2024-04-24T10:11:29","guid":{"rendered":"https:\/\/poppers-online.ch\/produkt\/cockring-3-pack-noir-titus-silicone-series\/"},"modified":"2025-01-22T18:51:19","modified_gmt":"2025-01-22T17:51:19","slug":"cockring-3-pack-noir-titus-silicone-series","status":"publish","type":"product","link":"https:\/\/poppers-online.ch\/fr\/produit\/cockring-3-pack-noir-titus-silicone-series\/","title":{"rendered":"Cockring 3-Pack Noir Titus Silicone Series"},"content":{"rendered":"","protected":false},"excerpt":{"rendered":"<p><b>Cockring 3-Pack Noir Titus Silicone Series<\/b><span style=\"font-weight: 400;\"> est tr\u00e8s facile \u00e0 utiliser et tr\u00e8s discret. Les anneaux en silicone ont une force de traction relativement forte et peuvent \u00eatre tourn\u00e9s jusqu&rsquo;\u00e0 deux fois leur diam\u00e8tre. Le diam\u00e8tre des 3 cockrings est de 25mm, 30mm et 35mm. Cela signifie que le cockring de 30 mm peut \u00eatre \u00e9tir\u00e9 jusqu&rsquo;\u00e0 60 mm. Gr\u00e2ce aux diff\u00e9rentes tailles, vous pouvez varier la pression et am\u00e9liorer ainsi votre \u00e9rection. Apr\u00e8s utilisation, les anneaux reprennent leur forme initiale.<\/span><\/p>\n","protected":false},"featured_media":91644,"comment_status":"open","ping_status":"closed","template":"","meta":{"_acf_changed":false,"iawp_total_views":3,"_glsr_average":0,"_glsr_ranking":0,"_glsr_reviews":0},"product_brand":[],"product_cat":[2091,171],"product_tag":[],"class_list":{"0":"post-91648","1":"product","2":"type-product","3":"status-publish","4":"has-post-thumbnail","6":"product_cat-cock-play","7":"product_cat-sex-toys","9":"first","10":"instock","11":"taxable","12":"shipping-taxable","13":"purchasable","14":"product-type-simple"},"acf":[],"_links":{"self":[{"href":"https:\/\/poppers-online.ch\/fr\/wp-json\/wp\/v2\/product\/91648","targetHints":{"allow":["GET"]}}],"collection":[{"href":"https:\/\/poppers-online.ch\/fr\/wp-json\/wp\/v2\/product"}],"about":[{"href":"https:\/\/poppers-online.ch\/fr\/wp-json\/wp\/v2\/types\/product"}],"replies":[{"embeddable":true,"href":"https:\/\/poppers-online.ch\/fr\/wp-json\/wp\/v2\/comments?post=91648"}],"wp:featuredmedia":[{"embeddable":true,"href":"https:\/\/poppers-online.ch\/fr\/wp-json\/wp\/v2\/media\/91644"}],"wp:attachment":[{"href":"https:\/\/poppers-online.ch\/fr\/wp-json\/wp\/v2\/media?parent=91648"}],"wp:term":[{"taxonomy":"product_brand","embeddable":true,"href":"https:\/\/poppers-online.ch\/fr\/wp-json\/wp\/v2\/product_brand?post=91648"},{"taxonomy":"product_cat","embeddable":true,"href":"https:\/\/poppers-online.ch\/fr\/wp-json\/wp\/v2\/product_cat?post=91648"},{"taxonomy":"product_tag","embeddable":true,"href":"https:\/\/poppers-online.ch\/fr\/wp-json\/wp\/v2\/product_tag?post=91648"}],"curies":[{"name":"wp","href":"https:\/\/api.w.org\/{rel}","templated":true}]}}