{"id":90175,"date":"2024-03-27T15:38:54","date_gmt":"2024-03-27T15:28:14","guid":{"rendered":"https:\/\/poppers-online.ch\/?post_type=product&#038;p=90175"},"modified":"2024-10-15T23:20:33","modified_gmt":"2024-10-15T21:20:33","slug":"colt-expandable-butt-plug","status":"publish","type":"product","link":"https:\/\/poppers-online.ch\/fr\/produit\/colt-expandable-butt-plug\/","title":{"rendered":"COLT Expandable Butt Plug"},"content":{"rendered":"","protected":false},"excerpt":{"rendered":"<p>\u00cates-vous pr\u00eat \u00e0 \u00e9largir votre exp\u00e9rience anale ? Alors le COLT Expandable Butt Plug est exactement ce qu&rsquo;il vous faut. Ce plug est \u00e9quip\u00e9 d&rsquo;une base \u00e9paisse, offrant une sensation intense pour ceux qui aiment les sensations robustes ! Fabriqu\u00e9 en PVC, en caoutchouc et en ABS, ce plug peut \u00eatre facilement gonfl\u00e9 \u00e0 l&rsquo;aide du tuyau et de la soupape de d\u00e9charge, m\u00eame en le portant, cr\u00e9ant ainsi une sensation d&rsquo;expansion compl\u00e8te. Le chaud plug anal extensible COLT rouge et noir est dot\u00e9 d&rsquo;une pompe \u00e0 bulbe facile \u00e0 utiliser et d&rsquo;une soupape de d\u00e9charge simple, rendant son utilisation aussi simple que satisfaisante. De plus, ce plug gonflable de haute qualit\u00e9 offre une s\u00e9curit\u00e9 et une satisfaction absolues. Flexible et durable, ce plug gonflable rend chaque aventure anale plus facile et plus excitante. Alors pr\u00e9parez-vous \u00e0 augmenter le plaisir et l&rsquo;excitation ! Avec le COLT Expandable Butt Plug, vous obtiendrez le plaisir \u00e0 la taille COLT que vous d\u00e9sirez. Pour un plaisir maximal, utilisez le plug avec un lubrifiant \u00e0 base d&rsquo;eau et n&rsquo;oubliez pas de le nettoyer avant et apr\u00e8s chaque utilisation avec de l&rsquo;eau et du savon ou un nettoyant pour jouets.<\/p>\n","protected":false},"featured_media":90150,"comment_status":"open","ping_status":"closed","template":"","meta":{"_acf_changed":false,"iawp_total_views":8,"_glsr_average":0,"_glsr_ranking":0,"_glsr_reviews":0},"product_brand":[],"product_cat":[2085,171],"product_tag":[],"class_list":{"0":"post-90175","1":"product","2":"type-product","3":"status-publish","4":"has-post-thumbnail","6":"product_cat-anal-play","7":"product_cat-sex-toys","9":"first","10":"outofstock","11":"taxable","12":"shipping-taxable","13":"purchasable","14":"product-type-simple"},"acf":[],"_links":{"self":[{"href":"https:\/\/poppers-online.ch\/fr\/wp-json\/wp\/v2\/product\/90175","targetHints":{"allow":["GET"]}}],"collection":[{"href":"https:\/\/poppers-online.ch\/fr\/wp-json\/wp\/v2\/product"}],"about":[{"href":"https:\/\/poppers-online.ch\/fr\/wp-json\/wp\/v2\/types\/product"}],"replies":[{"embeddable":true,"href":"https:\/\/poppers-online.ch\/fr\/wp-json\/wp\/v2\/comments?post=90175"}],"wp:featuredmedia":[{"embeddable":true,"href":"https:\/\/poppers-online.ch\/fr\/wp-json\/wp\/v2\/media\/90150"}],"wp:attachment":[{"href":"https:\/\/poppers-online.ch\/fr\/wp-json\/wp\/v2\/media?parent=90175"}],"wp:term":[{"taxonomy":"product_brand","embeddable":true,"href":"https:\/\/poppers-online.ch\/fr\/wp-json\/wp\/v2\/product_brand?post=90175"},{"taxonomy":"product_cat","embeddable":true,"href":"https:\/\/poppers-online.ch\/fr\/wp-json\/wp\/v2\/product_cat?post=90175"},{"taxonomy":"product_tag","embeddable":true,"href":"https:\/\/poppers-online.ch\/fr\/wp-json\/wp\/v2\/product_tag?post=90175"}],"curies":[{"name":"wp","href":"https:\/\/api.w.org\/{rel}","templated":true}]}}