{"id":90094,"date":"2024-03-27T15:01:20","date_gmt":"2024-03-27T14:01:20","guid":{"rendered":"https:\/\/poppers-online.ch\/?post_type=product&#038;p=90094"},"modified":"2024-10-15T23:20:33","modified_gmt":"2024-10-15T21:20:33","slug":"sport-fucker-tailslide-cocksling-silicone-noir","status":"publish","type":"product","link":"https:\/\/poppers-online.ch\/fr\/produit\/sport-fucker-tailslide-cocksling-silicone-noir\/","title":{"rendered":"Sport Fucker Tailslide Cocksling Silicone Noir"},"content":{"rendered":"","protected":false},"excerpt":{"rendered":"<div>\n<p>Le Sport Fucker Tailslide Silicone Cocksling Noir en silicone liquide chatouille tes fesses lorsque tu tra\u00eenes ton frontside dans le halfpipe de ton ami. Super doux et flexible, avec juste ce qu&rsquo;il faut de r\u00e9sistance l\u00e0 o\u00f9 \u00e7a compte, ce bad boy te tiendra ferme pendant que tu te pr\u00e9pares pour ton prochain trick.<\/p>\n<\/div>\n<div>\n<div class=\"content\">Mat\u00e9riau : silicone Soft Touch<\/div>\n<div class=\"content\">couleur : noir<\/div>\n<div class=\"content\">Diam\u00e8tre int\u00e9rieur du cockring : 45 x 30 mm<\/div>\n<div class=\"content\">diam\u00e8tre int\u00e9rieur du trou testiculaire : 35 mm<\/div>\n<div class=\"content\">diam\u00e8tre int\u00e9rieur du trou du p\u00e9nis : 28 mm<\/div>\n<\/div>\n","protected":false},"featured_media":90125,"comment_status":"open","ping_status":"closed","template":"","meta":{"_acf_changed":false,"iawp_total_views":2,"_glsr_average":0,"_glsr_ranking":0,"_glsr_reviews":0},"product_brand":[],"product_cat":[2091,171],"product_tag":[708],"class_list":{"0":"post-90094","1":"product","2":"type-product","3":"status-publish","4":"has-post-thumbnail","6":"product_cat-cock-play","7":"product_cat-sex-toys","8":"product_tag-sport-fucker-fr","10":"first","11":"outofstock","12":"taxable","13":"shipping-taxable","14":"purchasable","15":"product-type-simple"},"acf":[],"_links":{"self":[{"href":"https:\/\/poppers-online.ch\/fr\/wp-json\/wp\/v2\/product\/90094","targetHints":{"allow":["GET"]}}],"collection":[{"href":"https:\/\/poppers-online.ch\/fr\/wp-json\/wp\/v2\/product"}],"about":[{"href":"https:\/\/poppers-online.ch\/fr\/wp-json\/wp\/v2\/types\/product"}],"replies":[{"embeddable":true,"href":"https:\/\/poppers-online.ch\/fr\/wp-json\/wp\/v2\/comments?post=90094"}],"wp:featuredmedia":[{"embeddable":true,"href":"https:\/\/poppers-online.ch\/fr\/wp-json\/wp\/v2\/media\/90125"}],"wp:attachment":[{"href":"https:\/\/poppers-online.ch\/fr\/wp-json\/wp\/v2\/media?parent=90094"}],"wp:term":[{"taxonomy":"product_brand","embeddable":true,"href":"https:\/\/poppers-online.ch\/fr\/wp-json\/wp\/v2\/product_brand?post=90094"},{"taxonomy":"product_cat","embeddable":true,"href":"https:\/\/poppers-online.ch\/fr\/wp-json\/wp\/v2\/product_cat?post=90094"},{"taxonomy":"product_tag","embeddable":true,"href":"https:\/\/poppers-online.ch\/fr\/wp-json\/wp\/v2\/product_tag?post=90094"}],"curies":[{"name":"wp","href":"https:\/\/api.w.org\/{rel}","templated":true}]}}