{"id":90090,"date":"2024-03-27T13:30:31","date_gmt":"2024-03-27T13:09:28","guid":{"rendered":"https:\/\/poppers-online.ch\/produkt\/devils-candy-ejact-delay-gel-50ml\/"},"modified":"2025-01-22T16:39:57","modified_gmt":"2025-01-22T15:39:57","slug":"devils-candy-ejact-delay-gel-50ml","status":"publish","type":"product","link":"https:\/\/poppers-online.ch\/fr\/produit\/devils-candy-ejact-delay-gel-50ml\/","title":{"rendered":"Devils Candy Ejact Delay Gel 50ml"},"content":{"rendered":"","protected":false},"excerpt":{"rendered":"<p>Do it longer ! Les ingr\u00e9dients exclusifs de <strong>Devils Candy Ejact Delay Gel 50ml<\/strong> apaisent et rafra\u00eechissent la peau et contribuent \u00e0 retarder l&rsquo;orgasme. Le plaisir peut ainsi durer plus longtemps. Le gel peut \u00eatre utilis\u00e9 avant les rapports sexuels. Applique le gel en fine couche sur ton p\u00e9nis et masse-le ensuite. Teste le gel avant l&rsquo;utilisation r\u00e9guli\u00e8re en appliquant un peu de gel sur la face interne de l&rsquo;avant-bras. En cas de r\u00e9action allergique, cesser l&rsquo;utilisation. Utiliser uniquement en usage externe.<\/p>\n<p><strong>Ingr\u00e9dients :<\/strong> Aqua, glyc\u00e9rine, Laureth-9, polysorbate 20, acrylates \/ C10-30-alkylacrylate cross-polymer, alcool, alcool denate, aminom\u00e9thylpropanol, extrait de graines d&rsquo;Avena Sativa, caprylylglycol, huile de feuilles d&rsquo;Eugenia Caryophyllus, extrait de fleurs d&rsquo;Hypericum Perforatum.<\/p>\n<p>Conservation <strong>:<\/strong> au frais, \u00e0 l&rsquo;abri de la lumi\u00e8re et hors de port\u00e9e des enfants. Convient aux hommes \u00e0 partir de 18 ans.<\/p>\n","protected":false},"featured_media":90081,"comment_status":"open","ping_status":"closed","template":"","meta":{"_acf_changed":false,"iawp_total_views":7,"_glsr_average":0,"_glsr_ranking":0,"_glsr_reviews":0},"product_brand":[],"product_cat":[2079,166],"product_tag":[],"class_list":{"0":"post-90090","1":"product","2":"type-product","3":"status-publish","4":"has-post-thumbnail","6":"product_cat-retardant-ejaculation","7":"product_cat-droguerie","9":"first","10":"instock","11":"sale","12":"taxable","13":"shipping-taxable","14":"purchasable","15":"product-type-simple"},"acf":[],"_links":{"self":[{"href":"https:\/\/poppers-online.ch\/fr\/wp-json\/wp\/v2\/product\/90090","targetHints":{"allow":["GET"]}}],"collection":[{"href":"https:\/\/poppers-online.ch\/fr\/wp-json\/wp\/v2\/product"}],"about":[{"href":"https:\/\/poppers-online.ch\/fr\/wp-json\/wp\/v2\/types\/product"}],"replies":[{"embeddable":true,"href":"https:\/\/poppers-online.ch\/fr\/wp-json\/wp\/v2\/comments?post=90090"}],"wp:featuredmedia":[{"embeddable":true,"href":"https:\/\/poppers-online.ch\/fr\/wp-json\/wp\/v2\/media\/90081"}],"wp:attachment":[{"href":"https:\/\/poppers-online.ch\/fr\/wp-json\/wp\/v2\/media?parent=90090"}],"wp:term":[{"taxonomy":"product_brand","embeddable":true,"href":"https:\/\/poppers-online.ch\/fr\/wp-json\/wp\/v2\/product_brand?post=90090"},{"taxonomy":"product_cat","embeddable":true,"href":"https:\/\/poppers-online.ch\/fr\/wp-json\/wp\/v2\/product_cat?post=90090"},{"taxonomy":"product_tag","embeddable":true,"href":"https:\/\/poppers-online.ch\/fr\/wp-json\/wp\/v2\/product_tag?post=90090"}],"curies":[{"name":"wp","href":"https:\/\/api.w.org\/{rel}","templated":true}]}}