{"id":90087,"date":"2024-03-27T13:18:17","date_gmt":"2024-03-27T13:09:24","guid":{"rendered":"https:\/\/poppers-online.ch\/produkt\/high-octane-booster-ejact-delay-gel-50ml\/"},"modified":"2025-01-22T16:47:01","modified_gmt":"2025-01-22T15:47:01","slug":"high-octane-booster-ejact-delay-gel-50ml","status":"publish","type":"product","link":"https:\/\/poppers-online.ch\/fr\/produit\/high-octane-booster-ejact-delay-gel-50ml\/","title":{"rendered":"High Octane Booster Ejact Delay Gel 50ml"},"content":{"rendered":"","protected":false},"excerpt":{"rendered":"<p>Les ingr\u00e9dients exclusifs de <strong>High Octane Booster Ejact Delay Gel 50ml<\/strong> apaisent et rafra\u00eechissent la peau et contribuent \u00e0 retarder votre orgasme. Ainsi, tu peux t&rsquo;amuser plus longtemps.<\/p>\n<p>La cr\u00e8me de High Octane p\u00e9n\u00e8tre rapidement dans la peau, sans laisser de r\u00e9sidu collant ou d\u00e9sagr\u00e9able. L&rsquo;utilisation est simple et discr\u00e8te, id\u00e9ale pour une utilisation spontan\u00e9e. Le gel retardateur peut \u00eatre int\u00e9gr\u00e9 sans probl\u00e8me dans les pr\u00e9liminaires et ne nuit pas \u00e0 l&rsquo;exp\u00e9rience sensuelle des deux partenaires. L&rsquo;application est simple et ne n\u00e9cessite qu&rsquo;une petite quantit\u00e9 de gel. Le mieux est d&rsquo;essayer ce gel retardateur \u00e0 la prochaine occasion.<\/p>\n<p><strong>Ingr\u00e9dients :<\/strong> Aqua, Glycerin, Laureth-9, Polysorbate 20, Acrylates\/C10-30 Alkyl Acrylate Crosspolymer, Alcohol, Alcohol Denat, Aminomethyl Propanol, Avena Sativa Kernel Extract, Caprylyl Glycol, Eugenia Caryophyllus Leaf Oil, Hypericum Perforatum Flower Extract.<\/p>\n<p><strong>Utilisation recommand\u00e9e :<\/strong> \u00c0 utiliser pendant les rapports sexuels. Appliquer le gel en fine couche sur le p\u00e9nis environ 30 minutes avant l&rsquo;acte sexuel, puis masser pour faire p\u00e9n\u00e9trer. Avant de l&rsquo;utiliser, teste sa tol\u00e9rance en appliquant un peu de gel sur la face interne de l&rsquo;avant-bras. En cas de r\u00e9action allergique, l&rsquo;utilisation doit \u00eatre interrompue. Pour usage externe uniquement. Conserver hors de port\u00e9e des enfants. Conserver dans un endroit frais et sombre.<\/p>\n","protected":false},"featured_media":90076,"comment_status":"open","ping_status":"closed","template":"","meta":{"_acf_changed":false,"iawp_total_views":11,"_glsr_average":0,"_glsr_ranking":0,"_glsr_reviews":0},"product_brand":[],"product_cat":[2079,166],"product_tag":[],"class_list":{"0":"post-90087","1":"product","2":"type-product","3":"status-publish","4":"has-post-thumbnail","6":"product_cat-retardant-ejaculation","7":"product_cat-droguerie","9":"first","10":"instock","11":"taxable","12":"shipping-taxable","13":"purchasable","14":"product-type-simple"},"acf":[],"_links":{"self":[{"href":"https:\/\/poppers-online.ch\/fr\/wp-json\/wp\/v2\/product\/90087","targetHints":{"allow":["GET"]}}],"collection":[{"href":"https:\/\/poppers-online.ch\/fr\/wp-json\/wp\/v2\/product"}],"about":[{"href":"https:\/\/poppers-online.ch\/fr\/wp-json\/wp\/v2\/types\/product"}],"replies":[{"embeddable":true,"href":"https:\/\/poppers-online.ch\/fr\/wp-json\/wp\/v2\/comments?post=90087"}],"wp:featuredmedia":[{"embeddable":true,"href":"https:\/\/poppers-online.ch\/fr\/wp-json\/wp\/v2\/media\/90076"}],"wp:attachment":[{"href":"https:\/\/poppers-online.ch\/fr\/wp-json\/wp\/v2\/media?parent=90087"}],"wp:term":[{"taxonomy":"product_brand","embeddable":true,"href":"https:\/\/poppers-online.ch\/fr\/wp-json\/wp\/v2\/product_brand?post=90087"},{"taxonomy":"product_cat","embeddable":true,"href":"https:\/\/poppers-online.ch\/fr\/wp-json\/wp\/v2\/product_cat?post=90087"},{"taxonomy":"product_tag","embeddable":true,"href":"https:\/\/poppers-online.ch\/fr\/wp-json\/wp\/v2\/product_tag?post=90087"}],"curies":[{"name":"wp","href":"https:\/\/api.w.org\/{rel}","templated":true}]}}