{"id":90071,"date":"2024-03-27T11:12:58","date_gmt":"2024-03-27T12:11:31","guid":{"rendered":"https:\/\/poppers-online.ch\/produkt\/devils-candy-erecta-creme-50ml\/"},"modified":"2025-01-22T16:59:48","modified_gmt":"2025-01-22T15:59:48","slug":"devils-candy-erecta-creme-50ml","status":"publish","type":"product","link":"https:\/\/poppers-online.ch\/fr\/produit\/devils-candy-erecta-creme-50ml\/","title":{"rendered":"Devils Candy Erecta Cr\u00e8me 50ml"},"content":{"rendered":"","protected":false},"excerpt":{"rendered":"<p><strong>Devils Candy Erecta Creme 50ml<\/strong> est une cr\u00e8me pour une meilleure \u00e9rection chez les hommes. Qui n&rsquo;en veut pas ? Favorise le flux sanguin vers le p\u00e9nis pour une \u00e9rection plus dure et de meilleure qualit\u00e9. Appliquer et bien masser avant le simple rapport sexuel. Une utilisation quotidienne permet d&rsquo;obtenir les meilleurs r\u00e9sultats. Devils Candy Erecta Cream est une cr\u00e8me pour l&rsquo;\u00e9rection destin\u00e9e aux hommes qui souhaitent avoir une meilleure \u00e9rection ! Devils Candy Erecta Cream est une cr\u00e8me pour le p\u00e9nis qui offre un soutien en cas de probl\u00e8mes d&rsquo;\u00e9rection et peut \u00e9galement \u00eatre utilis\u00e9e par les hommes qui souhaitent simplement am\u00e9liorer leur \u00e9rection. Cette cr\u00e8me peut t&rsquo;aider \u00e0 stimuler le flux sanguin vers le p\u00e9nis depuis l&rsquo;ext\u00e9rieur, ce qui entra\u00eene une \u00e9rection plus ferme et de meilleure qualit\u00e9.<\/p>\n<p><strong>Ingr\u00e9dients :<\/strong> Aqua, glyceryl stearate, ethylhexyl stearate, dulcis oil Prunus Amygdalus, c\u00e9tyl alcohol, glycerin, Ceteareth-20, alcohol, Aloe Barbadensis leaf extract, Arnica Montana flower extract, Butyrospermum Parkii butter, Ceteareth-12, alcool c\u00e9t\u00e9arylique, palmitate de c\u00e9tyle, acide citrique, extrait de feuille de Ginkgo Biloba, huile de graine de Simmondsia Chinensis, extrait de fruit de Trigonella Foenum-Graecum, \u00e9thylhexylglyc\u00e9rine, ph\u00e9noxy\u00e9thanol<\/p>\n<p><strong>Mode d&#8217;emploi :<\/strong><\/p>\n<ul>\n<li>Applique un peu de cr\u00e8me sur le p\u00e9nis environ 10 minutes avant le d\u00e9but de l&rsquo;activit\u00e9 sexuelle et fais-la bien p\u00e9n\u00e9trer pendant 5 \u00e0 10 minutes. Pour de meilleurs r\u00e9sultats, utilise la cr\u00e8me quotidiennement.<\/li>\n<li>Avant d&rsquo;utiliser la cr\u00e8me r\u00e9guli\u00e8rement, teste-la d&rsquo;abord en en appliquant un peu sur l&rsquo;int\u00e9rieur de ton avant-bras.<\/li>\n<li>Convient uniquement \u00e0 l&rsquo;usage externe.<\/li>\n<li>Arr\u00eate l&rsquo;application en cas de r\u00e9action allergique.<\/li>\n<\/ul>\n","protected":false},"featured_media":90063,"comment_status":"open","ping_status":"closed","template":"","meta":{"_acf_changed":false,"iawp_total_views":41,"_glsr_average":0,"_glsr_ranking":0,"_glsr_reviews":0},"product_brand":[],"product_cat":[2076,166],"product_tag":[],"class_list":{"0":"post-90071","1":"product","2":"type-product","3":"status-publish","4":"has-post-thumbnail","6":"product_cat-stimulant-erection","7":"product_cat-droguerie","9":"first","10":"instock","11":"taxable","12":"shipping-taxable","13":"purchasable","14":"product-type-simple"},"acf":[],"_links":{"self":[{"href":"https:\/\/poppers-online.ch\/fr\/wp-json\/wp\/v2\/product\/90071","targetHints":{"allow":["GET"]}}],"collection":[{"href":"https:\/\/poppers-online.ch\/fr\/wp-json\/wp\/v2\/product"}],"about":[{"href":"https:\/\/poppers-online.ch\/fr\/wp-json\/wp\/v2\/types\/product"}],"replies":[{"embeddable":true,"href":"https:\/\/poppers-online.ch\/fr\/wp-json\/wp\/v2\/comments?post=90071"}],"wp:featuredmedia":[{"embeddable":true,"href":"https:\/\/poppers-online.ch\/fr\/wp-json\/wp\/v2\/media\/90063"}],"wp:attachment":[{"href":"https:\/\/poppers-online.ch\/fr\/wp-json\/wp\/v2\/media?parent=90071"}],"wp:term":[{"taxonomy":"product_brand","embeddable":true,"href":"https:\/\/poppers-online.ch\/fr\/wp-json\/wp\/v2\/product_brand?post=90071"},{"taxonomy":"product_cat","embeddable":true,"href":"https:\/\/poppers-online.ch\/fr\/wp-json\/wp\/v2\/product_cat?post=90071"},{"taxonomy":"product_tag","embeddable":true,"href":"https:\/\/poppers-online.ch\/fr\/wp-json\/wp\/v2\/product_tag?post=90071"}],"curies":[{"name":"wp","href":"https:\/\/api.w.org\/{rel}","templated":true}]}}