{"id":90058,"date":"2024-03-27T10:52:04","date_gmt":"2024-03-27T10:01:11","guid":{"rendered":"https:\/\/poppers-online.ch\/produkt\/creme-erectile-high-octane-g-force-50ml\/"},"modified":"2025-01-22T17:11:29","modified_gmt":"2025-01-22T16:11:29","slug":"creme-erectile-high-octane-g-force-50ml","status":"publish","type":"product","link":"https:\/\/poppers-online.ch\/fr\/produit\/creme-erectile-high-octane-g-force-50ml\/","title":{"rendered":"Cr\u00e8me \u00e9rectile High Octane G-Force 50ml"},"content":{"rendered":"","protected":false},"excerpt":{"rendered":"<p><strong>La cr\u00e8me \u00e9rectile High Octane G-Force 50ml<\/strong> est une cr\u00e8me stimulante qui prend en charge les probl\u00e8mes d&rsquo;\u00e9rection et assure une \u00e9rection plus ferme. Applique la cr\u00e8me sur l&rsquo;ensemble de ton p\u00e9nis et masse vigoureusement pour obtenir des r\u00e9sultats optimaux.<\/p>\n<p>Tu veux am\u00e9liorer ton \u00e9rection et lutter contre les probl\u00e8mes d&rsquo;\u00e9rection ? High Octane G-Force est exactement ce dont tu as besoin pour cela. Cette cr\u00e8me stimulante pour l&rsquo;\u00e9rection aide \u00e0 am\u00e9liorer la circulation sanguine dans le p\u00e9nis et permet ainsi une \u00e9rection plus ferme. C&rsquo;est une solution efficace, adapt\u00e9e aux hommes qui souhaitent am\u00e9liorer leurs performances au lit.<\/p>\n<p>Avec High Octane G-Force, il te suffit d&rsquo;appliquer la cr\u00e8me sur l&rsquo;ensemble du p\u00e9nis et de masser vigoureusement. La cr\u00e8me est rapidement absorb\u00e9e et commence \u00e0 agir imm\u00e9diatement.<\/p>\n<p><strong>Ingr\u00e9dients :<\/strong> Aqua, Glyceryl Stearate, Ethylhexyl Stearate, Prunus Amygdalus Dulcis Oil, Cetyl Alcohol, Glycerin, Ceteareth-20, Alcohol, Aloe Barbadensis Leaf Extract, Arnica Montana Flower Extract, Butyrospermum Parkii Butter, Ceteareth-12, Cetearyl Alcohol, Cetyl Palmitate, Citric Acid, Ginkgo Biloba Leaf Extract, Simmondsia Chinensis Seed Oil, Trigonella Foenum-Graecum Fruit Extract, Ethylhexylglycerin, Phenoxyethanol.<\/p>\n<p><strong>Conseils d&rsquo;utilisation :<\/strong><br \/>\nAppliquez une quantit\u00e9 suffisante de cr\u00e8me et faites-la p\u00e9n\u00e9trer soigneusement dans le p\u00e9nis. Pour exclure toute r\u00e9action allergique, il est recommand\u00e9 de tester au pr\u00e9alable une petite quantit\u00e9 de cr\u00e8me sur la face interne de l&rsquo;avant-bras. En cas de r\u00e9action allergique, interrompre l&rsquo;utilisation.<\/p>\n<p><strong>Avertissement :<\/strong><br \/>\nR\u00e9serv\u00e9 \u00e0 un usage externe. Conserver hors de port\u00e9e des enfants. Conserver dans un endroit frais et sombre.<\/p>\n","protected":false},"featured_media":90055,"comment_status":"open","ping_status":"closed","template":"","meta":{"_acf_changed":false,"iawp_total_views":53,"_glsr_average":0,"_glsr_ranking":0,"_glsr_reviews":0},"product_brand":[],"product_cat":[2076,166],"product_tag":[],"class_list":{"0":"post-90058","1":"product","2":"type-product","3":"status-publish","4":"has-post-thumbnail","6":"product_cat-stimulant-erection","7":"product_cat-droguerie","9":"first","10":"instock","11":"taxable","12":"shipping-taxable","13":"purchasable","14":"product-type-simple"},"acf":[],"_links":{"self":[{"href":"https:\/\/poppers-online.ch\/fr\/wp-json\/wp\/v2\/product\/90058","targetHints":{"allow":["GET"]}}],"collection":[{"href":"https:\/\/poppers-online.ch\/fr\/wp-json\/wp\/v2\/product"}],"about":[{"href":"https:\/\/poppers-online.ch\/fr\/wp-json\/wp\/v2\/types\/product"}],"replies":[{"embeddable":true,"href":"https:\/\/poppers-online.ch\/fr\/wp-json\/wp\/v2\/comments?post=90058"}],"wp:featuredmedia":[{"embeddable":true,"href":"https:\/\/poppers-online.ch\/fr\/wp-json\/wp\/v2\/media\/90055"}],"wp:attachment":[{"href":"https:\/\/poppers-online.ch\/fr\/wp-json\/wp\/v2\/media?parent=90058"}],"wp:term":[{"taxonomy":"product_brand","embeddable":true,"href":"https:\/\/poppers-online.ch\/fr\/wp-json\/wp\/v2\/product_brand?post=90058"},{"taxonomy":"product_cat","embeddable":true,"href":"https:\/\/poppers-online.ch\/fr\/wp-json\/wp\/v2\/product_cat?post=90058"},{"taxonomy":"product_tag","embeddable":true,"href":"https:\/\/poppers-online.ch\/fr\/wp-json\/wp\/v2\/product_tag?post=90058"}],"curies":[{"name":"wp","href":"https:\/\/api.w.org\/{rel}","templated":true}]}}