{"id":89312,"date":"2024-03-12T16:48:16","date_gmt":"2024-03-12T15:52:53","guid":{"rendered":"https:\/\/poppers-online.ch\/?post_type=product&#038;p=89312"},"modified":"2026-04-02T20:47:28","modified_gmt":"2026-04-02T18:47:28","slug":"working-stiff-le-godemiche-du-ceo-calexotics","status":"publish","type":"product","link":"https:\/\/poppers-online.ch\/fr\/produit\/working-stiff-le-godemiche-du-ceo-calexotics\/","title":{"rendered":"Working Stiff &#8211; Le godemich\u00e9 du CEO CalExotics"},"content":{"rendered":"","protected":false},"excerpt":{"rendered":"<p>Working Stiff &#8211; Le godemich\u00e9 du CEO CalExotics. Le PDG est venu punir ses employ\u00e9s ind\u00e9licats. Alors tends sagement ton trou et exauce tous les souhaits de ton patron ! Tu ne le regretteras pas, car la queue \u00e9paisse et puissante de ton sup\u00e9rieur p\u00e9n\u00e8tre dans les zones les plus profondes de ta grotte et te stimule jusqu&rsquo;\u00e0 l&rsquo;apog\u00e9e.<\/p>\n<p>A l&rsquo;extr\u00e9mit\u00e9 inf\u00e9rieure du godemich\u00e9, tu trouveras une ventouse qui te permettra de fixer le puissant CEO sur des surfaces lisses pour chevaucher le p\u00e9nis de cet homme de r\u00eave \u00e0 l&rsquo;horizontale ou \u00e0 la verticale. De cette mani\u00e8re, tu as les mains libres pour masser ton propre p\u00e9nis et profiter d&rsquo;une double stimulation in\u00e9gal\u00e9e qui te poussera \u00e0 coup s\u00fbr \u00e0 l&rsquo;orgasme. Le godemich\u00e9 peut \u00e9galement \u00eatre utilis\u00e9 avec des harnais.<\/p>\n<p>Pour profiter au maximum de la queue du CEO de Working Stiff et pour qu&rsquo;elle glisse parfaitement dans ton trou, applique un peu de lubrifiant \u00e0 base d&rsquo;eau. Apr\u00e8s utilisation, lave-le \u00e0 l&rsquo;eau chaude et au savon doux ou avec un nettoyant sp\u00e9cial pour sextoys, puis laisse-le s\u00e9cher compl\u00e8tement \u00e0 l&rsquo;air libre.<\/p>\n<p><strong>D\u00e9tails du produit :<\/strong><br \/>\n\u2713 Design r\u00e9aliste<br \/>\n\u2713 Ventouse puissante<br \/>\n\u2713 Doux pour le corps et sans phtalates<br \/>\n\u2713 Mat\u00e9riau flexible, confortable et imperm\u00e9able<br \/>\n\u2713 Utilisable avec des harengs<br \/>\n\u2713 Compatible avec les lubrifiants \u00e0 base d&rsquo;eau<br \/>\n\u2713 Facile \u00e0 utiliser et \u00e0 nettoyer<\/p>\n<p>longueur totale : environ 21,5 cm<br \/>\nLongueur d&rsquo;insertion : environ 16,5 cm<br \/>\nDiam\u00e8tre d&rsquo;insertion : environ 4,5 cm<br \/>\nMat\u00e9riau : TPE<br \/>\nCouleur : peau fonc\u00e9e<\/p>\n","protected":false},"featured_media":89309,"comment_status":"open","ping_status":"closed","template":"","meta":{"_acf_changed":false,"iawp_total_views":42,"_glsr_average":0,"_glsr_ranking":0,"_glsr_reviews":0},"product_brand":[],"product_cat":[2085,171],"product_tag":[],"class_list":{"0":"post-89312","1":"product","2":"type-product","3":"status-publish","4":"has-post-thumbnail","6":"product_cat-anal-play","7":"product_cat-sex-toys","9":"first","10":"instock","11":"taxable","12":"shipping-taxable","13":"purchasable","14":"product-type-simple"},"acf":[],"_links":{"self":[{"href":"https:\/\/poppers-online.ch\/fr\/wp-json\/wp\/v2\/product\/89312","targetHints":{"allow":["GET"]}}],"collection":[{"href":"https:\/\/poppers-online.ch\/fr\/wp-json\/wp\/v2\/product"}],"about":[{"href":"https:\/\/poppers-online.ch\/fr\/wp-json\/wp\/v2\/types\/product"}],"replies":[{"embeddable":true,"href":"https:\/\/poppers-online.ch\/fr\/wp-json\/wp\/v2\/comments?post=89312"}],"wp:featuredmedia":[{"embeddable":true,"href":"https:\/\/poppers-online.ch\/fr\/wp-json\/wp\/v2\/media\/89309"}],"wp:attachment":[{"href":"https:\/\/poppers-online.ch\/fr\/wp-json\/wp\/v2\/media?parent=89312"}],"wp:term":[{"taxonomy":"product_brand","embeddable":true,"href":"https:\/\/poppers-online.ch\/fr\/wp-json\/wp\/v2\/product_brand?post=89312"},{"taxonomy":"product_cat","embeddable":true,"href":"https:\/\/poppers-online.ch\/fr\/wp-json\/wp\/v2\/product_cat?post=89312"},{"taxonomy":"product_tag","embeddable":true,"href":"https:\/\/poppers-online.ch\/fr\/wp-json\/wp\/v2\/product_tag?post=89312"}],"curies":[{"name":"wp","href":"https:\/\/api.w.org\/{rel}","templated":true}]}}