{"id":89231,"date":"2024-03-12T15:44:44","date_gmt":"2024-03-12T14:58:44","guid":{"rendered":"https:\/\/poppers-online.ch\/?post_type=product&#038;p=89231"},"modified":"2024-10-15T23:20:37","modified_gmt":"2024-10-15T21:20:37","slug":"working-stiff-le-godemiche-calexotics-du-docteur","status":"publish","type":"product","link":"https:\/\/poppers-online.ch\/fr\/produit\/working-stiff-le-godemiche-calexotics-du-docteur\/","title":{"rendered":"Working Stiff &#8211; Le godemich\u00e9 CalExotics du Docteur"},"content":{"rendered":"","protected":false},"excerpt":{"rendered":"<p>Le gode Working Stiff The Doctor CalExotics est l\u00e0 pour t&rsquo;administrer les injections n\u00e9cessaires dans tes fesses ! Pr\u00e9pare-toi \u00e0 prendre beaucoup de plaisir lorsque tu auras la queue dure de ton m\u00e9decin en toi, et \u00e0 vivre des sensations et des stimulations d&rsquo;un autre monde. Sa mati\u00e8re en TPE et son design avec testicules et veines, qui ressemble \u00e0 une vraie queue, te donnent une sensation absolument r\u00e9aliste.<\/p>\n<p>Au bas du godemich\u00e9, tu trouveras une ventouse qui te permettra de fixer le Docteur sur des surfaces lisses afin de chevaucher horizontalement ou verticalement le p\u00e9nis de ce m\u00e9decin passionn\u00e9. De cette mani\u00e8re, tu as les mains libres pour masser ton propre p\u00e9nis et profiter d&rsquo;une double stimulation in\u00e9gal\u00e9e qui te poussera \u00e0 coup s\u00fbr \u00e0 l&rsquo;orgasme. Le godemich\u00e9 peut \u00e9galement \u00eatre utilis\u00e9 avec des harnais.<\/p>\n<p>Pour profiter au maximum de la queue du Docteur et pour qu&rsquo;elle glisse parfaitement dans ton trou, applique un peu de lubrifiant \u00e0 base d&rsquo;eau. Apr\u00e8s utilisation, lave-le \u00e0 l&rsquo;eau chaude et au savon doux ou avec un nettoyant sp\u00e9cial pour sextoys, puis laisse-le s\u00e9cher compl\u00e8tement \u00e0 l&rsquo;air.<\/p>\n<p><strong>D\u00e9tails du produit :<\/strong><br \/>\n\u2713 Design r\u00e9aliste<br \/>\n\u2713 Ventouse puissante<br \/>\n\u2713 Doux pour le corps et sans phtalates<br \/>\n\u2713 Mat\u00e9riau flexible, confortable et imperm\u00e9able<br \/>\n\u2713 Utilisable avec des harengs<br \/>\n\u2713 Compatible avec les lubrifiants \u00e0 base d&rsquo;eau<br \/>\n\u2713 Facile \u00e0 utiliser et \u00e0 nettoyer<\/p>\n<p>longueur totale : environ 18,5 cm<br \/>\nLongueur d&rsquo;insertion : environ 14 cm<br \/>\nDiam\u00e8tre d&rsquo;insertion : environ 4,5 cm<br \/>\nMat\u00e9riau : TPE<br \/>\nCouleur : Couleur de peau claire<\/p>\n","protected":false},"featured_media":89228,"comment_status":"open","ping_status":"closed","template":"","meta":{"_acf_changed":false,"iawp_total_views":13,"_glsr_average":0,"_glsr_ranking":0,"_glsr_reviews":0},"product_brand":[],"product_cat":[2085,171],"product_tag":[],"class_list":{"0":"post-89231","1":"product","2":"type-product","3":"status-publish","4":"has-post-thumbnail","6":"product_cat-anal-play","7":"product_cat-sex-toys","9":"first","10":"instock","11":"taxable","12":"shipping-taxable","13":"purchasable","14":"product-type-simple"},"acf":[],"_links":{"self":[{"href":"https:\/\/poppers-online.ch\/fr\/wp-json\/wp\/v2\/product\/89231","targetHints":{"allow":["GET"]}}],"collection":[{"href":"https:\/\/poppers-online.ch\/fr\/wp-json\/wp\/v2\/product"}],"about":[{"href":"https:\/\/poppers-online.ch\/fr\/wp-json\/wp\/v2\/types\/product"}],"replies":[{"embeddable":true,"href":"https:\/\/poppers-online.ch\/fr\/wp-json\/wp\/v2\/comments?post=89231"}],"wp:featuredmedia":[{"embeddable":true,"href":"https:\/\/poppers-online.ch\/fr\/wp-json\/wp\/v2\/media\/89228"}],"wp:attachment":[{"href":"https:\/\/poppers-online.ch\/fr\/wp-json\/wp\/v2\/media?parent=89231"}],"wp:term":[{"taxonomy":"product_brand","embeddable":true,"href":"https:\/\/poppers-online.ch\/fr\/wp-json\/wp\/v2\/product_brand?post=89231"},{"taxonomy":"product_cat","embeddable":true,"href":"https:\/\/poppers-online.ch\/fr\/wp-json\/wp\/v2\/product_cat?post=89231"},{"taxonomy":"product_tag","embeddable":true,"href":"https:\/\/poppers-online.ch\/fr\/wp-json\/wp\/v2\/product_tag?post=89231"}],"curies":[{"name":"wp","href":"https:\/\/api.w.org\/{rel}","templated":true}]}}