{"id":89088,"date":"2024-03-11T21:31:16","date_gmt":"2024-03-11T20:31:16","guid":{"rendered":"https:\/\/poppers-online.ch\/?post_type=product&#038;p=89088"},"modified":"2025-08-18T10:13:50","modified_gmt":"2025-08-18T08:13:50","slug":"holder-zuerich-poppers-24ml-combo-zuerich-poppers-24ml-avec-xtrm-holder-plat-bleu","status":"publish","type":"product","link":"https:\/\/poppers-online.ch\/fr\/produit\/holder-zuerich-poppers-24ml-combo-zuerich-poppers-24ml-avec-xtrm-holder-plat-bleu\/","title":{"rendered":"Holder Z\u00fcrich Poppers 24ml Combo ! Z\u00fcrich Poppers 24ml avec XTRM Holder plat bleu"},"content":{"rendered":"","protected":false},"excerpt":{"rendered":"<p>Holder Z\u00fcrich Poppers 24ml Combo ! Z\u00fcrich Poppers 24ml et <span style=\"font-weight: 400;\">XTRM Holder plat bleu<\/span> pour un maximum de stabilit\u00e9 dans toutes les situations \u00e0 un prix forfaitaire. <a href=\"https:\/\/poppers-online.ch\/fr\/produit\/zuerich-poppers-24ml\/\"><strong>Z\u00fcrich 24ml Poppers<\/strong><\/a> est fabriqu\u00e9 \u00e0 base de nitrite de pentyle et de force 6. Nous avons rassembl\u00e9 pour toi le XTRM Holder correspondant dans un combo. <\/p>\n<p><span style=\"font-weight: 400;\">Avec le XTRM Holder plat, tu n\u2019as plus \u00e0 te soucier des flacons de poppers qui se renversent. Le XTRM Holder offre un maximum de stabilit\u00e9 et a \u00e9t\u00e9 sp\u00e9cialement con\u00e7u pour que le flacon de poppers reste stable dans toutes les situations, m\u00eame sans bouchon. Tu peux m\u00eame laisser le holder attach\u00e9 au flacon pendant que tu sniffe et tu n\u2019as pas \u00e0 te soucier ensuite des flacons qui tombent. Le XTRM Holder plat n\u2019est pas seulement ultra-pratique, il est aussi m\u00e9ga-stylis\u00e9 et disponible en 5 couleurs diff\u00e9rentes pour les 4 formes de flacons.    <\/span><\/p>\n","protected":false},"featured_media":89990,"comment_status":"open","ping_status":"closed","template":"","meta":{"_acf_changed":false,"iawp_total_views":7,"_glsr_average":0,"_glsr_ranking":0,"_glsr_reviews":0},"product_brand":[],"product_cat":[1046,76,77,149,1305],"product_tag":[],"class_list":{"0":"post-89088","1":"product","2":"type-product","3":"status-publish","4":"has-post-thumbnail","6":"product_cat-poppers","7":"product_cat-paquets-economiques","8":"product_cat-grands-flacons","9":"product_cat-accessoires-poppers","10":"product_cat-holders","11":"pa_flaschenform-ovale","12":"pa_gewindegroesse-small","13":"pa_inhalt-combo","14":"pa_inhalt-24ml","15":"pa_inhaltsstoffe-nitrite-de-pentyle","16":"pa_marke-edition-oxy","17":"pa_staerke-91","19":"first","20":"instock","21":"sale","22":"taxable","23":"shipping-taxable","24":"purchasable","25":"product-type-simple"},"acf":[],"_links":{"self":[{"href":"https:\/\/poppers-online.ch\/fr\/wp-json\/wp\/v2\/product\/89088","targetHints":{"allow":["GET"]}}],"collection":[{"href":"https:\/\/poppers-online.ch\/fr\/wp-json\/wp\/v2\/product"}],"about":[{"href":"https:\/\/poppers-online.ch\/fr\/wp-json\/wp\/v2\/types\/product"}],"replies":[{"embeddable":true,"href":"https:\/\/poppers-online.ch\/fr\/wp-json\/wp\/v2\/comments?post=89088"}],"wp:featuredmedia":[{"embeddable":true,"href":"https:\/\/poppers-online.ch\/fr\/wp-json\/wp\/v2\/media\/89990"}],"wp:attachment":[{"href":"https:\/\/poppers-online.ch\/fr\/wp-json\/wp\/v2\/media?parent=89088"}],"wp:term":[{"taxonomy":"product_brand","embeddable":true,"href":"https:\/\/poppers-online.ch\/fr\/wp-json\/wp\/v2\/product_brand?post=89088"},{"taxonomy":"product_cat","embeddable":true,"href":"https:\/\/poppers-online.ch\/fr\/wp-json\/wp\/v2\/product_cat?post=89088"},{"taxonomy":"product_tag","embeddable":true,"href":"https:\/\/poppers-online.ch\/fr\/wp-json\/wp\/v2\/product_tag?post=89088"}],"curies":[{"name":"wp","href":"https:\/\/api.w.org\/{rel}","templated":true}]}}