{"id":89084,"date":"2024-03-11T21:01:46","date_gmt":"2024-03-11T20:01:46","guid":{"rendered":"https:\/\/poppers-online.ch\/?post_type=product&#038;p=89084"},"modified":"2025-08-18T10:18:07","modified_gmt":"2025-08-18T08:18:07","slug":"stopper-zuerich-poppers-24ml-combo-zuerich-poppers-24ml-avec-xtrm-x-stopper-haut-noir","status":"publish","type":"product","link":"https:\/\/poppers-online.ch\/fr\/produit\/stopper-zuerich-poppers-24ml-combo-zuerich-poppers-24ml-avec-xtrm-x-stopper-haut-noir\/","title":{"rendered":"Stopper Zurich Poppers 24ml Combo ! Z\u00fcrich Poppers 24ml avec XTRM X-Stopper haut noir"},"content":{"rendered":"","protected":false},"excerpt":{"rendered":"<p>Stopper Z\u00fcrich Poppers 24ml Combo : Z\u00fcrich Poppers 24ml et <span style=\"font-weight: 400;\">XTRM X-Stopper haut noir <\/span>pour une conservation s\u00fbre des poppers au prix d\u2019un paquet. <a href=\"https:\/\/poppers-online.ch\/fr\/produit\/zuerich-poppers-24ml\"><strong>Z\u00fcrich 24ml Poppers<\/strong><\/a> est fabriqu\u00e9 \u00e0 base de nitrite de pentyle et d\u2019intensit\u00e9 6. Nous avons rassembl\u00e9 pour toi le XTRM X-Stopper correspondant dans un combo. <\/p>\n<p><span style=\"font-weight: 400;\">Avec le X-Stopper XTRM sur\u00e9lev\u00e9, tu n\u2019auras plus jamais \u00e0 t\u2019inqui\u00e9ter que tes flacons de poppers se renversent ou se renversent lors de leur stockage. Il suffit de placer le flacon de poppers dans le X-Stopper avant de le ranger dans ton armoire ou ton tiroir. Tu peux \u00eatre s\u00fbr que les flacons ne tomberont plus. Le X-Stopper de XTRM est disponible en 5 couleurs diff\u00e9rentes et pour les 4 formes de flacon.   <\/span><\/p>\n","protected":false},"featured_media":89986,"comment_status":"open","ping_status":"closed","template":"","meta":{"_acf_changed":false,"iawp_total_views":3,"_glsr_average":0,"_glsr_ranking":0,"_glsr_reviews":0},"product_brand":[],"product_cat":[1046,76,77,149,1297],"product_tag":[],"class_list":{"0":"post-89084","1":"product","2":"type-product","3":"status-publish","4":"has-post-thumbnail","6":"product_cat-poppers","7":"product_cat-paquets-economiques","8":"product_cat-grands-flacons","9":"product_cat-accessoires-poppers","10":"product_cat-deopts-de-rangement","11":"pa_flaschenform-ovale","12":"pa_gewindegroesse-small","13":"pa_inhalt-combo","14":"pa_inhalt-24ml","15":"pa_inhaltsstoffe-nitrite-de-pentyle","16":"pa_marke-edition-oxy","17":"pa_staerke-91","19":"first","20":"instock","21":"sale","22":"taxable","23":"shipping-taxable","24":"purchasable","25":"product-type-simple"},"acf":[],"_links":{"self":[{"href":"https:\/\/poppers-online.ch\/fr\/wp-json\/wp\/v2\/product\/89084","targetHints":{"allow":["GET"]}}],"collection":[{"href":"https:\/\/poppers-online.ch\/fr\/wp-json\/wp\/v2\/product"}],"about":[{"href":"https:\/\/poppers-online.ch\/fr\/wp-json\/wp\/v2\/types\/product"}],"replies":[{"embeddable":true,"href":"https:\/\/poppers-online.ch\/fr\/wp-json\/wp\/v2\/comments?post=89084"}],"wp:featuredmedia":[{"embeddable":true,"href":"https:\/\/poppers-online.ch\/fr\/wp-json\/wp\/v2\/media\/89986"}],"wp:attachment":[{"href":"https:\/\/poppers-online.ch\/fr\/wp-json\/wp\/v2\/media?parent=89084"}],"wp:term":[{"taxonomy":"product_brand","embeddable":true,"href":"https:\/\/poppers-online.ch\/fr\/wp-json\/wp\/v2\/product_brand?post=89084"},{"taxonomy":"product_cat","embeddable":true,"href":"https:\/\/poppers-online.ch\/fr\/wp-json\/wp\/v2\/product_cat?post=89084"},{"taxonomy":"product_tag","embeddable":true,"href":"https:\/\/poppers-online.ch\/fr\/wp-json\/wp\/v2\/product_tag?post=89084"}],"curies":[{"name":"wp","href":"https:\/\/api.w.org\/{rel}","templated":true}]}}