{"id":89074,"date":"2024-03-11T20:17:00","date_gmt":"2024-03-11T19:17:00","guid":{"rendered":"https:\/\/poppers-online.ch\/?post_type=product&#038;p=89074"},"modified":"2025-01-22T19:12:25","modified_gmt":"2025-01-22T18:12:25","slug":"xtrm-holder-plat-bleu-pour-flacons-de-24ml","status":"publish","type":"product","link":"https:\/\/poppers-online.ch\/fr\/produit\/xtrm-holder-plat-bleu-pour-flacons-de-24ml\/","title":{"rendered":"XTRM Holder plat bleu &#8211; pour flacons de 24ml"},"content":{"rendered":"","protected":false},"excerpt":{"rendered":"<p>Avec le XTRM Holder plat, tu n&rsquo;as plus \u00e0 te soucier des bouteilles de poppers qui se renversent. Le XTRM Holder offre un maximum de stabilit\u00e9 et a \u00e9t\u00e9 sp\u00e9cialement con\u00e7u pour que la bouteille de poppers reste stable dans toutes les situations, m\u00eame sans bouchon. Tu peux m\u00eame laisser le holder attach\u00e9 \u00e0 la bouteille pendant que tu sniffes et tu n&rsquo;as pas \u00e0 te soucier ensuite des bouteilles qui tombent. Le XTRM Holder plat n&rsquo;est pas seulement ultra-pratique, il est aussi m\u00e9ga-stylis\u00e9 et disponible en 5 couleurs diff\u00e9rentes pour les 4 formes de bouteilles.<\/p>\n","protected":false},"featured_media":90002,"comment_status":"open","ping_status":"closed","template":"","meta":{"_acf_changed":false,"iawp_total_views":3,"_glsr_average":0,"_glsr_ranking":0,"_glsr_reviews":0},"product_brand":[],"product_cat":[149,1297],"product_tag":[1364],"class_list":{"0":"post-89074","1":"product","2":"type-product","3":"status-publish","4":"has-post-thumbnail","6":"product_cat-accessoires-poppers","7":"product_cat-deopts-de-rangement","8":"product_tag-poppers-rangement-depot-pour-2-flacons-rouge-fr","10":"first","11":"instock","12":"taxable","13":"shipping-taxable","14":"purchasable","15":"product-type-simple"},"acf":[],"_links":{"self":[{"href":"https:\/\/poppers-online.ch\/fr\/wp-json\/wp\/v2\/product\/89074","targetHints":{"allow":["GET"]}}],"collection":[{"href":"https:\/\/poppers-online.ch\/fr\/wp-json\/wp\/v2\/product"}],"about":[{"href":"https:\/\/poppers-online.ch\/fr\/wp-json\/wp\/v2\/types\/product"}],"replies":[{"embeddable":true,"href":"https:\/\/poppers-online.ch\/fr\/wp-json\/wp\/v2\/comments?post=89074"}],"wp:featuredmedia":[{"embeddable":true,"href":"https:\/\/poppers-online.ch\/fr\/wp-json\/wp\/v2\/media\/90002"}],"wp:attachment":[{"href":"https:\/\/poppers-online.ch\/fr\/wp-json\/wp\/v2\/media?parent=89074"}],"wp:term":[{"taxonomy":"product_brand","embeddable":true,"href":"https:\/\/poppers-online.ch\/fr\/wp-json\/wp\/v2\/product_brand?post=89074"},{"taxonomy":"product_cat","embeddable":true,"href":"https:\/\/poppers-online.ch\/fr\/wp-json\/wp\/v2\/product_cat?post=89074"},{"taxonomy":"product_tag","embeddable":true,"href":"https:\/\/poppers-online.ch\/fr\/wp-json\/wp\/v2\/product_tag?post=89074"}],"curies":[{"name":"wp","href":"https:\/\/api.w.org\/{rel}","templated":true}]}}