{"id":87025,"date":"2024-02-14T12:21:36","date_gmt":"2024-02-14T11:22:42","guid":{"rendered":"https:\/\/poppers-online.ch\/produkt\/godemiche-anal-centaur-de-hankeys-toys\/"},"modified":"2025-06-10T23:53:53","modified_gmt":"2025-06-10T21:53:53","slug":"godemiche-anal-centaur-de-hankeys-toys","status":"publish","type":"product","link":"https:\/\/poppers-online.ch\/fr\/produit\/godemiche-anal-centaur-de-hankeys-toys\/","title":{"rendered":"Godemich\u00e9 anal CENTAUR de Hankey&rsquo;s Toys"},"content":{"rendered":"","protected":false},"excerpt":{"rendered":"<p><span style=\"font-weight: 400;\">C&rsquo;est CENTAUR, l&rsquo;homme \u00e0 la queue de cheval. Un gland qui n&rsquo;est pas trop grand, une tige \u00e0 la structure r\u00e9aliste qui se r\u00e9tr\u00e9cit lentement jusqu&rsquo;\u00e0 l&rsquo;anneau du pr\u00e9puce et s&rsquo;ouvre ensuite largement jusqu&rsquo;\u00e0 la base. Un grand jouet sexuel pour les jeux en profondeur et en largeur. Monte pour la chevauch\u00e9e de ta vie ! Le ma\u00eetre designer de Hankey&rsquo;s Toys s&rsquo;est surpass\u00e9 pour t&rsquo;offrir la meilleure queue de cheval que tu puisses acheter. La texture du CENTAUR est lisse et l\u00e9g\u00e8re.  <\/span><\/p>\n<p><span style=\"font-weight: 400;\">Hankey&rsquo;s Toys produit des godemich\u00e9s tr\u00e8s r\u00e9alistes aux dimensions disproportionn\u00e9es pour le plaisir sans limite des amateurs et des experts. De nombreux mod\u00e8les sont l&rsquo;image d&rsquo;un acteur porno tr\u00e8s bien \u00e9quip\u00e9 dans des dimensions extraordinaires. Tous les jouets Hankey&rsquo;s Toys sont fabriqu\u00e9s \u00e0 la main \u00e0 partir de silicone de haute qualit\u00e9 durci au platine. Les godemich\u00e9s de la marque culte Hankey&rsquo;s Toys sont \u00e0 la fois massifs, lourds et incroyablement grands. Pour nous, les plus grands godemich\u00e9s anaux du monde jusqu&rsquo;\u00e0 pr\u00e9sent !<\/span><\/p>\n<p><b>CENTAUR &#8211; S<br \/>\n<\/b><span style=\"font-weight: 400;\">circonf\u00e9rence \u00e0 la t\u00eate : 13,9cm<br \/>\n<\/span><span style=\"font-weight: 400;\">Circonf\u00e9rence au milieu : 14,6cm<br \/>\n<\/span><span style=\"font-weight: 400;\">Circonf\u00e9rence \u00e0 la base : 21,5cm<br \/>\n<\/span><span style=\"font-weight: 400;\">Longueur totale : 27,0cm<br \/>\n<\/span><span style=\"font-weight: 400;\">Longueur ins\u00e9rable : 24,7cm<br \/>\n<\/span><span style=\"font-weight: 400;\">Taille de l&rsquo;anneau Strap-On : 6,3cm<\/span><\/p>\n<p><b>CENTAUR &#8211; M<br \/>\n<\/b><span style=\"font-weight: 400;\">circonf\u00e9rence \u00e0 la t\u00eate : 16,5cm<br \/>\n<\/span><span style=\"font-weight: 400;\">Circonf\u00e9rence au milieu : 17,1cm<br \/>\n<\/span><span style=\"font-weight: 400;\">circonf\u00e9rence \u00e0 la base : 24,1cm<br \/>\n<\/span><span style=\"font-weight: 400;\">Longueur totale : 30,0cm<br \/>\n<\/span><span style=\"font-weight: 400;\">Longueur ins\u00e9rable : 27,9cm<br \/>\n<\/span><span style=\"font-weight: 400;\">Taille de l&rsquo;anneau Strap-On : 6,3cm<\/span><\/p>\n<p><b>CENTAUR &#8211; L<br \/>\n<\/b><span style=\"font-weight: 400;\">circonf\u00e9rence \u00e0 la t\u00eate : 19,0cm<br \/>\n<\/span><span style=\"font-weight: 400;\">Circonf\u00e9rence au milieu : 19,7cm<br \/>\n<\/span><span style=\"font-weight: 400;\">Circonf\u00e9rence \u00e0 la base : 26,5cm<br \/>\n<\/span><span style=\"font-weight: 400;\">Longueur totale : 34,0cm<br \/>\n<\/span><span style=\"font-weight: 400;\">Longueur ins\u00e9rable : 32,3m<br \/>\n<\/span><span style=\"font-weight: 400;\">Taille du Strap-On-Ring : &#8211;<\/span><\/p>\n<p><b>CENTAUR &#8211; XXL<br \/>\n<\/b><span style=\"font-weight: 400;\">circonf\u00e9rence \u00e0 la t\u00eate : 22,2cm<br \/>\n<\/span><span style=\"font-weight: 400;\">Circonf\u00e9rence au milieu : 22,8cm<br \/>\n<\/span><span style=\"font-weight: 400;\">Circonf\u00e9rence \u00e0 la base : 26,6cm<br \/>\n<\/span><span style=\"font-weight: 400;\">Longueur totale : 40,0cm<br \/>\n<\/span><span style=\"font-weight: 400;\">Longueur ins\u00e9rable : 37,4cm<br \/>\n<\/span><span style=\"font-weight: 400;\">Taille de l&rsquo;anneau Strap-On : &#8211;<\/span><\/p>\n","protected":false},"featured_media":87005,"comment_status":"open","ping_status":"closed","template":"","meta":{"_acf_changed":false,"iawp_total_views":20,"_glsr_average":0,"_glsr_ranking":0,"_glsr_reviews":0},"product_brand":[],"product_cat":[2085,171],"product_tag":[1983],"class_list":{"0":"post-87025","1":"product","2":"type-product","3":"status-publish","4":"has-post-thumbnail","6":"product_cat-anal-play","7":"product_cat-sex-toys","8":"product_tag-godemiche-anal-centaur-de-hankeys-toys","10":"first","11":"instock","12":"sale","13":"taxable","14":"shipping-taxable","15":"purchasable","16":"product-type-variable","17":"has-default-attributes"},"acf":[],"_links":{"self":[{"href":"https:\/\/poppers-online.ch\/fr\/wp-json\/wp\/v2\/product\/87025","targetHints":{"allow":["GET"]}}],"collection":[{"href":"https:\/\/poppers-online.ch\/fr\/wp-json\/wp\/v2\/product"}],"about":[{"href":"https:\/\/poppers-online.ch\/fr\/wp-json\/wp\/v2\/types\/product"}],"replies":[{"embeddable":true,"href":"https:\/\/poppers-online.ch\/fr\/wp-json\/wp\/v2\/comments?post=87025"}],"wp:featuredmedia":[{"embeddable":true,"href":"https:\/\/poppers-online.ch\/fr\/wp-json\/wp\/v2\/media\/87005"}],"wp:attachment":[{"href":"https:\/\/poppers-online.ch\/fr\/wp-json\/wp\/v2\/media?parent=87025"}],"wp:term":[{"taxonomy":"product_brand","embeddable":true,"href":"https:\/\/poppers-online.ch\/fr\/wp-json\/wp\/v2\/product_brand?post=87025"},{"taxonomy":"product_cat","embeddable":true,"href":"https:\/\/poppers-online.ch\/fr\/wp-json\/wp\/v2\/product_cat?post=87025"},{"taxonomy":"product_tag","embeddable":true,"href":"https:\/\/poppers-online.ch\/fr\/wp-json\/wp\/v2\/product_tag?post=87025"}],"curies":[{"name":"wp","href":"https:\/\/api.w.org\/{rel}","templated":true}]}}