{"id":86591,"date":"2024-02-07T13:17:09","date_gmt":"2024-02-07T12:17:09","guid":{"rendered":"https:\/\/poppers-online.ch\/produkt\/hankeys-toys-topher-michels-gode-anal\/"},"modified":"2024-02-07T13:18:21","modified_gmt":"2024-02-07T12:18:21","slug":"hankeys-toys-topher-michels-gode-anal","status":"publish","type":"product","link":"https:\/\/poppers-online.ch\/fr\/produit\/hankeys-toys-topher-michels-gode-anal\/","title":{"rendered":"Hankey&rsquo;s Toys TOPHER MICHELS Gode anal"},"content":{"rendered":"","protected":false},"excerpt":{"rendered":"<p><span style=\"font-weight: 400;\">Cette forme ultra-r\u00e9aliste de la star du porno Topher Michels est aussi proche de la r\u00e9alit\u00e9 qu&rsquo;il est possible de l&rsquo;\u00eatre ! Ce moule r\u00e9aliste est impeccable et reproduit chaque d\u00e9tail de la queue de Topher Michels dans les moindres d\u00e9tails, de mani\u00e8re lisse et avec les veines ! Emm\u00e8ne la star du porno Topher Michels chez toi ce soir !<\/span><\/p>\n<p><span style=\"font-weight: 400;\">Hankey&rsquo;s Toys produit des godemich\u00e9s tr\u00e8s r\u00e9alistes aux dimensions disproportionn\u00e9es pour le plaisir sans limite des amateurs et des experts. De nombreux mod\u00e8les sont l&rsquo;image d&rsquo;un acteur porno tr\u00e8s bien \u00e9quip\u00e9 dans des dimensions extraordinaires. Tous les jouets Hankey&rsquo;s Toys sont fabriqu\u00e9s \u00e0 la main \u00e0 partir de silicone de haute qualit\u00e9 durci au platine. Les godemich\u00e9s de la marque culte Hankey&rsquo;s Toys sont \u00e0 la fois massifs, lourds et incroyablement grands. Pour nous, les plus grands godemich\u00e9s anaux du monde jusqu&rsquo;\u00e0 pr\u00e9sent !<\/span><\/p>\n<p><b>TOPHER MICHELS &#8211; ORIGINAL<br \/>\n<\/b><span style=\"font-weight: 400;\">circonf\u00e9rence \u00e0 la t\u00eate : 12,7cm<br \/>\n<\/span><span style=\"font-weight: 400;\">Circonf\u00e9rence \u00e0 la base : 14,2cm<br \/>\n<\/span><span style=\"font-weight: 400;\">circonf\u00e9rence \u00e0 la base : 15,2cm<br \/>\n<\/span><span style=\"font-weight: 400;\">Longueur totale : 16,0cm<br \/>\n<\/span><span style=\"font-weight: 400;\">Longueur ins\u00e9rable : 12,4cm<br \/>\n<\/span><span style=\"font-weight: 400;\">Taille du Strap-On-Ring : &#8211;<\/span><\/p>\n<p><b>TOPHER MICHELS &#8211; M<br \/>\n<\/b><span style=\"font-weight: 400;\">circonf\u00e9rence \u00e0 la t\u00eate : 17,1cm<br \/>\n<\/span><span style=\"font-weight: 400;\">circonf\u00e9rence au milieu : 19,6cm<br \/>\n<\/span><span style=\"font-weight: 400;\">circonf\u00e9rence \u00e0 la base : 21,5cm<br \/>\n<\/span><span style=\"font-weight: 400;\">Longueur totale : 21,0cm<br \/>\n<\/span><span style=\"font-weight: 400;\">Longueur ins\u00e9rable : 17,1cm<br \/>\n<\/span><span style=\"font-weight: 400;\">Taille de l&rsquo;anneau Strap-On : 6,3cm<\/span><\/p>\n<p><b>TOPHER MICHELS &#8211; L\/XL<br \/>\n<\/b><span style=\"font-weight: 400;\">circonf\u00e9rence \u00e0 la t\u00eate : 21,5cm<br \/>\n<\/span><span style=\"font-weight: 400;\">circonf\u00e9rence au milieu : 24,7cm<br \/>\n<\/span><span style=\"font-weight: 400;\">circonf\u00e9rence \u00e0 la base : 28,5cm<br \/>\n<\/span><span style=\"font-weight: 400;\">Longueur totale : 27,0cm<br \/>\n<\/span><span style=\"font-weight: 400;\">Longueur ins\u00e9rable : 21,8cm<br \/>\n<\/span><span style=\"font-weight: 400;\">Taille de l&rsquo;anneau Strap-On : 7,6cm<\/span><\/p>\n<p><b>TOPHER MICHELS &#8211; XXXL<br \/>\n<\/b><span style=\"font-weight: 400;\">circonf\u00e9rence \u00e0 la t\u00eate : 26,6cm<br \/>\n<\/span><span style=\"font-weight: 400;\">Circonf\u00e9rence au milieu : 30,4cm<br \/>\n<\/span><span style=\"font-weight: 400;\">circonf\u00e9rence \u00e0 la base : 33,6cm<br \/>\n<\/span><span style=\"font-weight: 400;\">Longueur totale : 33,0cm<br \/>\n<\/span><span style=\"font-weight: 400;\">Longueur ins\u00e9rable : 26,0cm<br \/>\n<\/span><span style=\"font-weight: 400;\">Taille de l&rsquo;anneau Strap-On : &#8211;<\/span><\/p>\n","protected":false},"featured_media":86568,"comment_status":"closed","ping_status":"closed","template":"","meta":{"_acf_changed":false,"iawp_total_views":47,"_glsr_average":0,"_glsr_ranking":0,"_glsr_reviews":0},"product_brand":[],"product_cat":[2085,171],"product_tag":[1979],"class_list":{"0":"post-86591","1":"product","2":"type-product","3":"status-publish","4":"has-post-thumbnail","6":"product_cat-anal-play","7":"product_cat-sex-toys","8":"product_tag-hankeys-toys-topher-michels-gode-anal","10":"first","11":"instock","12":"sale","13":"taxable","14":"shipping-taxable","15":"purchasable","16":"product-type-variable","17":"has-default-attributes"},"acf":[],"_links":{"self":[{"href":"https:\/\/poppers-online.ch\/fr\/wp-json\/wp\/v2\/product\/86591","targetHints":{"allow":["GET"]}}],"collection":[{"href":"https:\/\/poppers-online.ch\/fr\/wp-json\/wp\/v2\/product"}],"about":[{"href":"https:\/\/poppers-online.ch\/fr\/wp-json\/wp\/v2\/types\/product"}],"replies":[{"embeddable":true,"href":"https:\/\/poppers-online.ch\/fr\/wp-json\/wp\/v2\/comments?post=86591"}],"wp:featuredmedia":[{"embeddable":true,"href":"https:\/\/poppers-online.ch\/fr\/wp-json\/wp\/v2\/media\/86568"}],"wp:attachment":[{"href":"https:\/\/poppers-online.ch\/fr\/wp-json\/wp\/v2\/media?parent=86591"}],"wp:term":[{"taxonomy":"product_brand","embeddable":true,"href":"https:\/\/poppers-online.ch\/fr\/wp-json\/wp\/v2\/product_brand?post=86591"},{"taxonomy":"product_cat","embeddable":true,"href":"https:\/\/poppers-online.ch\/fr\/wp-json\/wp\/v2\/product_cat?post=86591"},{"taxonomy":"product_tag","embeddable":true,"href":"https:\/\/poppers-online.ch\/fr\/wp-json\/wp\/v2\/product_tag?post=86591"}],"curies":[{"name":"wp","href":"https:\/\/api.w.org\/{rel}","templated":true}]}}