{"id":86317,"date":"2024-02-05T15:33:37","date_gmt":"2024-02-05T14:59:02","guid":{"rendered":"https:\/\/poppers-online.ch\/produkt\/xtrm-blubber-poppers-controller-rouge-avec-flacon-de-100ml\/"},"modified":"2025-09-28T13:42:55","modified_gmt":"2025-09-28T11:42:55","slug":"xtrm-blubber-poppers-controller-rouge-avec-flacon-de-100ml","status":"publish","type":"product","link":"https:\/\/poppers-online.ch\/fr\/produit\/xtrm-blubber-poppers-controller-rouge-avec-flacon-de-100ml\/","title":{"rendered":"XTRM BLUBBER POPPERS CONTROLLER ROUGE avec flacon de 100ml"},"content":{"rendered":"","protected":false},"excerpt":{"rendered":"<p><span style=\"font-weight: 400\">Avec <strong>XTRM BLUBBER POPPERS CONTROLLER ROUGE avec bouteille de 100ml<\/strong>, tu peux contr\u00f4ler le flux d&rsquo;air avec un simple bouton rotatif pour toi ou ton slave ou subboy. Tu connectes le d\u00e9tendeur \u00e0 la bouteille en aluminium fournie et au tuyau de ton masque \u00e0 gaz ou directement au masque \u00e0 gaz. Avec le BLUBBER POPPERS CONTROLLER de XTRM, fais passer ton exp\u00e9rience Kinky \u00e0 un niveau sup\u00e9rieur.<\/span><\/p>\n<p>&nbsp;<\/p>\n<p><span style=\"font-weight: 400\">Le r\u00e9gulateur s&rsquo;adapte \u00e0 tous les masques \u00e0 gaz et tuyaux standard avec filetage DIN EN-148-1 (GP5). Ce produit est r\u00e9serv\u00e9 aux utilisateurs exp\u00e9riment\u00e9s de poppers et ne doit pas \u00eatre utilis\u00e9 en position allong\u00e9e.<\/span><\/p>\n<p>&nbsp;<\/p>\n<p><strong>Contenu de la livraison :<\/strong><\/p>\n<ul>\n<li style=\"font-weight: 400\"><span style=\"font-weight: 400\">Flacon en aluminium incassable 100 ml<\/span><\/li>\n<li style=\"font-weight: 400\"><span style=\"font-weight: 400\">R\u00e9gulateur en rouge, hauteur 55 mm<\/span><\/li>\n<li style=\"font-weight: 400\"><span style=\"font-weight: 400\">Couvercle de fermeture de la bouteille en aluminium pour le stockage<\/span><\/li>\n<li style=\"font-weight: 400\"><span style=\"font-weight: 400\">Sacs de rangement XTRM<\/span><\/li>\n<\/ul>\n","protected":false},"featured_media":86311,"comment_status":"open","ping_status":"closed","template":"","meta":{"_acf_changed":false,"iawp_total_views":7,"_glsr_average":0,"_glsr_ranking":0,"_glsr_reviews":0},"product_brand":[],"product_cat":[149,1303],"product_tag":[1974],"class_list":{"0":"post-86317","1":"product","2":"type-product","3":"status-publish","4":"has-post-thumbnail","6":"product_cat-accessoires-poppers","7":"product_cat-booster-caps","8":"product_tag-xtrm-blubber-poppers-controller-rouge-avec-flacon-de-100ml","9":"pa_inhaler-produkttyp-single","11":"first","12":"instock","13":"taxable","14":"shipping-taxable","15":"purchasable","16":"product-type-simple"},"acf":[],"_links":{"self":[{"href":"https:\/\/poppers-online.ch\/fr\/wp-json\/wp\/v2\/product\/86317","targetHints":{"allow":["GET"]}}],"collection":[{"href":"https:\/\/poppers-online.ch\/fr\/wp-json\/wp\/v2\/product"}],"about":[{"href":"https:\/\/poppers-online.ch\/fr\/wp-json\/wp\/v2\/types\/product"}],"replies":[{"embeddable":true,"href":"https:\/\/poppers-online.ch\/fr\/wp-json\/wp\/v2\/comments?post=86317"}],"wp:featuredmedia":[{"embeddable":true,"href":"https:\/\/poppers-online.ch\/fr\/wp-json\/wp\/v2\/media\/86311"}],"wp:attachment":[{"href":"https:\/\/poppers-online.ch\/fr\/wp-json\/wp\/v2\/media?parent=86317"}],"wp:term":[{"taxonomy":"product_brand","embeddable":true,"href":"https:\/\/poppers-online.ch\/fr\/wp-json\/wp\/v2\/product_brand?post=86317"},{"taxonomy":"product_cat","embeddable":true,"href":"https:\/\/poppers-online.ch\/fr\/wp-json\/wp\/v2\/product_cat?post=86317"},{"taxonomy":"product_tag","embeddable":true,"href":"https:\/\/poppers-online.ch\/fr\/wp-json\/wp\/v2\/product_tag?post=86317"}],"curies":[{"name":"wp","href":"https:\/\/api.w.org\/{rel}","templated":true}]}}