{"id":86314,"date":"2024-02-05T15:08:33","date_gmt":"2024-02-05T14:58:08","guid":{"rendered":"https:\/\/poppers-online.ch\/produkt\/xtrm-desk-power-poppers-station-noir-rouge\/"},"modified":"2024-02-05T15:58:08","modified_gmt":"2024-02-05T14:58:08","slug":"xtrm-desk-power-poppers-station-noir-rouge","status":"publish","type":"product","link":"https:\/\/poppers-online.ch\/fr\/produit\/xtrm-desk-power-poppers-station-noir-rouge\/","title":{"rendered":"XTRM DESK POWER POPPERS STATION &#8211; Noir-Rouge"},"content":{"rendered":"","protected":false},"excerpt":{"rendered":"<p><span style=\"font-weight: 400\"><strong>La XTRM DESK POWER POPPERS STATION &#8211; Noir-Rouge<\/strong> Desk System est le pivot de ton exp\u00e9rience poppers et, gr\u00e2ce \u00e0 son design sympa, elle attire l&rsquo;attention sur ton pupitre ou dans ta salle de jeux.<\/span><\/p>\n<p>&nbsp;<\/p>\n<p><span style=\"font-weight: 400\">La canette en aluminium de 60 ml avec un couvercle de fermeture s\u00fbr en aluminium noir brillant est ta source d&rsquo;\u00e9nergie. Elle est stable dans le Desk System et offre la solution de rangement parfaite pour ton poppers avec les sticks de coton.  <\/span><\/p>\n<p>&nbsp;<\/p>\n<p><span style=\"font-weight: 400\">Le r\u00e9cipient pour b\u00e2tonnets d&rsquo;ouate est d\u00e9j\u00e0 garni de 9 b\u00e2tonnets d&rsquo;ouate qui absorbent ton poppers de mani\u00e8re optimale et trouvent bien leur place dans la bo\u00eete en aluminium. Tu peux acheter d&rsquo;autres b\u00e2tonnets d&rsquo;ouate dans notre boutique.<\/span><\/p>\n<p>&nbsp;<\/p>\n<p><span style=\"font-weight: 400\">Gr\u00e2ce \u00e0 son canal g\u00e9n\u00e9reux, le XXL BIEST POWER SNFFR t&rsquo;offre une puissance impressionnante qui mettra \u00e0 genoux m\u00eame les mecs les plus durs.<\/span><\/p>\n","protected":false},"featured_media":86296,"comment_status":"open","ping_status":"closed","template":"","meta":{"_acf_changed":false,"iawp_total_views":12,"_glsr_average":0,"_glsr_ranking":0,"_glsr_reviews":0},"product_brand":[],"product_cat":[149,1303,1305],"product_tag":[1971],"class_list":{"0":"post-86314","1":"product","2":"type-product","3":"status-publish","4":"has-post-thumbnail","6":"product_cat-accessoires-poppers","7":"product_cat-booster-caps","8":"product_cat-holders","9":"product_tag-xtrm-desk-power-poppers-station-noir-rouge","10":"pa_holder-groesse-pour-les-grands-flacons","12":"first","13":"instock","14":"taxable","15":"shipping-taxable","16":"purchasable","17":"product-type-simple"},"acf":[],"_links":{"self":[{"href":"https:\/\/poppers-online.ch\/fr\/wp-json\/wp\/v2\/product\/86314","targetHints":{"allow":["GET"]}}],"collection":[{"href":"https:\/\/poppers-online.ch\/fr\/wp-json\/wp\/v2\/product"}],"about":[{"href":"https:\/\/poppers-online.ch\/fr\/wp-json\/wp\/v2\/types\/product"}],"replies":[{"embeddable":true,"href":"https:\/\/poppers-online.ch\/fr\/wp-json\/wp\/v2\/comments?post=86314"}],"wp:featuredmedia":[{"embeddable":true,"href":"https:\/\/poppers-online.ch\/fr\/wp-json\/wp\/v2\/media\/86296"}],"wp:attachment":[{"href":"https:\/\/poppers-online.ch\/fr\/wp-json\/wp\/v2\/media?parent=86314"}],"wp:term":[{"taxonomy":"product_brand","embeddable":true,"href":"https:\/\/poppers-online.ch\/fr\/wp-json\/wp\/v2\/product_brand?post=86314"},{"taxonomy":"product_cat","embeddable":true,"href":"https:\/\/poppers-online.ch\/fr\/wp-json\/wp\/v2\/product_cat?post=86314"},{"taxonomy":"product_tag","embeddable":true,"href":"https:\/\/poppers-online.ch\/fr\/wp-json\/wp\/v2\/product_tag?post=86314"}],"curies":[{"name":"wp","href":"https:\/\/api.w.org\/{rel}","templated":true}]}}